{"id":1985110,"date":"2023-08-04T16:56:54","date_gmt":"2023-08-04T14:56:54","guid":{"rendered":"https:\/\/de.tilta.com\/shop\/camera-cage-for-red-komodo-x-basic-kit-black\/"},"modified":"2025-12-05T12:41:29","modified_gmt":"2025-12-05T11:41:29","slug":"camera-cage-for-red-komodo-x-basic-kit-black","status":"publish","type":"product","link":"https:\/\/eu.tilta.com\/fr\/shop\/camera-cage-for-red-komodo-x-basic-kit-black\/","title":{"rendered":"Camera Cage for RED KOMODO-X Basic Kit &#8211; Black"},"content":{"rendered":"<div class=\"overview-text\">\n<p><em>Voici le syst\u00e8me de cage de cam\u00e9ra ultime pour la RED Komodo-X. Am\u00e9liorez votre exp\u00e9rience cin\u00e9matographique avec notre cage de cam\u00e9ra de pointe con\u00e7ue exclusivement pour la nouvelle g\u00e9n\u00e9ration de Komodo. <\/em><\/p>\n<p>Con\u00e7u pour prot\u00e9ger votre cam\u00e9ra de cin\u00e9ma compacte, notre syst\u00e8me prot\u00e8ge votre cam\u00e9ra dans une cage compl\u00e8te s\u00e9curis\u00e9e et durable, qui est la base de ce kit.<\/p>\n<p>Con\u00e7ue dans un souci de polyvalence, la cage dispose d&#8217;un grand nombre de points de montage strat\u00e9giques, notamment des rails NATO, un r\u00e9cepteur Cold Shoe, des rosettes Arri et des filetages 1\/4\u2033-20 et 3\/8\u2033-16 avec des points de rep\u00e8re.<\/p>\n<p>Inclus dans la cage compl\u00e8te, notre nouveau support d&#8217;adaptateur d&#8217;objectif utilise une conception sophistiqu\u00e9e bas\u00e9e sur une pince, offrant plusieurs points de contact pour une meilleure stabilit\u00e9.<\/p>\n<p>Cette approche augmente non seulement la s\u00e9curit\u00e9 de vos adaptateurs d&#8217;objectif, tels que notre <a href=\"https:\/\/de.tilta.com\/shop\/tiltaing-canon-rf-mount-to-pl-mount-adapter-with-adjustable-back-focus\/\">adaptateur de monture RF \u00e0 monture PL de Canon<\/a>, mais renforce \u00e9galement votre confiance lorsque vous utilisez des objectifs plus grands.<\/p>\n<p>D\u00e9couvrez un nouveau niveau de commodit\u00e9 gr\u00e2ce \u00e0 notre poign\u00e9e sup\u00e9rieure pliable unique en son genre, qui permet aux utilisateurs de faire pivoter le gros de la poign\u00e9e pour ne pas g\u00eaner l&#8217;acc\u00e8s \u00e0 l&#8217;\u00e9cran sup\u00e9rieur de votre appareil photo.<\/p>\n<p>Cette poign\u00e9e dispose \u00e9galement de plusieurs points de contact avec la cage tout en restant compatible avec le moniteur DSMC3 RED TOUCH 7.0\u2033.<\/p>\n<p>Cette poign\u00e9e offre des points de montage suppl\u00e9mentaires pour des accessoires tels qu&#8217;un autre r\u00e9cepteur de griffe froide, un porte-canne de 15 mm, des filetages 1\/4\u2033-20 et 3\/8\u2033-16 avec des points de positionnement.<\/p>\n<p>Ce kit comprend une poign\u00e9e lat\u00e9rale gauche en bois, sculpt\u00e9e dans du bois de noyer noir et dot\u00e9e d&#8217;une conception ergonomique qui offre un confort maximal lors de l&#8217;utilisation d&#8217;un appareil de forage de diff\u00e9rentes tailles.<\/p>\n<p>La poign\u00e9e bas\u00e9e sur l&#8217;OTAN est \u00e9galement rotative, ce qui permet aux utilisateurs de trouver la position d&#8217;utilisation parfaite et de la repositionner rapidement en cas de besoin.<\/p>\n<p>Le kit est compl\u00e9t\u00e9 par notre plaque de base LWS de 15 mm qui supporte deux tiges de 15 mm et des accessoires \u00e0 base de tiges tels que des syst\u00e8mes de suivi de la mise au point ou des matte boxes.<\/p>\n<p>Cette plaque de base est compatible avec nos queues d&#8217;aronde standard Tilta et peut \u00eatre am\u00e9lior\u00e9e pour supporter des tiges de 19 mm et se monter sur des queues d&#8217;aronde standard Arri gr\u00e2ce \u00e0 notre <a href=\"https:\/\/de.tilta.com\/shop\/19mm-tilta-studio-multi-functional-baseplate-tt-c06-d\/\">plaque de base d&#8217;adaptation 19 mm<\/a>. (facultatif)<\/p>\n<p><em>Augmentez votre potentiel cr\u00e9atif, prot\u00e9gez votre \u00e9quipement et lib\u00e9rez toute l&#8217;\u00e9tendue de votre vision gr\u00e2ce \u00e0 un syst\u00e8me complet qui int\u00e8gre de mani\u00e8re transparente la protection, la polyvalence et l&#8217;innovation.<\/em><\/p>\n<\/div>\n","protected":false},"excerpt":{"rendered":"<p>Voici le syst\u00e8me de cage de cam\u00e9ra ultime pour la RED Komodo-X. Am\u00e9liorez votre exp\u00e9rience cin\u00e9matographique avec notre cage de cam\u00e9ra de pointe con\u00e7ue exclusivement pour la nouvelle g\u00e9n\u00e9ration de Komodo. Con\u00e7u pour prot\u00e9ger votre cam\u00e9ra de cin\u00e9ma compacte, notre [&hellip;]<\/p>\n","protected":false},"featured_media":1985132,"comment_status":"closed","ping_status":"closed","template":"","meta":[],"product_cat":[1768],"product_tag":[],"acf":[],"gallery_images":[1985136,1985138,1985141,1985143,1985145,1985147],"_links":{"self":[{"href":"https:\/\/eu.tilta.com\/fr\/wp-json\/wp\/v2\/product\/1985110"}],"collection":[{"href":"https:\/\/eu.tilta.com\/fr\/wp-json\/wp\/v2\/product"}],"about":[{"href":"https:\/\/eu.tilta.com\/fr\/wp-json\/wp\/v2\/types\/product"}],"replies":[{"embeddable":true,"href":"https:\/\/eu.tilta.com\/fr\/wp-json\/wp\/v2\/comments?post=1985110"}],"wp:featuredmedia":[{"embeddable":true,"href":"https:\/\/eu.tilta.com\/fr\/wp-json\/wp\/v2\/media\/1985132"}],"wp:attachment":[{"href":"https:\/\/eu.tilta.com\/fr\/wp-json\/wp\/v2\/media?parent=1985110"}],"wp:term":[{"taxonomy":"product_cat","embeddable":true,"href":"https:\/\/eu.tilta.com\/fr\/wp-json\/wp\/v2\/product_cat?post=1985110"},{"taxonomy":"product_tag","embeddable":true,"href":"https:\/\/eu.tilta.com\/fr\/wp-json\/wp\/v2\/product_tag?post=1985110"}],"curies":[{"name":"wp","href":"https:\/\/api.w.org\/{rel}","templated":true}]}}