{"id":1985115,"date":"2023-08-17T10:37:39","date_gmt":"2023-08-17T08:37:39","guid":{"rendered":"https:\/\/de.tilta.com\/shop\/full-camera-cage-for-sony-a6700\/"},"modified":"2026-01-12T20:21:02","modified_gmt":"2026-01-12T19:21:02","slug":"full-camera-cage-for-sony-a6700","status":"publish","type":"product","link":"https:\/\/eu.tilta.com\/fr\/shop\/full-camera-cage-for-sony-a6700\/","title":{"rendered":"Full Camera Cage for Sony a6700"},"content":{"rendered":"<p><em>Nous vous pr\u00e9sentons la cage de cam\u00e9ra compl\u00e8te pour Sony a6700, une option fantastique pour \u00e9tendre les fonctionnalit\u00e9s de votre cam\u00e9ra dans un environnement de production vid\u00e9o.  <\/em><\/p>\n<p>Cette cage prot\u00e8ge votre appareil photo et offre de nombreuses options pour le montage d&#8217;accessoires suppl\u00e9mentaires tels que les r\u00e9cepteurs Cold Shoe, le rail NATO et les filetages 1\/4\u2033-20 avec points de rep\u00e8re.<\/p>\n<p>La cage est \u00e9quip\u00e9e d&#8217;une plaque inf\u00e9rieure amovible ARCA-Swiss qui permet des transitions rapides entre les t\u00eates de tr\u00e9pieds et les gimbals comme le <a href=\"https:\/\/de.tilta.com\/product-category\/ecosystem-for-dji-ronin\/\">DJI Ronin RS2 &amp; RS3 Pro<\/a>.<\/p>\n<p>Cette plaque ARCA peut \u00eatre mont\u00e9e sur le c\u00f4t\u00e9 de la cage de la cam\u00e9ra afin de s&#8217;adapter aux configurations de prise de vue horizontales et verticales.<\/p>\n<p>La cage pr\u00e9sente un design s\u00fbr et adapt\u00e9 qui utilise deux points de contact et est compatible avec le Sony ECM-W2BT.<\/p>\n","protected":false},"excerpt":{"rendered":"<p>Nous vous pr\u00e9sentons la cage de cam\u00e9ra compl\u00e8te pour Sony a6700, une option fantastique pour \u00e9tendre les fonctionnalit\u00e9s de votre cam\u00e9ra dans un environnement de production vid\u00e9o. Cette cage prot\u00e8ge votre appareil photo et offre de nombreuses options pour le [&hellip;]<\/p>\n","protected":false},"featured_media":1985127,"comment_status":"closed","ping_status":"closed","template":"","meta":[],"product_cat":[1773],"product_tag":[],"acf":[],"gallery_images":[1948485,1948486,1947405,1947406],"_links":{"self":[{"href":"https:\/\/eu.tilta.com\/fr\/wp-json\/wp\/v2\/product\/1985115"}],"collection":[{"href":"https:\/\/eu.tilta.com\/fr\/wp-json\/wp\/v2\/product"}],"about":[{"href":"https:\/\/eu.tilta.com\/fr\/wp-json\/wp\/v2\/types\/product"}],"replies":[{"embeddable":true,"href":"https:\/\/eu.tilta.com\/fr\/wp-json\/wp\/v2\/comments?post=1985115"}],"wp:featuredmedia":[{"embeddable":true,"href":"https:\/\/eu.tilta.com\/fr\/wp-json\/wp\/v2\/media\/1985127"}],"wp:attachment":[{"href":"https:\/\/eu.tilta.com\/fr\/wp-json\/wp\/v2\/media?parent=1985115"}],"wp:term":[{"taxonomy":"product_cat","embeddable":true,"href":"https:\/\/eu.tilta.com\/fr\/wp-json\/wp\/v2\/product_cat?post=1985115"},{"taxonomy":"product_tag","embeddable":true,"href":"https:\/\/eu.tilta.com\/fr\/wp-json\/wp\/v2\/product_tag?post=1985115"}],"curies":[{"name":"wp","href":"https:\/\/api.w.org\/{rel}","templated":true}]}}