{"id":1985225,"date":"2023-08-04T16:58:45","date_gmt":"2023-08-04T14:58:45","guid":{"rendered":"https:\/\/de.tilta.com\/shop\/camera-cage-for-red-komodo-x-lightweight-kit-black\/"},"modified":"2026-05-07T15:25:37","modified_gmt":"2026-05-07T13:25:37","slug":"camera-cage-for-red-komodo-x-lightweight-kit-black","status":"publish","type":"product","link":"https:\/\/eu.tilta.com\/fr\/shop\/camera-cage-for-red-komodo-x-lightweight-kit-black\/","title":{"rendered":"Camera Cage for RED KOMODO-X Lightweight Kit &#8211; Black"},"content":{"rendered":"<div class=\"overview-text\">\n<p><em>Voici le syst\u00e8me de cage de cam\u00e9ra ultime pour la RED Komodo-X. Am\u00e9liorez votre exp\u00e9rience cin\u00e9matographique avec notre cage de cam\u00e9ra de pointe con\u00e7ue exclusivement pour la nouvelle g\u00e9n\u00e9ration de Komodo.<\/em><\/p>\n<p>Con\u00e7u pour prot\u00e9ger votre cam\u00e9ra de cin\u00e9ma compacte, notre syst\u00e8me prot\u00e8ge votre cam\u00e9ra dans une cage compl\u00e8te s\u00e9curis\u00e9e et durable, qui est la base de ce kit.<\/p>\n<p>Con\u00e7ue dans un souci de polyvalence, la cage dispose d&#8217;un grand nombre de points de montage strat\u00e9giques, notamment des rails NATO, un r\u00e9cepteur Cold Shoe, des rosettes Arri et des filetages 1\/4\u2033-20 et 3\/8\u2033-16 avec des points de rep\u00e8re.<\/p>\n<p>Inclus dans la cage compl\u00e8te, notre nouveau support d&#8217;adaptateur d&#8217;objectif utilise une conception sophistiqu\u00e9e bas\u00e9e sur une pince, offrant plusieurs points de contact pour une meilleure stabilit\u00e9.<\/p>\n<p>Cette approche augmente non seulement la s\u00e9curit\u00e9 de vos adaptateurs d&#8217;objectif, tels que notre <a href=\"https:\/\/de.tilta.com\/shop\/tiltaing-canon-rf-mount-to-pl-mount-adapter-with-adjustable-back-focus\/\">adaptateur de monture RF \u00e0 monture PL de Canon<\/a>, mais renforce \u00e9galement votre confiance lorsque vous utilisez des objectifs plus grands.<\/p>\n<p>Ce kit comprend notre poign\u00e9e sup\u00e9rieure l\u00e9g\u00e8re \u00e0 d\u00e9gagement rapide, qui offre un moyen pratique d&#8217;utiliser et de manipuler votre syst\u00e8me sans ajouter un poids important \u00e0 votre \u00e9quipement.<\/p>\n<p>Cette poign\u00e9e offre des points de montage suppl\u00e9mentaires pour des accessoires tels qu&#8217;un autre r\u00e9cepteur de griffe froide, un porte-canne de 15 mm, des filetages 1\/4\u2033-20 et 3\/8\u2033-16 avec des points de positionnement.<\/p>\n<p>Ce kit comprend \u00e9galement une poign\u00e9e en bois pour le c\u00f4t\u00e9 gauche qui se monte via notre type de fixation VI, compatible avec tous les rails OTAN.<\/p>\n<p><em>Augmentez votre potentiel cr\u00e9atif, prot\u00e9gez votre \u00e9quipement et lib\u00e9rez toute l&#8217;\u00e9tendue de votre vision gr\u00e2ce \u00e0 un syst\u00e8me complet qui int\u00e8gre de mani\u00e8re transparente la protection, la polyvalence et l&#8217;innovation.<\/em><\/p>\n<\/div>\n","protected":false},"excerpt":{"rendered":"<p>Voici le syst\u00e8me de cage de cam\u00e9ra ultime pour la RED Komodo-X. Am\u00e9liorez votre exp\u00e9rience cin\u00e9matographique avec notre cage de cam\u00e9ra de pointe con\u00e7ue exclusivement pour la nouvelle g\u00e9n\u00e9ration de Komodo. Con\u00e7u pour prot\u00e9ger votre cam\u00e9ra de cin\u00e9ma compacte, notre [&hellip;]<\/p>\n","protected":false},"featured_media":1985244,"comment_status":"closed","ping_status":"closed","template":"","meta":[],"product_cat":[1768],"product_tag":[],"acf":[],"gallery_images":[1985245,1985246,1985141,1985143,1985145,1985147],"_links":{"self":[{"href":"https:\/\/eu.tilta.com\/fr\/wp-json\/wp\/v2\/product\/1985225"}],"collection":[{"href":"https:\/\/eu.tilta.com\/fr\/wp-json\/wp\/v2\/product"}],"about":[{"href":"https:\/\/eu.tilta.com\/fr\/wp-json\/wp\/v2\/types\/product"}],"replies":[{"embeddable":true,"href":"https:\/\/eu.tilta.com\/fr\/wp-json\/wp\/v2\/comments?post=1985225"}],"wp:featuredmedia":[{"embeddable":true,"href":"https:\/\/eu.tilta.com\/fr\/wp-json\/wp\/v2\/media\/1985244"}],"wp:attachment":[{"href":"https:\/\/eu.tilta.com\/fr\/wp-json\/wp\/v2\/media?parent=1985225"}],"wp:term":[{"taxonomy":"product_cat","embeddable":true,"href":"https:\/\/eu.tilta.com\/fr\/wp-json\/wp\/v2\/product_cat?post=1985225"},{"taxonomy":"product_tag","embeddable":true,"href":"https:\/\/eu.tilta.com\/fr\/wp-json\/wp\/v2\/product_tag?post=1985225"}],"curies":[{"name":"wp","href":"https:\/\/api.w.org\/{rel}","templated":true}]}}