{"id":1985305,"date":"2023-08-04T16:54:11","date_gmt":"2023-08-04T14:54:11","guid":{"rendered":"https:\/\/de.tilta.com\/shop\/poignee-superieure-pliable-pour-red-komodo-x-noir\/"},"modified":"2025-12-05T12:41:52","modified_gmt":"2025-12-05T11:41:52","slug":"foldable-top-handle-for-red-komodo-x-black","status":"publish","type":"product","link":"https:\/\/eu.tilta.com\/fr\/shop\/foldable-top-handle-for-red-komodo-x-black\/","title":{"rendered":"Poign\u00e9e sup\u00e9rieure pliable pour RED KOMODO-X &#8211; Noir"},"content":{"rendered":"<div class=\"overview-text\">\n<p>D\u00e9couvrez un nouveau niveau de commodit\u00e9 gr\u00e2ce \u00e0 notre poign\u00e9e sup\u00e9rieure pliable unique en son genre, qui permet aux utilisateurs de faire pivoter le gros de la poign\u00e9e pour ne pas g\u00eaner l&#8217;acc\u00e8s \u00e0 l&#8217;\u00e9cran sup\u00e9rieur de votre appareil photo.<\/p>\n<p>Cette poign\u00e9e comporte \u00e9galement plusieurs points de contact avec la cage, ce qui cr\u00e9e une connexion plus s\u00fbre que les poign\u00e9es Komodo traditionnelles et permet aux utilisateurs de se sentir plus confiants lorsqu&#8217;ils construisent des montages plus lourds avec des lentilles plus grandes.<\/p>\n<p>Cette poign\u00e9e offre des points de montage pour des accessoires tels qu&#8217;un r\u00e9cepteur de griffe froide, un porte-canne de 15 mm, des filetages 1\/4\u2033-20 et 3\/8\u2033-16 avec des points de rep\u00e9rage.<\/p>\n<p>Il est ainsi facile et pratique de monter des accessoires tels que des moniteurs externes, des viseurs \u00e9lectroniques ou des bras articul\u00e9s.<\/p>\n<p>Cette poign\u00e9e sup\u00e9rieure est enti\u00e8rement compatible avec le moniteur DSMC3 RED TOUCH 7.0\u2033.<\/p>\n<\/div>\n","protected":false},"excerpt":{"rendered":"<p>D\u00e9couvrez un nouveau niveau de commodit\u00e9 gr\u00e2ce \u00e0 notre poign\u00e9e sup\u00e9rieure pliable unique en son genre, qui permet aux utilisateurs de faire pivoter le gros de la poign\u00e9e pour ne pas g\u00eaner l&#8217;acc\u00e8s \u00e0 l&#8217;\u00e9cran sup\u00e9rieur de votre appareil photo. [&hellip;]<\/p>\n","protected":false},"featured_media":1985307,"comment_status":"closed","ping_status":"closed","template":"","meta":[],"product_cat":[1768],"product_tag":[],"acf":[],"gallery_images":[1985309,1985311,1985313,1985315],"_links":{"self":[{"href":"https:\/\/eu.tilta.com\/fr\/wp-json\/wp\/v2\/product\/1985305"}],"collection":[{"href":"https:\/\/eu.tilta.com\/fr\/wp-json\/wp\/v2\/product"}],"about":[{"href":"https:\/\/eu.tilta.com\/fr\/wp-json\/wp\/v2\/types\/product"}],"replies":[{"embeddable":true,"href":"https:\/\/eu.tilta.com\/fr\/wp-json\/wp\/v2\/comments?post=1985305"}],"wp:featuredmedia":[{"embeddable":true,"href":"https:\/\/eu.tilta.com\/fr\/wp-json\/wp\/v2\/media\/1985307"}],"wp:attachment":[{"href":"https:\/\/eu.tilta.com\/fr\/wp-json\/wp\/v2\/media?parent=1985305"}],"wp:term":[{"taxonomy":"product_cat","embeddable":true,"href":"https:\/\/eu.tilta.com\/fr\/wp-json\/wp\/v2\/product_cat?post=1985305"},{"taxonomy":"product_tag","embeddable":true,"href":"https:\/\/eu.tilta.com\/fr\/wp-json\/wp\/v2\/product_tag?post=1985305"}],"curies":[{"name":"wp","href":"https:\/\/api.w.org\/{rel}","templated":true}]}}