{"id":1985373,"date":"2023-08-10T13:02:11","date_gmt":"2023-08-10T11:02:11","guid":{"rendered":"https:\/\/de.tilta.com\/shop\/monitor-cage-for-atomos-shogun-connect-handheld-black\/"},"modified":"2025-12-05T12:42:06","modified_gmt":"2025-12-05T11:42:06","slug":"monitor-cage-for-atomos-shogun-connect-handheld-kit-black","status":"publish","type":"product","link":"https:\/\/eu.tilta.com\/fr\/shop\/monitor-cage-for-atomos-shogun-connect-handheld-kit-black\/","title":{"rendered":"Cage de moniteur pour Atomos Shogun Connect Handheld &#8211; Noir"},"content":{"rendered":"<div class=\"overview-text\">\n<p><em>Voici la cage de moniteur pour le kit portable Atomos Shogun Connect, le kit d&#8217;accessoires ultime pour faire passer votre moniteur externe au niveau sup\u00e9rieur !  <\/em><\/p>\n<p>La base de ce kit est la cage de moniteur, con\u00e7ue sur mesure pour l&#8217;Atomos Shogun Connect et qui s&#8217;int\u00e8gre parfaitement \u00e0 votre flux de travail en ne limitant aucune des fonctionnalit\u00e9s du moniteur.<\/p>\n<p>Cela signifie que lorsque vous utilisez cette cage, vous pouvez toujours acc\u00e9der \u00e0 tous les ports d&#8217;entr\u00e9e\/sortie, utiliser le support SSD, attacher le pare-soleil du moniteur, utiliser les batteries embarqu\u00e9es et ne pas interf\u00e9rer avec le ventilateur d&#8217;extraction du moniteur.<\/p>\n<p>La cage elle-m\u00eame offre plusieurs options pour le montage d&#8217;accessoires tels que des rails NATO sur trois c\u00f4t\u00e9s, un r\u00e9cepteur de griffe froide, des filetages 1\/4\u2033-20 et 3\/8\u2033-16 avec des goupilles de positionnement.<\/p>\n<p>La cage est livr\u00e9e avec un double serre-c\u00e2ble qui vous permet de bloquer vos c\u00e2bles HDMI en place, ce qui r\u00e9duit consid\u00e9rablement les risques de d\u00e9connexion accidentelle.<\/p>\n<p>Les poign\u00e9es de support fournies se montent sur le c\u00f4t\u00e9 de la cage et offrent un moyen confortable et s\u00fbr de tenir l&#8217;\u00e9cran pendant la visualisation.<\/p>\n<p>Les pieds r\u00e9glables peuvent s&#8217;\u00e9tendre \u00e0 90 degr\u00e9s, ce qui vous permet de poser le moniteur sur une surface plane, sans limiter les fonctionnalit\u00e9s de la cage, y compris les quatre points de fixation des bandouli\u00e8res.<\/p>\n<\/div>\n","protected":false},"excerpt":{"rendered":"<p>Voici la cage de moniteur pour le kit portable Atomos Shogun Connect, le kit d&#8217;accessoires ultime pour faire passer votre moniteur externe au niveau sup\u00e9rieur ! La base de ce kit est la cage de moniteur, con\u00e7ue sur mesure pour [&hellip;]<\/p>\n","protected":false},"featured_media":1985375,"comment_status":"closed","ping_status":"closed","template":"","meta":[],"product_cat":[2076,2418],"product_tag":[],"acf":[],"gallery_images":[1985376,1985377,1985378,1985379,1985381,1985383],"_links":{"self":[{"href":"https:\/\/eu.tilta.com\/fr\/wp-json\/wp\/v2\/product\/1985373"}],"collection":[{"href":"https:\/\/eu.tilta.com\/fr\/wp-json\/wp\/v2\/product"}],"about":[{"href":"https:\/\/eu.tilta.com\/fr\/wp-json\/wp\/v2\/types\/product"}],"replies":[{"embeddable":true,"href":"https:\/\/eu.tilta.com\/fr\/wp-json\/wp\/v2\/comments?post=1985373"}],"wp:featuredmedia":[{"embeddable":true,"href":"https:\/\/eu.tilta.com\/fr\/wp-json\/wp\/v2\/media\/1985375"}],"wp:attachment":[{"href":"https:\/\/eu.tilta.com\/fr\/wp-json\/wp\/v2\/media?parent=1985373"}],"wp:term":[{"taxonomy":"product_cat","embeddable":true,"href":"https:\/\/eu.tilta.com\/fr\/wp-json\/wp\/v2\/product_cat?post=1985373"},{"taxonomy":"product_tag","embeddable":true,"href":"https:\/\/eu.tilta.com\/fr\/wp-json\/wp\/v2\/product_tag?post=1985373"}],"curies":[{"name":"wp","href":"https:\/\/api.w.org\/{rel}","templated":true}]}}