{"id":1985374,"date":"2023-08-07T09:54:41","date_gmt":"2023-08-07T07:54:41","guid":{"rendered":"https:\/\/de.tilta.com\/shop\/mounting-baseplate-with-grip-for-sony-zv-1-zv-1f-zv-1m2-black\/"},"modified":"2025-12-05T12:41:55","modified_gmt":"2025-12-05T11:41:55","slug":"mounting-baseplate-with-grip-for-sony-zv-1-zv-1f-zv-1m2-black","status":"publish","type":"product","link":"https:\/\/eu.tilta.com\/fr\/shop\/mounting-baseplate-with-grip-for-sony-zv-1-zv-1f-zv-1m2-black\/","title":{"rendered":"Plaque de montage avec poign\u00e9e pour Sony ZV-1 \/ ZV-1F \/ ZV-1M2- Noir"},"content":{"rendered":"<div class=\"overview-text\">\n<p><em>Voici la plaque de montage avec poign\u00e9e pour Sony ZV-1, ZV-1F et ZV-1M2, un accessoire l\u00e9ger et pratique pour \u00e9tendre les capacit\u00e9s de montage de votre appareil photo !  <\/em><\/p>\n<p>Cette plaque de base pr\u00e9sente une conception unique qui permet d&#8217;ajuster la position de la vis de fixation de la cam\u00e9ra afin de s&#8217;adapter \u00e0 diff\u00e9rents bo\u00eetiers de cam\u00e9ra.<\/p>\n<p>Cette plaque de base est dot\u00e9e de plusieurs filetages 1\/4\u2033-20 sur la plaque inf\u00e9rieure et sur la poign\u00e9e droite, ce qui vous permet de tirer verticalement ou horizontalement.<\/p>\n<p>Ces filetages 1\/4\u2033-20, en plus d&#8217;un r\u00e9cepteur Cold Shoe sur la plaque inf\u00e9rieure, peuvent \u00e9galement \u00eatre utilis\u00e9s pour monter divers accessoires tels que des \u00e9clairages embarqu\u00e9s ou des microphones externes.<\/p>\n<p>La poign\u00e9e int\u00e9gr\u00e9e offre un plus grand confort d&#8217;utilisation et s&#8217;int\u00e8gre parfaitement au bo\u00eetier de l&#8217;appareil photo pour un look coh\u00e9rent.<\/p>\n<\/div>\n","protected":false},"excerpt":{"rendered":"<p>Voici la plaque de montage avec poign\u00e9e pour Sony ZV-1, ZV-1F et ZV-1M2, un accessoire l\u00e9ger et pratique pour \u00e9tendre les capacit\u00e9s de montage de votre appareil photo ! Cette plaque de base pr\u00e9sente une conception unique qui permet d&#8217;ajuster [&hellip;]<\/p>\n","protected":false},"featured_media":1985380,"comment_status":"closed","ping_status":"closed","template":"","meta":[],"product_cat":[1765],"product_tag":[],"acf":[],"gallery_images":[1944929,1944928,1944930,1944927],"_links":{"self":[{"href":"https:\/\/eu.tilta.com\/fr\/wp-json\/wp\/v2\/product\/1985374"}],"collection":[{"href":"https:\/\/eu.tilta.com\/fr\/wp-json\/wp\/v2\/product"}],"about":[{"href":"https:\/\/eu.tilta.com\/fr\/wp-json\/wp\/v2\/types\/product"}],"replies":[{"embeddable":true,"href":"https:\/\/eu.tilta.com\/fr\/wp-json\/wp\/v2\/comments?post=1985374"}],"wp:featuredmedia":[{"embeddable":true,"href":"https:\/\/eu.tilta.com\/fr\/wp-json\/wp\/v2\/media\/1985380"}],"wp:attachment":[{"href":"https:\/\/eu.tilta.com\/fr\/wp-json\/wp\/v2\/media?parent=1985374"}],"wp:term":[{"taxonomy":"product_cat","embeddable":true,"href":"https:\/\/eu.tilta.com\/fr\/wp-json\/wp\/v2\/product_cat?post=1985374"},{"taxonomy":"product_tag","embeddable":true,"href":"https:\/\/eu.tilta.com\/fr\/wp-json\/wp\/v2\/product_tag?post=1985374"}],"curies":[{"name":"wp","href":"https:\/\/api.w.org\/{rel}","templated":true}]}}