{"id":1985443,"date":"2023-08-04T16:51:59","date_gmt":"2023-08-04T14:51:59","guid":{"rendered":"https:\/\/de.tilta.com\/shop\/full-camera-cage-for-red-komodo-x-black\/"},"modified":"2026-05-07T15:25:42","modified_gmt":"2026-05-07T13:25:42","slug":"full-camera-cage-for-red-komodo-x-black","status":"publish","type":"product","link":"https:\/\/eu.tilta.com\/fr\/shop\/full-camera-cage-for-red-komodo-x-black\/","title":{"rendered":"Cage de protection pour RED KOMODO-X &#8211; Noir"},"content":{"rendered":"<div class=\"overview-text\">\n<p><em>Voici le syst\u00e8me de cage de cam\u00e9ra ultime pour la RED Komodo-X. Am\u00e9liorez votre exp\u00e9rience cin\u00e9matographique avec notre cage de cam\u00e9ra de pointe con\u00e7ue exclusivement pour la nouvelle g\u00e9n\u00e9ration de Komodo.<\/em><\/p>\n<p>Con\u00e7ue pour prot\u00e9ger votre cam\u00e9ra de cin\u00e9ma compacte, notre cage de cam\u00e9ra prot\u00e8ge votre cam\u00e9ra dans une coque ext\u00e9rieure durable et modulaire, ce qui permet aux utilisateurs de n&#8217;utiliser que les \u00e9l\u00e9ments de la cage dont ils ont besoin pour un montage sp\u00e9cifique.<\/p>\n<p>Con\u00e7ue dans un souci de polyvalence, cette cage dispose d&#8217;un grand nombre de points de montage strat\u00e9giques, notamment des rails NATO, un r\u00e9cepteur Cold Shoe, des rosettes Arri et des filetages 1\/4\u2033-20 et 3\/8\u2033-16 avec des points de rep\u00e9rage.<\/p>\n<p>Ces options s&#8217;adaptent facilement aux accessoires tels que les poign\u00e9es lat\u00e9rales bas\u00e9es sur l&#8217;OTAN, les moniteurs externes, les poign\u00e9es sup\u00e9rieures et bien d&#8217;autres encore.<\/p>\n<p>La plaque inf\u00e9rieure de cette cage est dot\u00e9e de filets 1\/4\u2033-20 et 3\/8\u2033-16, ce qui permet de l&#8217;adapter facilement \u00e0 diff\u00e9rents syst\u00e8mes de support. Elle est compatible avec notre <a href=\"https:\/\/de.tilta.com\/shop\/15mm-lws-baseplate-for-red-komodo\/\">plaque de base LWS de 15 mm pour RED Komodo<\/a> gr\u00e2ce \u00e0 la plaque de fixation rapide incluse.<\/p>\n<p>Inclus dans la cage compl\u00e8te, notre nouveau support d&#8217;adaptateur d&#8217;objectif utilise une conception sophistiqu\u00e9e bas\u00e9e sur une pince, offrant plusieurs points de contact pour une meilleure stabilit\u00e9.<\/p>\n<p>Cette approche augmente non seulement la s\u00e9curit\u00e9 de vos adaptateurs d&#8217;objectif, tels que notre <a href=\"https:\/\/de.tilta.com\/shop\/tiltaing-canon-rf-mount-to-pl-mount-adapter-with-adjustable-back-focus\/\">adaptateur de monture RF \u00e0 monture PL de Canon<\/a>, mais renforce \u00e9galement votre confiance lorsque vous utilisez des objectifs plus grands.<\/p>\n<\/div>\n","protected":false},"excerpt":{"rendered":"<p>Voici le syst\u00e8me de cage de cam\u00e9ra ultime pour la RED Komodo-X. Am\u00e9liorez votre exp\u00e9rience cin\u00e9matographique avec notre cage de cam\u00e9ra de pointe con\u00e7ue exclusivement pour la nouvelle g\u00e9n\u00e9ration de Komodo. Con\u00e7ue pour prot\u00e9ger votre cam\u00e9ra de cin\u00e9ma compacte, notre [&hellip;]<\/p>\n","protected":false},"featured_media":1985454,"comment_status":"closed","ping_status":"closed","template":"","meta":[],"product_cat":[1768],"product_tag":[],"acf":[],"gallery_images":[1985455,1985456,1985141,1985143,1985145,1985147],"_links":{"self":[{"href":"https:\/\/eu.tilta.com\/fr\/wp-json\/wp\/v2\/product\/1985443"}],"collection":[{"href":"https:\/\/eu.tilta.com\/fr\/wp-json\/wp\/v2\/product"}],"about":[{"href":"https:\/\/eu.tilta.com\/fr\/wp-json\/wp\/v2\/types\/product"}],"replies":[{"embeddable":true,"href":"https:\/\/eu.tilta.com\/fr\/wp-json\/wp\/v2\/comments?post=1985443"}],"wp:featuredmedia":[{"embeddable":true,"href":"https:\/\/eu.tilta.com\/fr\/wp-json\/wp\/v2\/media\/1985454"}],"wp:attachment":[{"href":"https:\/\/eu.tilta.com\/fr\/wp-json\/wp\/v2\/media?parent=1985443"}],"wp:term":[{"taxonomy":"product_cat","embeddable":true,"href":"https:\/\/eu.tilta.com\/fr\/wp-json\/wp\/v2\/product_cat?post=1985443"},{"taxonomy":"product_tag","embeddable":true,"href":"https:\/\/eu.tilta.com\/fr\/wp-json\/wp\/v2\/product_tag?post=1985443"}],"curies":[{"name":"wp","href":"https:\/\/api.w.org\/{rel}","templated":true}]}}