{"id":1985555,"date":"2023-08-04T09:57:28","date_gmt":"2023-08-04T07:57:28","guid":{"rendered":"https:\/\/de.tilta.com\/shop\/tilta-adaptateur-de-tige-dji-15mm-a-12mm-20cm-noir\/"},"modified":"2026-05-07T15:25:29","modified_gmt":"2026-05-07T13:25:29","slug":"tilta-15mm-to-12mm-dji-rod-adapter-20cm-black","status":"publish","type":"product","link":"https:\/\/eu.tilta.com\/fr\/shop\/tilta-15mm-to-12mm-dji-rod-adapter-20cm-black\/","title":{"rendered":"Tilta Adaptateur de tige DJI 15mm \u00e0 12mm (20cm) &#8211; Noir"},"content":{"rendered":"<p><em>Voici l&#8217;adaptateur de tige DJI 15 mm \u00e0 12 mm de Tilta, la solution parfaite pour utiliser votre moteur DJI RS Focus avec une tige plus traditionnelle de 15 mm !<\/em><\/p>\n<p>Cet accessoire pr\u00e9sente un diam\u00e8tre de 15 mm \u00e0 une extr\u00e9mit\u00e9 et un diam\u00e8tre de 12 mm \u00e0 l&#8217;autre, ce qui permet aux utilisateurs de le monter sur les supports de canne \u00e0 p\u00eache de 15 mm que l&#8217;on trouve sur les plaques de base l\u00e9g\u00e8res traditionnelles ou via nos <a href=\"https:\/\/de.tilta.com\/search-results?q=rod+holders\">supports de canne \u00e0 p\u00eache unilat\u00e9raux<\/a>.<\/p>\n<p>Cela cr\u00e9e une connexion plus s\u00fbre et limite la possibilit\u00e9 que le moteur de mise au point s&#8217;\u00e9loigne de l&#8217;objectif, ce qui est particuli\u00e8rement utile lorsque vous utilisez un objectif plus rigide ou un adaptateur d&#8217;objectif.<\/p>\n<p>L&#8217;int\u00e9rieur de l&#8217;extr\u00e9mit\u00e9 de 15 mm est dot\u00e9 d&#8217;un filetage de 11 mm qui vous permet d&#8217;allonger la longueur de cette extr\u00e9mit\u00e9 si n\u00e9cessaire.<\/p>\n","protected":false},"excerpt":{"rendered":"<p>Voici l&#8217;adaptateur de tige DJI 15 mm \u00e0 12 mm de Tilta, la solution parfaite pour utiliser votre moteur DJI RS Focus avec une tige plus traditionnelle de 15 mm ! Cet accessoire pr\u00e9sente un diam\u00e8tre de 15 mm \u00e0 [&hellip;]<\/p>\n","protected":false},"featured_media":1985570,"comment_status":"closed","ping_status":"closed","template":"","meta":[],"product_cat":[2249,2092],"product_tag":[],"acf":[],"gallery_images":[1985573,1985576,1985580,1985584,1985588],"_links":{"self":[{"href":"https:\/\/eu.tilta.com\/fr\/wp-json\/wp\/v2\/product\/1985555"}],"collection":[{"href":"https:\/\/eu.tilta.com\/fr\/wp-json\/wp\/v2\/product"}],"about":[{"href":"https:\/\/eu.tilta.com\/fr\/wp-json\/wp\/v2\/types\/product"}],"replies":[{"embeddable":true,"href":"https:\/\/eu.tilta.com\/fr\/wp-json\/wp\/v2\/comments?post=1985555"}],"wp:featuredmedia":[{"embeddable":true,"href":"https:\/\/eu.tilta.com\/fr\/wp-json\/wp\/v2\/media\/1985570"}],"wp:attachment":[{"href":"https:\/\/eu.tilta.com\/fr\/wp-json\/wp\/v2\/media?parent=1985555"}],"wp:term":[{"taxonomy":"product_cat","embeddable":true,"href":"https:\/\/eu.tilta.com\/fr\/wp-json\/wp\/v2\/product_cat?post=1985555"},{"taxonomy":"product_tag","embeddable":true,"href":"https:\/\/eu.tilta.com\/fr\/wp-json\/wp\/v2\/product_tag?post=1985555"}],"curies":[{"name":"wp","href":"https:\/\/api.w.org\/{rel}","templated":true}]}}