{"id":1985717,"date":"2023-08-04T19:43:05","date_gmt":"2023-08-04T17:43:05","guid":{"rendered":"https:\/\/de.tilta.com\/shop\/extended-arm-for-rs3-mini\/"},"modified":"2025-12-05T12:42:13","modified_gmt":"2025-12-05T11:42:13","slug":"extended-arm-for-rs3-mini","status":"publish","type":"product","link":"https:\/\/eu.tilta.com\/fr\/shop\/extended-arm-for-rs3-mini\/","title":{"rendered":"Extended Arm for RS3 Mini"},"content":{"rendered":"<p><em>Voici le bras allong\u00e9 pour RS3 Mini, un petit accessoire qui a un impact important sur les capacit\u00e9s de votre cardan l\u00e9ger !<\/em><\/p>\n<p>Ce bras prolong\u00e9 remplace celui fourni avec la RS3 Mini et permet \u00e0 votre cardan d&#8217;accueillir plus facilement des appareils de diff\u00e9rentes tailles.<\/p>\n<p>Le bras vertical a \u00e9t\u00e9 allong\u00e9 de 20 mm, ce qui permet d&#8217;abaisser le centre de gravit\u00e9 de la charge utile du cardan et permet aux utilisateurs d&#8217;\u00e9quilibrer facilement des appareils photo plus grands que ceux que le cardan pourrait normalement supporter, tant qu&#8217;ils restent dans la limite de poids du cardan.<\/p>\n<p>La plaque de base rotative offre aux utilisateurs une flexibilit\u00e9 ultime pour le montage de leur appareil photo ou de leur support de t\u00e9l\u00e9phone dans diff\u00e9rentes orientations et la fonctionnalit\u00e9 de d\u00e9gagement rapide facilite le passage du RS3 Mini \u00e0 d&#8217;autres syst\u00e8mes de support.<\/p>\n","protected":false},"excerpt":{"rendered":"<p>Voici le bras allong\u00e9 pour RS3 Mini, un petit accessoire qui a un impact important sur les capacit\u00e9s de votre cardan l\u00e9ger ! Ce bras prolong\u00e9 remplace celui fourni avec la RS3 Mini et permet \u00e0 votre cardan d&#8217;accueillir plus [&hellip;]<\/p>\n","protected":false},"featured_media":1985734,"comment_status":"closed","ping_status":"closed","template":"","meta":[],"product_cat":[2249],"product_tag":[],"acf":[],"gallery_images":[1985735,1985736,1985737,1985738,1985739,1985740],"_links":{"self":[{"href":"https:\/\/eu.tilta.com\/fr\/wp-json\/wp\/v2\/product\/1985717"}],"collection":[{"href":"https:\/\/eu.tilta.com\/fr\/wp-json\/wp\/v2\/product"}],"about":[{"href":"https:\/\/eu.tilta.com\/fr\/wp-json\/wp\/v2\/types\/product"}],"replies":[{"embeddable":true,"href":"https:\/\/eu.tilta.com\/fr\/wp-json\/wp\/v2\/comments?post=1985717"}],"wp:featuredmedia":[{"embeddable":true,"href":"https:\/\/eu.tilta.com\/fr\/wp-json\/wp\/v2\/media\/1985734"}],"wp:attachment":[{"href":"https:\/\/eu.tilta.com\/fr\/wp-json\/wp\/v2\/media?parent=1985717"}],"wp:term":[{"taxonomy":"product_cat","embeddable":true,"href":"https:\/\/eu.tilta.com\/fr\/wp-json\/wp\/v2\/product_cat?post=1985717"},{"taxonomy":"product_tag","embeddable":true,"href":"https:\/\/eu.tilta.com\/fr\/wp-json\/wp\/v2\/product_tag?post=1985717"}],"curies":[{"name":"wp","href":"https:\/\/api.w.org\/{rel}","templated":true}]}}