{"id":1985781,"date":"2023-08-02T11:30:43","date_gmt":"2023-08-02T09:30:43","guid":{"rendered":"https:\/\/de.tilta.com\/shop\/tilta-multi-functional-nato-mounting-bracket-black\/"},"modified":"2026-02-16T09:00:30","modified_gmt":"2026-02-16T08:00:30","slug":"tilta-multi-functional-nato-mounting-bracket-black","status":"publish","type":"product","link":"https:\/\/eu.tilta.com\/fr\/shop\/tilta-multi-functional-nato-mounting-bracket-black\/","title":{"rendered":"Tilta Support de montage multifonctionnel pour l&#8217;OTAN &#8211; Noir"},"content":{"rendered":"<p><em>Voici le support de montage OTAN multifonctionnel de Tilta, l&#8217;un de nos composants de montage d&#8217;accessoires les plus compacts \u00e0 ce jour !<\/em><\/p>\n<p>Ce support de montage incroyablement petit offre un grand nombre d&#8217;options pour le montage d&#8217;accessoires tels que plusieurs r\u00e9cepteurs \u00e0 sabot froid, des filetages 1\/4&#8243;-20 et 3\/8&#8243;-16 avec des goupilles de positionnement.<\/p>\n<p>Les trois r\u00e9cepteurs Cold Shoe sont tous dot\u00e9s d&#8217;une fixation unidirectionnelle, ce qui signifie que les accessoires Cold Shoe restent plus s\u00fbrs et sont moins susceptibles d&#8217;\u00eatre accidentellement d\u00e9connect\u00e9s.<\/p>\n<p>Ce support se connecte via une connexion OTAN qui permet d&#8217;ajuster et de verrouiller facilement sa position sur les rails OTAN int\u00e9gr\u00e9s que l&#8217;on trouve sur la plupart de nos cages \u00e0 cam\u00e9ra ou via nos <a href=\"https:\/\/de.tilta.com\/product-category\/accessories\/nato-rails\/\">fixations<\/a> externes plus universelles <a href=\"https:\/\/de.tilta.com\/product-category\/accessories\/nato-rails\/\">pour rail OTAN<\/a>.<\/p>\n<p>Pesant seulement 53 g, cet accessoire est fabriqu\u00e9 en alliage d&#8217;aluminium et peut supporter une charge utile allant jusqu&#8217;\u00e0 4,4 lb.<\/p>\n","protected":false},"excerpt":{"rendered":"<p>Voici le support de montage OTAN multifonctionnel de Tilta, l&#8217;un de nos composants de montage d&#8217;accessoires les plus compacts \u00e0 ce jour ! Ce support de montage incroyablement petit offre un grand nombre d&#8217;options pour le montage d&#8217;accessoires tels que [&hellip;]<\/p>\n","protected":false},"featured_media":1985804,"comment_status":"closed","ping_status":"closed","template":"","meta":[],"product_cat":[4448,1811,2077,1880],"product_tag":[],"acf":[],"gallery_images":[1985806,1985808,1985810,1985813,1985816,1985661,1985663],"_links":{"self":[{"href":"https:\/\/eu.tilta.com\/fr\/wp-json\/wp\/v2\/product\/1985781"}],"collection":[{"href":"https:\/\/eu.tilta.com\/fr\/wp-json\/wp\/v2\/product"}],"about":[{"href":"https:\/\/eu.tilta.com\/fr\/wp-json\/wp\/v2\/types\/product"}],"replies":[{"embeddable":true,"href":"https:\/\/eu.tilta.com\/fr\/wp-json\/wp\/v2\/comments?post=1985781"}],"wp:featuredmedia":[{"embeddable":true,"href":"https:\/\/eu.tilta.com\/fr\/wp-json\/wp\/v2\/media\/1985804"}],"wp:attachment":[{"href":"https:\/\/eu.tilta.com\/fr\/wp-json\/wp\/v2\/media?parent=1985781"}],"wp:term":[{"taxonomy":"product_cat","embeddable":true,"href":"https:\/\/eu.tilta.com\/fr\/wp-json\/wp\/v2\/product_cat?post=1985781"},{"taxonomy":"product_tag","embeddable":true,"href":"https:\/\/eu.tilta.com\/fr\/wp-json\/wp\/v2\/product_tag?post=1985781"}],"curies":[{"name":"wp","href":"https:\/\/api.w.org\/{rel}","templated":true}]}}