{"id":1986241,"date":"2023-07-20T14:21:08","date_gmt":"2023-07-20T12:21:08","guid":{"rendered":"https:\/\/de.tilta.com\/shop\/tilta-arca-manfrotto-dual-quick-release-plate-black\/"},"modified":"2025-12-05T12:42:20","modified_gmt":"2025-12-05T11:42:20","slug":"tilta-arca-manfrotto-dual-quick-release-plate-black","status":"publish","type":"product","link":"https:\/\/eu.tilta.com\/fr\/shop\/tilta-arca-manfrotto-dual-quick-release-plate-black\/","title":{"rendered":"Tilta ARCA Manfrotto Dual Quick Release Plate &#8211; Black"},"content":{"rendered":"<p><strong>REMARQUE : cette plaque n&#8217;est pas enti\u00e8rement compatible avec les cardans DJI RS2 ou RS3 Pro.<\/strong><\/p>\n<p>Cette plaque de fixation rapide double est dot\u00e9e d&#8217;un type de connexion ARCA Swiss et Manfrotto, ce qui en fait l&#8217;option parfaite pour les cin\u00e9astes qui utilisent couramment ces deux syst\u00e8mes de support.<\/p>\n<p>Cette plaque utilise deux vis 1\/4&#8243;-20, ce qui assure une connexion s\u00fbre et limite la possibilit\u00e9 de rotation de l&#8217;appareil photo lorsqu&#8217;il est mont\u00e9 sur la plaque.<\/p>\n<p>Ces vis sont dot\u00e9es d&#8217;une vis \u00e0 oreilles amovible, ce qui permet de les fixer \u00e0 la main ou \u00e0 l&#8217;aide d&#8217;un tournevis \u00e0 t\u00eate plate.<\/p>\n<p>Cette plaque \u00e0 d\u00e9gagement rapide comporte \u00e9galement un support de sangle int\u00e9gr\u00e9 qui vous permet de connecter une petite sangle (non incluse) \u00e0 la plaque afin de la fixer \u00e0 votre tr\u00e9pied ou \u00e0 votre syst\u00e8me de support lorsqu&#8217;elle n&#8217;est pas connect\u00e9e \u00e0 un appareil photo.<\/p>\n<p><strong>Veuillez noter que cette plaque est bas\u00e9e sur la norme ARCA de DJI et peut ne pas \u00eatre compatible avec tous les r\u00e9cepteurs ARCA ou Manfrotto. La compatibilit\u00e9 n&#8217;est pas garantie.<\/strong><\/p>\n","protected":false},"excerpt":{"rendered":"<p>REMARQUE : cette plaque n&#8217;est pas enti\u00e8rement compatible avec les cardans DJI RS2 ou RS3 Pro. Cette plaque de fixation rapide double est dot\u00e9e d&#8217;un type de connexion ARCA Swiss et Manfrotto, ce qui en fait l&#8217;option parfaite pour les [&hellip;]<\/p>\n","protected":false},"featured_media":1986260,"comment_status":"closed","ping_status":"closed","template":"","meta":[],"product_cat":[1811,1996,1998],"product_tag":[],"acf":[],"gallery_images":[1986262,1986264,1986266,1986269,1986271],"_links":{"self":[{"href":"https:\/\/eu.tilta.com\/fr\/wp-json\/wp\/v2\/product\/1986241"}],"collection":[{"href":"https:\/\/eu.tilta.com\/fr\/wp-json\/wp\/v2\/product"}],"about":[{"href":"https:\/\/eu.tilta.com\/fr\/wp-json\/wp\/v2\/types\/product"}],"replies":[{"embeddable":true,"href":"https:\/\/eu.tilta.com\/fr\/wp-json\/wp\/v2\/comments?post=1986241"}],"wp:featuredmedia":[{"embeddable":true,"href":"https:\/\/eu.tilta.com\/fr\/wp-json\/wp\/v2\/media\/1986260"}],"wp:attachment":[{"href":"https:\/\/eu.tilta.com\/fr\/wp-json\/wp\/v2\/media?parent=1986241"}],"wp:term":[{"taxonomy":"product_cat","embeddable":true,"href":"https:\/\/eu.tilta.com\/fr\/wp-json\/wp\/v2\/product_cat?post=1986241"},{"taxonomy":"product_tag","embeddable":true,"href":"https:\/\/eu.tilta.com\/fr\/wp-json\/wp\/v2\/product_tag?post=1986241"}],"curies":[{"name":"wp","href":"https:\/\/api.w.org\/{rel}","templated":true}]}}