{"id":1986259,"date":"2023-07-20T14:43:23","date_gmt":"2023-07-20T12:43:23","guid":{"rendered":"https:\/\/de.tilta.com\/shop\/tilta-l-series-battery-plate-black\/"},"modified":"2026-03-28T13:49:55","modified_gmt":"2026-03-28T12:49:55","slug":"tilta-l-series-battery-plate-black","status":"publish","type":"product","link":"https:\/\/eu.tilta.com\/fr\/shop\/tilta-l-series-battery-plate-black\/","title":{"rendered":"Tilta L Series Battery Plate &#8211; Noir"},"content":{"rendered":"<p>La plaque de batterie Tilta S\u00e9rie L est une option l\u00e9g\u00e8re fantastique pour alimenter votre appareil photo ou vos accessoires avec des batteries Sony S\u00e9rie L.<\/p>\n<p>La plaque de batterie se monte commod\u00e9ment sur la cage de votre appareil photo \u00e0 l&#8217;aide d&#8217;une vis 1\/4&#8243;-20 avec des goupilles de positionnement, qui peuvent \u00eatre fix\u00e9es \u00e0 l&#8217;aide d&#8217;un tournevis \u00e0 t\u00eate plate ou \u00e0 la main.<\/p>\n<p>Associ\u00e9e \u00e0 un tampon en silicone \u00e0 l&#8217;arri\u00e8re, cette plaque pr\u00e9sente une connexion incroyablement s\u00fbre qui emp\u00eache la plaque de tourner.<\/p>\n<p>La plaque propose plusieurs options de sortie d&#8217;alimentation, telles que USB-A (5V\/2,1A), sortie CC (8V\/3A), entr\u00e9e\/sortie USB-C (18W PD) et sortie CC (12V\/2A).<\/p>\n<p>Le port USB-C est particuli\u00e8rement utile, car il prend en charge l&#8217;alimentation bidirectionnelle pour l&#8217;entr\u00e9e et la sortie.<\/p>\n<p>Cela vous permet d&#8217;alimenter des accessoires via USB-C PD, ainsi que de charger des batteries Sony s\u00e9rie L lorsqu&#8217;elles sont connect\u00e9es \u00e0 la plaque.<\/p>\n<p>La conception ne limite pas la taille ou la marque de la batterie, ce qui signifie que cette plaque est compatible avec un large \u00e9ventail de tailles et de marques de la s\u00e9rie L.<\/p>\n<p>L&#8217;indicateur de batterie sur l&#8217;appareil fournira des informations sur l&#8217;autonomie de la batterie et vous permettra de conna\u00eetre l&#8217;\u00e9tat de charge lorsque vous chargez la batterie via le port USB-C.<\/p>\n<p>&nbsp;<\/p>\n","protected":false},"excerpt":{"rendered":"<p>La plaque de batterie Tilta S\u00e9rie L est une option l\u00e9g\u00e8re fantastique pour alimenter votre appareil photo ou vos accessoires avec des batteries Sony S\u00e9rie L. La plaque de batterie se monte commod\u00e9ment sur la cage de votre appareil photo [&hellip;]<\/p>\n","protected":false},"featured_media":1986343,"comment_status":"closed","ping_status":"closed","template":"","meta":[],"product_cat":[1811,1802,1805,1762,1799,1794,1809,1780,2253,2254],"product_tag":[],"acf":[],"gallery_images":[1986345,1986346,1986347,1986348,1986349],"_links":{"self":[{"href":"https:\/\/eu.tilta.com\/fr\/wp-json\/wp\/v2\/product\/1986259"}],"collection":[{"href":"https:\/\/eu.tilta.com\/fr\/wp-json\/wp\/v2\/product"}],"about":[{"href":"https:\/\/eu.tilta.com\/fr\/wp-json\/wp\/v2\/types\/product"}],"replies":[{"embeddable":true,"href":"https:\/\/eu.tilta.com\/fr\/wp-json\/wp\/v2\/comments?post=1986259"}],"wp:featuredmedia":[{"embeddable":true,"href":"https:\/\/eu.tilta.com\/fr\/wp-json\/wp\/v2\/media\/1986343"}],"wp:attachment":[{"href":"https:\/\/eu.tilta.com\/fr\/wp-json\/wp\/v2\/media?parent=1986259"}],"wp:term":[{"taxonomy":"product_cat","embeddable":true,"href":"https:\/\/eu.tilta.com\/fr\/wp-json\/wp\/v2\/product_cat?post=1986259"},{"taxonomy":"product_tag","embeddable":true,"href":"https:\/\/eu.tilta.com\/fr\/wp-json\/wp\/v2\/product_tag?post=1986259"}],"curies":[{"name":"wp","href":"https:\/\/api.w.org\/{rel}","templated":true}]}}