{"id":1986308,"date":"2023-07-14T10:08:17","date_gmt":"2023-07-14T08:08:17","guid":{"rendered":"https:\/\/de.tilta.com\/shop\/camera-cage-for-sony-fx3-fx30-v2-pro-kit\/"},"modified":"2025-12-05T12:42:31","modified_gmt":"2025-12-05T11:42:31","slug":"camera-cage-for-sony-fx3-fx30-v2-pro-kit","status":"publish","type":"product","link":"https:\/\/eu.tilta.com\/fr\/shop\/camera-cage-for-sony-fx3-fx30-v2-pro-kit\/","title":{"rendered":"Cage de cam\u00e9ra pour Sony FX3\/FX30 V2 Pro Kit"},"content":{"rendered":"<p><em>Exploitez pleinement la puissance de votre FX3 ou FX30 avec le nouveau kit de cage de cam\u00e9ra Pro pour Sony FX3\/FX30 !<\/em><\/p>\n<p>Cette cage compl\u00e8te offre de nombreuses possibilit\u00e9s de montage de divers accessoires tels que des filetages 1\/4&#8243;-20 et 3\/8&#8243;-16 avec divers points de positionnement, deux r\u00e9cepteurs de sabot froid, un rail OTAN pour les poign\u00e9es sup\u00e9rieures et des points de montage pour un porte-canne unique.<\/p>\n<p>Cette nouvelle conception est incroyablement modulaire, ce qui permet de retirer ou d&#8217;ajouter diff\u00e9rents c\u00f4t\u00e9s de la cage pour s&#8217;adapter \u00e0 diff\u00e9rents sc\u00e9narios de tir.<\/p>\n<p>Ceci est particuli\u00e8rement utile dans les situations o\u00f9 le poids est un probl\u00e8me, comme lors de l&#8217;utilisation d&#8217;un cardan ou d&#8217;accessoires tels que la poign\u00e9e XLR Top Handle avec laquelle cette cage est enti\u00e8rement compatible.<\/p>\n<p>En ce qui concerne les cardans, la plaque inf\u00e9rieure est \u00e9quip\u00e9e d&#8217;une plaque de fixation rapide ARCA, id\u00e9ale pour passer rapidement d&#8217;un tr\u00e9pied \u00e0 un cardan DJI. Veuillez noter que cette cage utilise la norme DJI__ pour l&#8217;ARCA. La compatibilit\u00e9 avec d&#8217;autres normes n&#8217;est pas garantie.<\/p>\n<p>Le nouveau serre-c\u00e2ble s&#8217;int\u00e8gre facilement \u00e0 la cage compl\u00e8te et offre une s\u00e9curit\u00e9 accrue pour les c\u00e2bles qui peuvent \u00eatre facilement fix\u00e9s \u00e0 l&#8217;aide d&#8217;une vis \u00e0 ailettes.<\/p>\n<p>La cage comporte d\u00e9sormais trois vis de fixation individuelles, ce qui am\u00e9liore consid\u00e9rablement la connexion entre le bo\u00eetier de l&#8217;appareil photo et la cage.<\/p>\n<p>Cela permet de s&#8217;assurer que les accessoires mont\u00e9s via la cage, tels que les moteurs de suivi de la mise au point sans fil, limiteront la torsion de l&#8217;avant de la cam\u00e9ra \u00e0 l&#8217;int\u00e9rieur de la cage elle-m\u00eame.<\/p>\n<p>Ce kit Pro comprend la poign\u00e9e ergonomique Xeno Top Handle, qui se monte sur le rail NATO et offre une meilleure maniabilit\u00e9 et un meilleur fonctionnement gr\u00e2ce \u00e0 son nouveau design avec un d\u00e9gagement plus important.<\/p>\n<p>Cette poign\u00e9e dispose d&#8217;une vari\u00e9t\u00e9 de points de montage tels que des filetages 1\/4&#8243;-20 et un r\u00e9cepteur Cold Shoe, parfait pour le montage d&#8217;un moniteur externe.<\/p>\n<p>La poign\u00e9e Advanced Power Handle se connecte \u00e0 la cage via le rail NATO et permet d&#8217;alimenter les accessoires ainsi que de contr\u00f4ler le run-stop via le c\u00e2ble inclus.<\/p>\n<p>La rotation r\u00e9glable et la dragonne suppl\u00e9mentaire offrent un confort et une flexibilit\u00e9 exceptionnels lors de l&#8217;utilisation des Sony FX3 et FX30.<\/p>\n<p>Le kit est compl\u00e9t\u00e9 par notre plaque de base universelle 15 mm LWS qui prend en charge deux tiges de 15 mm et des accessoires \u00e0 base de tiges tels que les syst\u00e8mes de suivi de la mise au point ou les bo\u00eetes \u00e0 mats.<\/p>\n<p>Cette plaque de base utilise un r\u00e9cepteur DJI ARCA standard pour une transition transparente vers les cardans de la s\u00e9rie Ronin, tandis que la plaque inf\u00e9rieure est compatible avec nos queues d&#8217;aronde standard Tilta et dispose de filetages 1\/4&#8243;-20 et 3\/8&#8243;-16.<\/p>\n<p><em>Passez au kit V2 Pro pour les cam\u00e9ras Sony FX3 et FX30, et ouvrez un monde de possibilit\u00e9s pour vos projets cin\u00e9matographiques.<\/em><\/p>\n","protected":false},"excerpt":{"rendered":"<p>Exploitez pleinement la puissance de votre FX3 ou FX30 avec le nouveau kit de cage de cam\u00e9ra Pro pour Sony FX3\/FX30 ! Cette cage compl\u00e8te offre de nombreuses possibilit\u00e9s de montage de divers accessoires tels que des filetages 1\/4&#8243;-20 et [&hellip;]<\/p>\n","protected":false},"featured_media":1986328,"comment_status":"closed","ping_status":"closed","template":"","meta":[],"product_cat":[1703],"product_tag":[],"acf":[],"gallery_images":[1946048,1946049,1945455,1945456,1945454],"_links":{"self":[{"href":"https:\/\/eu.tilta.com\/fr\/wp-json\/wp\/v2\/product\/1986308"}],"collection":[{"href":"https:\/\/eu.tilta.com\/fr\/wp-json\/wp\/v2\/product"}],"about":[{"href":"https:\/\/eu.tilta.com\/fr\/wp-json\/wp\/v2\/types\/product"}],"replies":[{"embeddable":true,"href":"https:\/\/eu.tilta.com\/fr\/wp-json\/wp\/v2\/comments?post=1986308"}],"wp:featuredmedia":[{"embeddable":true,"href":"https:\/\/eu.tilta.com\/fr\/wp-json\/wp\/v2\/media\/1986328"}],"wp:attachment":[{"href":"https:\/\/eu.tilta.com\/fr\/wp-json\/wp\/v2\/media?parent=1986308"}],"wp:term":[{"taxonomy":"product_cat","embeddable":true,"href":"https:\/\/eu.tilta.com\/fr\/wp-json\/wp\/v2\/product_cat?post=1986308"},{"taxonomy":"product_tag","embeddable":true,"href":"https:\/\/eu.tilta.com\/fr\/wp-json\/wp\/v2\/product_tag?post=1986308"}],"curies":[{"name":"wp","href":"https:\/\/api.w.org\/{rel}","templated":true}]}}