{"id":1986455,"date":"2023-07-20T12:33:17","date_gmt":"2023-07-20T10:33:17","guid":{"rendered":"https:\/\/de.tilta.com\/shop\/cooling-system-for-sony-zv-e1-black\/"},"modified":"2025-12-10T14:54:15","modified_gmt":"2025-12-10T13:54:15","slug":"cooling-system-for-sony-zv-e1-black","status":"publish","type":"product","link":"https:\/\/eu.tilta.com\/fr\/shop\/cooling-system-for-sony-zv-e1-black\/","title":{"rendered":"Cooling System for Sony ZV-E1 &#8211; Black"},"content":{"rendered":"<p>Le nouveau syst\u00e8me de refroidissement pour le Sony ZV-E1 est l&#8217;accessoire id\u00e9al pour les utilisateurs qui souhaitent r\u00e9aliser des prises de vue pendant de longues p\u00e9riodes dans des environnements o\u00f9 les temp\u00e9ratures sont plus \u00e9lev\u00e9es.<\/p>\n<p>Le syst\u00e8me se monte en toute transparence sur la cage de la cam\u00e9ra compl\u00e8te pour Sony ZV-E1 gr\u00e2ce \u00e0 deux vis \u00e0 oreilles, ce qui rend le processus d&#8217;installation rapide et efficace.<\/p>\n<p>Ce module de refroidissement peut \u00eatre aliment\u00e9 de mani\u00e8re pratique via USB-C, ce qui offre aux utilisateurs de nombreuses options pour alimenter le module.<\/p>\n<p>Le syst\u00e8me est \u00e9galement dot\u00e9 d&#8217;un ventilateur r\u00e9glable, qui vous permet de modifier la vitesse en fonction des situations de prise de vue, ce qui est particuli\u00e8rement utile lors de la capture de donn\u00e9es audio.<\/p>\n<p>&nbsp;<\/p>\n","protected":false},"excerpt":{"rendered":"<p>Le nouveau syst\u00e8me de refroidissement pour le Sony ZV-E1 est l&#8217;accessoire id\u00e9al pour les utilisateurs qui souhaitent r\u00e9aliser des prises de vue pendant de longues p\u00e9riodes dans des environnements o\u00f9 les temp\u00e9ratures sont plus \u00e9lev\u00e9es. Le syst\u00e8me se monte en [&hellip;]<\/p>\n","protected":false},"featured_media":1986470,"comment_status":"closed","ping_status":"closed","template":"","meta":[],"product_cat":[1754],"product_tag":[],"acf":[],"gallery_images":[1986471,1986472,1986473,1986474,1986475,1986476],"_links":{"self":[{"href":"https:\/\/eu.tilta.com\/fr\/wp-json\/wp\/v2\/product\/1986455"}],"collection":[{"href":"https:\/\/eu.tilta.com\/fr\/wp-json\/wp\/v2\/product"}],"about":[{"href":"https:\/\/eu.tilta.com\/fr\/wp-json\/wp\/v2\/types\/product"}],"replies":[{"embeddable":true,"href":"https:\/\/eu.tilta.com\/fr\/wp-json\/wp\/v2\/comments?post=1986455"}],"wp:featuredmedia":[{"embeddable":true,"href":"https:\/\/eu.tilta.com\/fr\/wp-json\/wp\/v2\/media\/1986470"}],"wp:attachment":[{"href":"https:\/\/eu.tilta.com\/fr\/wp-json\/wp\/v2\/media?parent=1986455"}],"wp:term":[{"taxonomy":"product_cat","embeddable":true,"href":"https:\/\/eu.tilta.com\/fr\/wp-json\/wp\/v2\/product_cat?post=1986455"},{"taxonomy":"product_tag","embeddable":true,"href":"https:\/\/eu.tilta.com\/fr\/wp-json\/wp\/v2\/product_tag?post=1986455"}],"curies":[{"name":"wp","href":"https:\/\/api.w.org\/{rel}","templated":true}]}}