{"id":1986524,"date":"2023-07-14T09:58:47","date_gmt":"2023-07-14T07:58:47","guid":{"rendered":"https:\/\/de.tilta.com\/shop\/cage-de-protection-pour-sony-fx3-fx30-v2-basic-kit\/"},"modified":"2026-05-09T10:46:58","modified_gmt":"2026-05-09T08:46:58","slug":"camera-cage-for-sony-fx3-fx30-v2-basic-kit","status":"publish","type":"product","link":"https:\/\/eu.tilta.com\/fr\/shop\/camera-cage-for-sony-fx3-fx30-v2-basic-kit\/","title":{"rendered":"Cage de protection pour Sony FX3\/FX30 V2 Basic Kit"},"content":{"rendered":"<p><em>Lib\u00e9rez la puissance de votre FX3 ou FX30 avec le nouveau et am\u00e9lior\u00e9 Basic Camera Cage Kit pour Sony FX3\/FX30 !<\/em><\/p>\n<p>Cette cage compl\u00e8te offre de nombreuses possibilit\u00e9s de montage de divers accessoires tels que des filetages 1\/4&#8243;-20 et 3\/8\u2033-16 avec divers points de positionnement, deux r\u00e9cepteurs de sabot froid, un rail OTAN pour les poign\u00e9es sup\u00e9rieures et des points de montage pour un porte-canne unique.<\/p>\n<p>Cette nouvelle conception est incroyablement modulaire, ce qui permet de retirer ou d&#8217;ajouter diff\u00e9rents c\u00f4t\u00e9s de la cage pour s&#8217;adapter \u00e0 diff\u00e9rents sc\u00e9narios de tir.<\/p>\n<p>Ceci est particuli\u00e8rement utile dans les situations o\u00f9 le poids est un probl\u00e8me, comme lors de l&#8217;utilisation d&#8217;un cardan ou d&#8217;accessoires tels que la poign\u00e9e XLR Top Handle avec laquelle cette cage est enti\u00e8rement compatible.<\/p>\n<p>En ce qui concerne les cardans, la plaque inf\u00e9rieure est \u00e9quip\u00e9e d&#8217;une plaque de fixation rapide ARCA, id\u00e9ale pour passer rapidement d&#8217;un tr\u00e9pied \u00e0 un cardan DJI. Veuillez noter que cette cage utilise la norme DJI pour l&#8217;ARCA. La compatibilit\u00e9 avec d&#8217;autres normes n&#8217;est pas garantie.<\/p>\n<p>Le nouveau serre-c\u00e2ble s&#8217;int\u00e8gre facilement \u00e0 la cage compl\u00e8te et offre une s\u00e9curit\u00e9 accrue pour les c\u00e2bles qui peuvent \u00eatre facilement fix\u00e9s \u00e0 l&#8217;aide d&#8217;une vis \u00e0 ailettes.<\/p>\n<p>La cage comporte d\u00e9sormais trois vis de fixation individuelles, ce qui am\u00e9liore consid\u00e9rablement la connexion entre le bo\u00eetier de l&#8217;appareil photo et la cage.<\/p>\n<p>Cela permet de s&#8217;assurer que les accessoires mont\u00e9s via la cage, tels que les moteurs de suivi de la mise au point sans fil, limiteront la torsion de l&#8217;avant de la cam\u00e9ra \u00e0 l&#8217;int\u00e9rieur de la cage elle-m\u00eame.<\/p>\n<p>Ce kit de base comprend la poign\u00e9e sup\u00e9rieure ergonomique Xeno, qui se monte sur le rail OTAN et offre une meilleure maniabilit\u00e9 et un meilleur fonctionnement gr\u00e2ce \u00e0 son nouveau design avec un d\u00e9gagement accru.<\/p>\n<p>Cette poign\u00e9e dispose d&#8217;une vari\u00e9t\u00e9 de points de montage tels que des filetages 1\/4&#8243;-20 et un r\u00e9cepteur Cold Shoe, parfait pour le montage d&#8217;un moniteur externe.<\/p>\n<p>Le kit est compl\u00e9t\u00e9 par notre plaque de base universelle 15 mm LWS qui prend en charge deux tiges de 15 mm et des accessoires \u00e0 base de tiges tels que les syst\u00e8mes de suivi de la mise au point ou les bo\u00eetes \u00e0 mats.<\/p>\n<p>Cette plaque de base utilise un r\u00e9cepteur DJI ARCA standard pour des transitions transparentes avec les cardans de la s\u00e9rie Ronin, tandis que la plaque inf\u00e9rieure est compatible avec nos queues d&#8217;aronde standard Tilta et dispose de filetages 1\/4\u2033-20 et 3\/8\u2033-16.<\/p>\n<p><em>Passez au kit de base V2 pour les Sony FX3 et FX30, et ouvrez un monde de possibilit\u00e9s pour vos projets cin\u00e9matographiques.<\/em><\/p>\n","protected":false},"excerpt":{"rendered":"<p>Lib\u00e9rez la puissance de votre FX3 ou FX30 avec le nouveau et am\u00e9lior\u00e9 Basic Camera Cage Kit pour Sony FX3\/FX30 ! Cette cage compl\u00e8te offre de nombreuses possibilit\u00e9s de montage de divers accessoires tels que des filetages 1\/4&#8243;-20 et 3\/8\u2033-16 [&hellip;]<\/p>\n","protected":false},"featured_media":1986528,"comment_status":"closed","ping_status":"closed","template":"","meta":[],"product_cat":[1703],"product_tag":[],"acf":[],"gallery_images":[1946060,1946059,1945455,1945456,1945454],"_links":{"self":[{"href":"https:\/\/eu.tilta.com\/fr\/wp-json\/wp\/v2\/product\/1986524"}],"collection":[{"href":"https:\/\/eu.tilta.com\/fr\/wp-json\/wp\/v2\/product"}],"about":[{"href":"https:\/\/eu.tilta.com\/fr\/wp-json\/wp\/v2\/types\/product"}],"replies":[{"embeddable":true,"href":"https:\/\/eu.tilta.com\/fr\/wp-json\/wp\/v2\/comments?post=1986524"}],"wp:featuredmedia":[{"embeddable":true,"href":"https:\/\/eu.tilta.com\/fr\/wp-json\/wp\/v2\/media\/1986528"}],"wp:attachment":[{"href":"https:\/\/eu.tilta.com\/fr\/wp-json\/wp\/v2\/media?parent=1986524"}],"wp:term":[{"taxonomy":"product_cat","embeddable":true,"href":"https:\/\/eu.tilta.com\/fr\/wp-json\/wp\/v2\/product_cat?post=1986524"},{"taxonomy":"product_tag","embeddable":true,"href":"https:\/\/eu.tilta.com\/fr\/wp-json\/wp\/v2\/product_tag?post=1986524"}],"curies":[{"name":"wp","href":"https:\/\/api.w.org\/{rel}","templated":true}]}}