{"id":1987309,"date":"2023-06-13T11:12:16","date_gmt":"2023-06-13T09:12:16","guid":{"rendered":"https:\/\/de.tilta.com\/shop\/tilta-arca-support-de-fixation-pour-telephone-noir\/"},"modified":"2025-12-05T12:42:50","modified_gmt":"2025-12-05T11:42:50","slug":"tilta-arca-phone-mounting-bracket-black","status":"publish","type":"product","link":"https:\/\/eu.tilta.com\/fr\/shop\/tilta-arca-phone-mounting-bracket-black\/","title":{"rendered":"Tilta ARCA Support de fixation pour t\u00e9l\u00e9phone &#8211; Noir"},"content":{"rendered":"<p><em>Le support de fixation de t\u00e9l\u00e9phone Tilta ARCA est le support de fixation de smartphone l\u00e9ger parfait pour votre cardan ou votre syst\u00e8me de support !<\/em><\/p>\n<p>Ce support se fixe \u00e0 votre Smartphone via une pince universelle et utilise une plaque de fixation rapide ARCA sur la partie inf\u00e9rieure, ce qui vous permet de monter facilement le syst\u00e8me sur des cardans ARCA tels que le DJI RS3 Mini.<\/p>\n<p>Le r\u00e9cepteur Cold Shoe situ\u00e9 sur le dessus de ce support de montage vous permet de monter de petits accessoires bas\u00e9s sur Cold Shoe comme des microphones externes.<\/p>\n<p><strong>REMARQUE : ce support de montage utilise la norme ARCA de DJI. La compatibilit\u00e9 avec ARCA n&#8217;est pas garantie.  <\/strong><\/p>\n<p>&nbsp;<\/p>\n<p>&nbsp;<\/p>\n","protected":false},"excerpt":{"rendered":"<p>Le support de fixation de t\u00e9l\u00e9phone Tilta ARCA est le support de fixation de smartphone l\u00e9ger parfait pour votre cardan ou votre syst\u00e8me de support ! Ce support se fixe \u00e0 votre Smartphone via une pince universelle et utilise une [&hellip;]<\/p>\n","protected":false},"featured_media":1987340,"comment_status":"closed","ping_status":"closed","template":"","meta":[],"product_cat":[2249,2077,2010,2076],"product_tag":[],"acf":[],"gallery_images":[1987342,1987343,1987344,1987345,1987347,1987348,1987350],"_links":{"self":[{"href":"https:\/\/eu.tilta.com\/fr\/wp-json\/wp\/v2\/product\/1987309"}],"collection":[{"href":"https:\/\/eu.tilta.com\/fr\/wp-json\/wp\/v2\/product"}],"about":[{"href":"https:\/\/eu.tilta.com\/fr\/wp-json\/wp\/v2\/types\/product"}],"replies":[{"embeddable":true,"href":"https:\/\/eu.tilta.com\/fr\/wp-json\/wp\/v2\/comments?post=1987309"}],"wp:featuredmedia":[{"embeddable":true,"href":"https:\/\/eu.tilta.com\/fr\/wp-json\/wp\/v2\/media\/1987340"}],"wp:attachment":[{"href":"https:\/\/eu.tilta.com\/fr\/wp-json\/wp\/v2\/media?parent=1987309"}],"wp:term":[{"taxonomy":"product_cat","embeddable":true,"href":"https:\/\/eu.tilta.com\/fr\/wp-json\/wp\/v2\/product_cat?post=1987309"},{"taxonomy":"product_tag","embeddable":true,"href":"https:\/\/eu.tilta.com\/fr\/wp-json\/wp\/v2\/product_tag?post=1987309"}],"curies":[{"name":"wp","href":"https:\/\/api.w.org\/{rel}","templated":true}]}}