{"id":1987456,"date":"2023-06-13T09:53:27","date_gmt":"2023-06-13T07:53:27","guid":{"rendered":"https:\/\/de.tilta.com\/shop\/tilta-accessory-mounting-clamp-noir\/"},"modified":"2026-03-13T14:16:45","modified_gmt":"2026-03-13T13:16:45","slug":"tilta-accessory-mounting-clamp-black","status":"publish","type":"product","link":"https:\/\/eu.tilta.com\/fr\/shop\/tilta-accessory-mounting-clamp-black\/","title":{"rendered":"Tilta Accessory Mounting Clamp &#8211; Noir"},"content":{"rendered":"<p><em>La pince de montage d&#8217;accessoires Tilta est une pince de montage d&#8217;accessoires polyvalente, con\u00e7ue pour se fixer en toute s\u00e9curit\u00e9 sur diverses pi\u00e8ces, ce qui vous permet de monter facilement une large gamme d&#8217;accessoires.<\/em><\/p>\n<p>Dot\u00e9e de filetages 1\/4&#8243;-20 et 3\/8&#8243;-16 avec points de positionnement, cette pince ouvre un monde de possibilit\u00e9s pour le montage d&#8217;accessoires tels que bras articul\u00e9s, moniteurs externes, microphones \u00e0 perche, lumi\u00e8res LED, \u00e9metteurs vid\u00e9o sans fil et petites plaques de batterie.<\/p>\n<p>Gr\u00e2ce \u00e0 sa poign\u00e9e en silicone antid\u00e9rapante, vous pouvez \u00eatre s\u00fbr que votre \u00e9quipement restera bien en place, m\u00eame lors de prises de vue et de mouvements dynamiques.<\/p>\n<p>La pince de montage d&#8217;accessoires Tilta s&#8217;ouvre jusqu&#8217;\u00e0 30 mm et se resserre jusqu&#8217;\u00e0 13 mm, avec une capacit\u00e9 de poids maximale de 3 kg.<\/p>\n<p>Ne se limitant pas aux options de montage conventionnelles, cette pince est parfaite pour fixer des accessoires sur des cardans, des supports ou m\u00eame pour monter une petite cam\u00e9ra d&#8217;action.<\/p>\n<p><em>Que vous soyez cin\u00e9aste, photographe ou cr\u00e9ateur de contenu, la pince de montage pour accessoires Tilta vous ouvre un monde de possibilit\u00e9s cr\u00e9atives.<\/em><\/p>\n","protected":false},"excerpt":{"rendered":"<p>La pince de montage d&#8217;accessoires Tilta est une pince de montage d&#8217;accessoires polyvalente, con\u00e7ue pour se fixer en toute s\u00e9curit\u00e9 sur diverses pi\u00e8ces, ce qui vous permet de monter facilement une large gamme d&#8217;accessoires. Dot\u00e9e de filetages 1\/4&#8243;-20 et 3\/8&#8243;-16 [&hellip;]<\/p>\n","protected":false},"featured_media":1987470,"comment_status":"closed","ping_status":"closed","template":"","meta":[],"product_cat":[1811,1881,1880],"product_tag":[],"acf":[],"gallery_images":[1987471,1987472,1987475,1987479,1987482,1987483],"_links":{"self":[{"href":"https:\/\/eu.tilta.com\/fr\/wp-json\/wp\/v2\/product\/1987456"}],"collection":[{"href":"https:\/\/eu.tilta.com\/fr\/wp-json\/wp\/v2\/product"}],"about":[{"href":"https:\/\/eu.tilta.com\/fr\/wp-json\/wp\/v2\/types\/product"}],"replies":[{"embeddable":true,"href":"https:\/\/eu.tilta.com\/fr\/wp-json\/wp\/v2\/comments?post=1987456"}],"wp:featuredmedia":[{"embeddable":true,"href":"https:\/\/eu.tilta.com\/fr\/wp-json\/wp\/v2\/media\/1987470"}],"wp:attachment":[{"href":"https:\/\/eu.tilta.com\/fr\/wp-json\/wp\/v2\/media?parent=1987456"}],"wp:term":[{"taxonomy":"product_cat","embeddable":true,"href":"https:\/\/eu.tilta.com\/fr\/wp-json\/wp\/v2\/product_cat?post=1987456"},{"taxonomy":"product_tag","embeddable":true,"href":"https:\/\/eu.tilta.com\/fr\/wp-json\/wp\/v2\/product_tag?post=1987456"}],"curies":[{"name":"wp","href":"https:\/\/api.w.org\/{rel}","templated":true}]}}