{"id":1987458,"date":"2023-06-15T09:38:19","date_gmt":"2023-06-15T07:38:19","guid":{"rendered":"https:\/\/de.tilta.com\/shop\/demi-cage-pour-sony-zv-e1\/"},"modified":"2025-12-05T12:43:25","modified_gmt":"2025-12-05T11:43:25","slug":"half-camera-cage-for-sony-zv-e1","status":"publish","type":"product","link":"https:\/\/eu.tilta.com\/fr\/shop\/half-camera-cage-for-sony-zv-e1\/","title":{"rendered":"Demi-cage pour Sony ZV-E1"},"content":{"rendered":"<p><em>Voici la demi-cage de cam\u00e9ra pour Sony ZV-E1 &#8211; l&#8217;option l\u00e9g\u00e8re ultime pour \u00e9tendre les capacit\u00e9s vid\u00e9o de votre cam\u00e9ra tout en conservant un petit format !<\/em><\/p>\n<p>Con\u00e7ue pour \u00eatre compacte mais aussi accommodante que possible, cette cage \u00e0 cam\u00e9ra vous permet d&#8217;atteindre de nouveaux sommets en mati\u00e8re de vid\u00e9ographie.<\/p>\n<p>Cette demi-cage prend en charge une large gamme d&#8217;accessoires externes tout en conservant un faible encombrement gr\u00e2ce \u00e0 de multiples options de montage, notamment un r\u00e9cepteur Cold Shoe, un rail NATO, des filetages M3 pour le support d&#8217;objectif et des filetages \u00bc&#8221;-20 avec des points de rep\u00e8re.<\/p>\n<p>Passez en toute transparence d&#8217;une configuration de prise de vue horizontale \u00e0 une configuration de prise de vue verticale gr\u00e2ce \u00e0 la plaque amovible ARCA \u00e0 d\u00e9gagement rapide qui peut \u00eatre mont\u00e9e \u00e0 la fois sur le fond et sur le c\u00f4t\u00e9 de la cage.<\/p>\n<p>Compatible avec le microphone sans fil Sony ECM-W2BT, cette cage de cam\u00e9ra s&#8217;int\u00e8gre parfaitement \u00e0 votre installation audio.<\/p>\n<p>Gr\u00e2ce \u00e0 sa forme en L, cette cage vous permet de conserver un acc\u00e8s ininterrompu aux ports de la cam\u00e9ra, aux boutons de l&#8217;utilisateur et au compartiment de la batterie sans avoir \u00e0 retirer la cage.<\/p>\n<p><em>Am\u00e9liorez votre jeu vid\u00e9o avec la demi-cage \u00e0 cam\u00e9ra pour Sony ZV-E1 et lib\u00e9rez le v\u00e9ritable potentiel de votre cam\u00e9ra.<\/em><\/p>\n","protected":false},"excerpt":{"rendered":"<p>Voici la demi-cage de cam\u00e9ra pour Sony ZV-E1 &#8211; l&#8217;option l\u00e9g\u00e8re ultime pour \u00e9tendre les capacit\u00e9s vid\u00e9o de votre cam\u00e9ra tout en conservant un petit format ! Con\u00e7ue pour \u00eatre compacte mais aussi accommodante que possible, cette cage \u00e0 cam\u00e9ra [&hellip;]<\/p>\n","protected":false},"featured_media":1987474,"comment_status":"closed","ping_status":"closed","template":"","meta":[],"product_cat":[1754],"product_tag":[],"acf":[],"gallery_images":[1944632,1944631,1944567,1944568,1944569],"_links":{"self":[{"href":"https:\/\/eu.tilta.com\/fr\/wp-json\/wp\/v2\/product\/1987458"}],"collection":[{"href":"https:\/\/eu.tilta.com\/fr\/wp-json\/wp\/v2\/product"}],"about":[{"href":"https:\/\/eu.tilta.com\/fr\/wp-json\/wp\/v2\/types\/product"}],"replies":[{"embeddable":true,"href":"https:\/\/eu.tilta.com\/fr\/wp-json\/wp\/v2\/comments?post=1987458"}],"wp:featuredmedia":[{"embeddable":true,"href":"https:\/\/eu.tilta.com\/fr\/wp-json\/wp\/v2\/media\/1987474"}],"wp:attachment":[{"href":"https:\/\/eu.tilta.com\/fr\/wp-json\/wp\/v2\/media?parent=1987458"}],"wp:term":[{"taxonomy":"product_cat","embeddable":true,"href":"https:\/\/eu.tilta.com\/fr\/wp-json\/wp\/v2\/product_cat?post=1987458"},{"taxonomy":"product_tag","embeddable":true,"href":"https:\/\/eu.tilta.com\/fr\/wp-json\/wp\/v2\/product_tag?post=1987458"}],"curies":[{"name":"wp","href":"https:\/\/api.w.org\/{rel}","templated":true}]}}