{"id":1987591,"date":"2023-06-13T09:39:16","date_gmt":"2023-06-13T07:39:16","guid":{"rendered":"https:\/\/de.tilta.com\/shop\/tilta-pocket-v-mount-battery-plate-v2-noir\/"},"modified":"2025-12-05T12:43:15","modified_gmt":"2025-12-05T11:43:15","slug":"tilta-pocket-v-mount-battery-plate-v2-black","status":"publish","type":"product","link":"https:\/\/eu.tilta.com\/fr\/shop\/tilta-pocket-v-mount-battery-plate-v2-black\/","title":{"rendered":"Tilta Pocket V-Mount Battery Plate V2 &#8211; Noir"},"content":{"rendered":"<p><em>D\u00e9couvrez la nouvelle g\u00e9n\u00e9ration de solutions d&#8217;alimentation les plus l\u00e9g\u00e8res jamais con\u00e7ues.  <\/em><\/p>\n<p>La plaque de batterie Pocket V-Mount V2 est la solution ultime pour monter des batteries V-Mount tout en ajoutant le moins de poids possible.<\/p>\n<p>Cela fait de la Pocket V-Mount Plate V2 une option incroyablement pratique pour alimenter votre cam\u00e9ra ou vos accessoires via des batteries V-Mount de haute capacit\u00e9 tout en gardant votre appareil suffisamment compact et l\u00e9ger pour une utilisation avec un gimbal ou un drone.<\/p>\n<p>Les dimensions physiques de cette plaque sont l\u00e9g\u00e8rement plus grandes que la connexion V-Lock d&#8217;une batterie V-Mount standard, ce qui offre aux utilisateurs une flexibilit\u00e9 in\u00e9gal\u00e9e en termes d&#8217;emplacement de montage de cette plaque.<\/p>\n<p>La plaque est munie d&#8217;une vis universelle de 1\/4&#8243;-20 avec des goupilles de positionnement qui assurent une connexion s\u00fbre tout en minimisant le risque de rotation de la plaque hors de sa position.<\/p>\n<p>C&#8217;est l&#8217;accessoire id\u00e9al \u00e0 associer \u00e0 notre syst\u00e8me d&#8217;\u00e9paule l\u00e9ger, \u00e0 notre plaque de montage d&#8217;accessoires r\u00e9glable ou \u00e0 l&#8217;une de nos cages d&#8217;appareil photo.<\/p>\n<p><em>Que vous ayez besoin d&#8217;une solution l\u00e9g\u00e8re pour votre gimbal ou que vous cherchiez simplement \u00e0 rendre moins fatigantes les longues journ\u00e9es pass\u00e9es \u00e0 la main, le Pocket V-Mount Battery Plate V2 est un excellent ajout au kit de tout cin\u00e9aste !<\/em><\/p>\n<p><strong>NOTE : Cette plaque est uniquement m\u00e9canique et ne comporte pas de ports de sortie de puissance.<\/strong><\/p>\n","protected":false},"excerpt":{"rendered":"<p>D\u00e9couvrez la nouvelle g\u00e9n\u00e9ration de solutions d&#8217;alimentation les plus l\u00e9g\u00e8res jamais con\u00e7ues. La plaque de batterie Pocket V-Mount V2 est la solution ultime pour monter des batteries V-Mount tout en ajoutant le moins de poids possible. Cela fait de la [&hellip;]<\/p>\n","protected":false},"featured_media":1987598,"comment_status":"closed","ping_status":"closed","template":"","meta":[],"product_cat":[3233,2260,2254],"product_tag":[],"acf":[],"gallery_images":[1987599,1987600,1987602,1987603,1987605,1987607,1987609],"_links":{"self":[{"href":"https:\/\/eu.tilta.com\/fr\/wp-json\/wp\/v2\/product\/1987591"}],"collection":[{"href":"https:\/\/eu.tilta.com\/fr\/wp-json\/wp\/v2\/product"}],"about":[{"href":"https:\/\/eu.tilta.com\/fr\/wp-json\/wp\/v2\/types\/product"}],"replies":[{"embeddable":true,"href":"https:\/\/eu.tilta.com\/fr\/wp-json\/wp\/v2\/comments?post=1987591"}],"wp:featuredmedia":[{"embeddable":true,"href":"https:\/\/eu.tilta.com\/fr\/wp-json\/wp\/v2\/media\/1987598"}],"wp:attachment":[{"href":"https:\/\/eu.tilta.com\/fr\/wp-json\/wp\/v2\/media?parent=1987591"}],"wp:term":[{"taxonomy":"product_cat","embeddable":true,"href":"https:\/\/eu.tilta.com\/fr\/wp-json\/wp\/v2\/product_cat?post=1987591"},{"taxonomy":"product_tag","embeddable":true,"href":"https:\/\/eu.tilta.com\/fr\/wp-json\/wp\/v2\/product_tag?post=1987591"}],"curies":[{"name":"wp","href":"https:\/\/api.w.org\/{rel}","templated":true}]}}