{"id":1987683,"date":"2023-05-08T20:24:36","date_gmt":"2023-05-08T18:24:36","guid":{"rendered":"https:\/\/de.tilta.com\/shop\/tilta-universal-arca-quick-release-baseplate-noir\/"},"modified":"2026-01-09T22:15:06","modified_gmt":"2026-01-09T21:15:06","slug":"tilta-universal-arca-quick-release-baseplate-black","status":"publish","type":"product","link":"https:\/\/eu.tilta.com\/fr\/shop\/tilta-universal-arca-quick-release-baseplate-black\/","title":{"rendered":"Tilta Universal ARCA Quick Release Baseplate &#8211; Noir"},"content":{"rendered":"<p><em>La plaque de base universelle ARCA \u00e0 d\u00e9gagement rapide de Tilta est une option l\u00e9g\u00e8re et pratique pour fixer en toute s\u00e9curit\u00e9 votre appareil photo sur une large gamme de syst\u00e8mes de support.  <\/em><\/p>\n<p>Compatible avec la norme ARCA, cette plaque de base est sp\u00e9cialement con\u00e7ue pour fonctionner sans probl\u00e8me avec les plaques de fixation rapide ARCA de 38 mm.<\/p>\n<p>Cette plaque de base est dot\u00e9e d&#8217;un levier de verrouillage r\u00e9glable qui permet d&#8217;am\u00e9liorer la compatibilit\u00e9 avec les normes des diff\u00e9rentes marques pour les plaques \u00e0 d\u00e9gagement rapide, les cages \u00e0 cam\u00e9ra, les supports en L, etc.<\/p>\n<p>La partie inf\u00e9rieure de cette plaque de base comporte plusieurs filetages 1\/4&#8243;-20 et un filet 3\/8&#8243;-16, ce qui facilite la fixation de cette plaque de base \u00e0 une s\u00e9rie de syst\u00e8mes diff\u00e9rents.<\/p>\n<p><em>La plaque de base universelle ARCA de Tilta offre une solution fiable, pratique et adaptable pour le montage de votre appareil photo sur diff\u00e9rents syst\u00e8mes de support.  <\/em><\/p>\n","protected":false},"excerpt":{"rendered":"<p>La plaque de base universelle ARCA \u00e0 d\u00e9gagement rapide de Tilta est une option l\u00e9g\u00e8re et pratique pour fixer en toute s\u00e9curit\u00e9 votre appareil photo sur une large gamme de syst\u00e8mes de support. Compatible avec la norme ARCA, cette plaque [&hellip;]<\/p>\n","protected":false},"featured_media":1987691,"comment_status":"closed","ping_status":"closed","template":"","meta":[],"product_cat":[3291,2022,1998,1880],"product_tag":[],"acf":[],"gallery_images":[1987693,1987695,1987697,1987698],"_links":{"self":[{"href":"https:\/\/eu.tilta.com\/fr\/wp-json\/wp\/v2\/product\/1987683"}],"collection":[{"href":"https:\/\/eu.tilta.com\/fr\/wp-json\/wp\/v2\/product"}],"about":[{"href":"https:\/\/eu.tilta.com\/fr\/wp-json\/wp\/v2\/types\/product"}],"replies":[{"embeddable":true,"href":"https:\/\/eu.tilta.com\/fr\/wp-json\/wp\/v2\/comments?post=1987683"}],"wp:featuredmedia":[{"embeddable":true,"href":"https:\/\/eu.tilta.com\/fr\/wp-json\/wp\/v2\/media\/1987691"}],"wp:attachment":[{"href":"https:\/\/eu.tilta.com\/fr\/wp-json\/wp\/v2\/media?parent=1987683"}],"wp:term":[{"taxonomy":"product_cat","embeddable":true,"href":"https:\/\/eu.tilta.com\/fr\/wp-json\/wp\/v2\/product_cat?post=1987683"},{"taxonomy":"product_tag","embeddable":true,"href":"https:\/\/eu.tilta.com\/fr\/wp-json\/wp\/v2\/product_tag?post=1987683"}],"curies":[{"name":"wp","href":"https:\/\/api.w.org\/{rel}","templated":true}]}}