{"id":1987849,"date":"2023-06-08T14:24:54","date_gmt":"2023-06-08T12:24:54","guid":{"rendered":"https:\/\/de.tilta.com\/shop\/cage-de-camera-pour-dji-ronin-4d-flex-basic-kit\/"},"modified":"2025-12-05T12:43:22","modified_gmt":"2025-12-05T11:43:22","slug":"camera-cage-for-dji-ronin-4d-flex","status":"publish","type":"product","link":"https:\/\/eu.tilta.com\/fr\/shop\/camera-cage-for-dji-ronin-4d-flex\/","title":{"rendered":"Cage de cam\u00e9ra pour DJI Ronin 4D Flex Basic Kit"},"content":{"rendered":"<p><em>La cage de cam\u00e9ra Tilta pour DJI Ronin 4D Flex est l&#8217;option parfaite pour faire passer votre 4D Flex au niveau sup\u00e9rieur.<\/em><\/p>\n<p>Cette cage \u00e0 cam\u00e9ra \u00e9largit vos options de montage du 4D en vous permettant de construire le syst\u00e8me dans une configuration de studio plus traditionnelle, ce qui vous donne une polyvalence et un contr\u00f4le in\u00e9gal\u00e9s.<\/p>\n<p>Con\u00e7ue pour les grands objectifs, tels que les zooms, la cage \u00e0 cam\u00e9ra Tilta est \u00e9quip\u00e9e d&#8217;une plaque de base LWS de 15 mm et de tiges de 15 mm, qui s&#8217;adaptent facilement aux syst\u00e8mes de suivi manuel de la mise au point ou aux moteurs de contr\u00f4le d&#8217;objectif sans fil.<\/p>\n<p>La cage offre une vari\u00e9t\u00e9 d&#8217;options de montage, y compris des dispositifs de soulagement de la patte froide, des rails OTAN et des filetages 1\/4&#8243;-20 avec des goupilles de positionnement.<\/p>\n<p>Le syst\u00e8me de montage \u00e0 d\u00e9gagement rapide permet de passer rapidement d&#8217;une configuration \u00e0 l&#8217;autre, ce qui vous fait gagner un temps pr\u00e9cieux sur le plateau.<\/p>\n<p>En outre, la cage comporte des points de fixation suppl\u00e9mentaires sur le bo\u00eetier de l&#8217;appareil photo, ce qui permet d&#8217;am\u00e9liorer la s\u00e9curit\u00e9 de votre appareil photo et de vos accessoires.<\/p>\n<p>Comme nos autres cages \u00e0 cam\u00e9ra, elle est con\u00e7ue pour s&#8217;int\u00e9grer parfaitement \u00e0 une multitude d&#8217;accessoires et de syst\u00e8mes de support, ce qui ouvre de nouvelles possibilit\u00e9s de personnalisation.<\/p>\n<p>Combinez-le avec des syst\u00e8mes de soutien comme le Tilta Float pour une meilleure stabilisation ou explorez nos autres syst\u00e8mes pour \u00e9largir vos horizons cr\u00e9atifs.<\/p>\n<p><em>Am\u00e9liorez votre exp\u00e9rience DJI Ronin 4D Flex avec la cage de cam\u00e9ra Tilta &#8211; l&#8217;outil ultime pour \u00e9tendre consid\u00e9rablement les fonctionnalit\u00e9s dans un environnement de studio !  <\/em><\/p>\n","protected":false},"excerpt":{"rendered":"<p>La cage de cam\u00e9ra Tilta pour DJI Ronin 4D Flex est l&#8217;option parfaite pour faire passer votre 4D Flex au niveau sup\u00e9rieur. Cette cage \u00e0 cam\u00e9ra \u00e9largit vos options de montage du 4D en vous permettant de construire le syst\u00e8me [&hellip;]<\/p>\n","protected":false},"featured_media":1987852,"comment_status":"closed","ping_status":"closed","template":"","meta":[],"product_cat":[2266],"product_tag":[],"acf":[],"gallery_images":[1987853,1987854,1987855,1987724,1987725],"_links":{"self":[{"href":"https:\/\/eu.tilta.com\/fr\/wp-json\/wp\/v2\/product\/1987849"}],"collection":[{"href":"https:\/\/eu.tilta.com\/fr\/wp-json\/wp\/v2\/product"}],"about":[{"href":"https:\/\/eu.tilta.com\/fr\/wp-json\/wp\/v2\/types\/product"}],"replies":[{"embeddable":true,"href":"https:\/\/eu.tilta.com\/fr\/wp-json\/wp\/v2\/comments?post=1987849"}],"wp:featuredmedia":[{"embeddable":true,"href":"https:\/\/eu.tilta.com\/fr\/wp-json\/wp\/v2\/media\/1987852"}],"wp:attachment":[{"href":"https:\/\/eu.tilta.com\/fr\/wp-json\/wp\/v2\/media?parent=1987849"}],"wp:term":[{"taxonomy":"product_cat","embeddable":true,"href":"https:\/\/eu.tilta.com\/fr\/wp-json\/wp\/v2\/product_cat?post=1987849"},{"taxonomy":"product_tag","embeddable":true,"href":"https:\/\/eu.tilta.com\/fr\/wp-json\/wp\/v2\/product_tag?post=1987849"}],"curies":[{"name":"wp","href":"https:\/\/api.w.org\/{rel}","templated":true}]}}