{"id":1987850,"date":"2023-05-08T10:54:41","date_gmt":"2023-05-08T08:54:41","guid":{"rendered":"https:\/\/de.tilta.com\/shop\/tilta-universal-power-bank-holder-noir\/"},"modified":"2026-04-22T11:12:17","modified_gmt":"2026-04-22T09:12:17","slug":"tilta-universal-power-bank-holder-black","status":"publish","type":"product","link":"https:\/\/eu.tilta.com\/fr\/shop\/tilta-universal-power-bank-holder-black\/","title":{"rendered":"Tilta Universal Power Bank Holder &#8211; Noir"},"content":{"rendered":"<p><em>Le Tilta Universal Power Bank Holder est l&#8217;accessoire id\u00e9al pour fixer les banques d&#8217;\u00e9nergie et autres accessoires similaires sur la cage de votre appareil photo.  <\/em><\/p>\n<p>Ce support universel pour banque d&#8217;alimentation est compatible avec les banques d&#8217;alimentation d&#8217;une largeur de 59 mm \u00e0 94 mm et d&#8217;une hauteur maximale de 30 mm.<\/p>\n<p>Sa conception r\u00e9glable assure un ajustement s\u00fbr, maintenant votre banque d&#8217;alimentation fermement en place pendant la prise de vue.<\/p>\n<p>Cet accessoire \u00e0 pince se monte \u00e0 l&#8217;aide de deux vis 1\/4&#8243;-20, offrant une connexion stable et s\u00fbre avec une grande flexibilit\u00e9 pour diverses options de montage.<\/p>\n<p>Outre le montage des banques d&#8217;alimentation, ce support comporte des points de montage suppl\u00e9mentaires, tels qu&#8217;un r\u00e9cepteur de sabot froid et des filetages 1\/4&#8243;-20, qui vous permettent de fixer des accessoires suppl\u00e9mentaires si n\u00e9cessaire.<\/p>\n<p><em>Profitez d&#8217;une alimentation ininterrompue et \u00e9largissez vos possibilit\u00e9s cr\u00e9atives gr\u00e2ce \u00e0 ce support de banque d&#8217;alimentation fiable.<\/em><\/p>\n","protected":false},"excerpt":{"rendered":"<p>Le Tilta Universal Power Bank Holder est l&#8217;accessoire id\u00e9al pour fixer les banques d&#8217;\u00e9nergie et autres accessoires similaires sur la cage de votre appareil photo. Ce support universel pour banque d&#8217;alimentation est compatible avec les banques d&#8217;alimentation d&#8217;une largeur de [&hellip;]<\/p>\n","protected":false},"featured_media":1987899,"comment_status":"closed","ping_status":"closed","template":"","meta":[],"product_cat":[1780,2272,1880,2271],"product_tag":[],"acf":[],"gallery_images":[1987900,1987901,1987902],"_links":{"self":[{"href":"https:\/\/eu.tilta.com\/fr\/wp-json\/wp\/v2\/product\/1987850"}],"collection":[{"href":"https:\/\/eu.tilta.com\/fr\/wp-json\/wp\/v2\/product"}],"about":[{"href":"https:\/\/eu.tilta.com\/fr\/wp-json\/wp\/v2\/types\/product"}],"replies":[{"embeddable":true,"href":"https:\/\/eu.tilta.com\/fr\/wp-json\/wp\/v2\/comments?post=1987850"}],"wp:featuredmedia":[{"embeddable":true,"href":"https:\/\/eu.tilta.com\/fr\/wp-json\/wp\/v2\/media\/1987899"}],"wp:attachment":[{"href":"https:\/\/eu.tilta.com\/fr\/wp-json\/wp\/v2\/media?parent=1987850"}],"wp:term":[{"taxonomy":"product_cat","embeddable":true,"href":"https:\/\/eu.tilta.com\/fr\/wp-json\/wp\/v2\/product_cat?post=1987850"},{"taxonomy":"product_tag","embeddable":true,"href":"https:\/\/eu.tilta.com\/fr\/wp-json\/wp\/v2\/product_tag?post=1987850"}],"curies":[{"name":"wp","href":"https:\/\/api.w.org\/{rel}","templated":true}]}}