{"id":1987898,"date":"2023-06-08T08:36:48","date_gmt":"2023-06-08T06:36:48","guid":{"rendered":"https:\/\/de.tilta.com\/shop\/module-de-distribution-dalimentation-24v-pour-dji-ronin-2\/"},"modified":"2026-04-30T10:27:46","modified_gmt":"2026-04-30T08:27:46","slug":"24v-power-distribution-module-for-dji-ronin-2","status":"publish","type":"product","link":"https:\/\/eu.tilta.com\/fr\/shop\/24v-power-distribution-module-for-dji-ronin-2\/","title":{"rendered":"Module de distribution d&#8217;alimentation 24V pour DJI Ronin 2"},"content":{"rendered":"<p>Ce module de distribution d&#8217;\u00e9nergie pour DJI Ronin 2 vous permet d&#8217;alimenter des accessoires 24V et des syst\u00e8mes de cam\u00e9ra via un c\u00e2ble d&#8217;alimentation m\u00e2le \u00e0 4 broches vers un c\u00e2ble femelle \u00e0 4 broches.<\/p>\n<p>C&#8217;est l&#8217;option parfaite pour alimenter les syst\u00e8mes 24V comme l&#8217;ARRI ALEXA 35 et peut \u00e9galement \u00eatre utilis\u00e9 pour alimenter d&#8217;autres accessoires 24V qui utilisent une connexion \u00e0 4 broches.<\/p>\n","protected":false},"excerpt":{"rendered":"<p>Ce module de distribution d&#8217;\u00e9nergie pour DJI Ronin 2 vous permet d&#8217;alimenter des accessoires 24V et des syst\u00e8mes de cam\u00e9ra via un c\u00e2ble d&#8217;alimentation m\u00e2le \u00e0 4 broches vers un c\u00e2ble femelle \u00e0 4 broches. C&#8217;est l&#8217;option parfaite pour alimenter [&hellip;]<\/p>\n","protected":false},"featured_media":1987903,"comment_status":"closed","ping_status":"closed","template":"","meta":[],"product_cat":[2249,2200],"product_tag":[],"acf":[],"gallery_images":[1987904,1987905],"_links":{"self":[{"href":"https:\/\/eu.tilta.com\/fr\/wp-json\/wp\/v2\/product\/1987898"}],"collection":[{"href":"https:\/\/eu.tilta.com\/fr\/wp-json\/wp\/v2\/product"}],"about":[{"href":"https:\/\/eu.tilta.com\/fr\/wp-json\/wp\/v2\/types\/product"}],"replies":[{"embeddable":true,"href":"https:\/\/eu.tilta.com\/fr\/wp-json\/wp\/v2\/comments?post=1987898"}],"wp:featuredmedia":[{"embeddable":true,"href":"https:\/\/eu.tilta.com\/fr\/wp-json\/wp\/v2\/media\/1987903"}],"wp:attachment":[{"href":"https:\/\/eu.tilta.com\/fr\/wp-json\/wp\/v2\/media?parent=1987898"}],"wp:term":[{"taxonomy":"product_cat","embeddable":true,"href":"https:\/\/eu.tilta.com\/fr\/wp-json\/wp\/v2\/product_cat?post=1987898"},{"taxonomy":"product_tag","embeddable":true,"href":"https:\/\/eu.tilta.com\/fr\/wp-json\/wp\/v2\/product_tag?post=1987898"}],"curies":[{"name":"wp","href":"https:\/\/api.w.org\/{rel}","templated":true}]}}