{"id":1987960,"date":"2023-05-08T10:34:00","date_gmt":"2023-05-08T08:34:00","guid":{"rendered":"https:\/\/de.tilta.com\/shop\/tilta-support-de-fixation-de-telephone-rotatif-noir\/"},"modified":"2026-05-07T09:07:56","modified_gmt":"2026-05-07T07:07:56","slug":"tilta-rotatable-phone-mounting-bracket-black","status":"publish","type":"product","link":"https:\/\/eu.tilta.com\/fr\/shop\/tilta-rotatable-phone-mounting-bracket-black\/","title":{"rendered":"Tilta Support de fixation de t\u00e9l\u00e9phone rotatif &#8211; Noir"},"content":{"rendered":"<p><em>Le support rotatif pour t\u00e9l\u00e9phone Tilta est l&#8217;accessoire id\u00e9al pour int\u00e9grer votre smartphone \u00e0 votre appareil photo ou \u00e0 votre syst\u00e8me de support.<\/em><\/p>\n<p>Con\u00e7u dans un souci de polyvalence, ce support de montage offre une flexibilit\u00e9 exceptionnelle avec une plage d&#8217;inclinaison de 180 degr\u00e9s et une capacit\u00e9 de rotation de 360 degr\u00e9s.<\/p>\n<p>Ce support maintient solidement votre smartphone en place gr\u00e2ce \u00e0 une pince r\u00e9glable qui s&#8217;adapte aux appareils d&#8217;une largeur comprise entre 60 mm et 90 mm.<\/p>\n<p>Ce support est \u00e9galement dot\u00e9 d&#8217;un rembourrage en silicone qui non seulement prot\u00e8ge votre appareil des rayures, mais am\u00e9liore la force de pr\u00e9hension de la pince, ce qui se traduit par une connexion plus s\u00fbre.<\/p>\n<p>Il comporte des points de fixation suppl\u00e9mentaires pour les accessoires \u00e0 pattes froides et \u00e0 base 1\/4&#8243;-20, ce qui vous permet de fixer une vari\u00e9t\u00e9 d&#8217;accessoires et de supports compatibles.<\/p>\n<p>Le support de montage rotatif pour t\u00e9l\u00e9phone Tilta est le compagnon id\u00e9al pour tout photographe ou vid\u00e9aste souhaitant \u00e9tendre les fonctionnalit\u00e9s de son appareil \u00e0 l&#8217;aide de son smartphone.<\/p>\n<p><em>Am\u00e9liorez votre flux de travail cr\u00e9atif et ouvrez de nouvelles possibilit\u00e9s gr\u00e2ce \u00e0 cette solution de montage durable, r\u00e9glable et riche en fonctionnalit\u00e9s.<\/em><\/p>\n","protected":false},"excerpt":{"rendered":"<p>Le support rotatif pour t\u00e9l\u00e9phone Tilta est l&#8217;accessoire id\u00e9al pour int\u00e9grer votre smartphone \u00e0 votre appareil photo ou \u00e0 votre syst\u00e8me de support. Con\u00e7u dans un souci de polyvalence, ce support de montage offre une flexibilit\u00e9 exceptionnelle avec une plage [&hellip;]<\/p>\n","protected":false},"featured_media":1987962,"comment_status":"closed","ping_status":"closed","template":"","meta":[],"product_cat":[1802,1805,1762,1799,1794,1809,2077,2010,2076],"product_tag":[],"acf":[],"gallery_images":[1987963,1987964,1987965],"_links":{"self":[{"href":"https:\/\/eu.tilta.com\/fr\/wp-json\/wp\/v2\/product\/1987960"}],"collection":[{"href":"https:\/\/eu.tilta.com\/fr\/wp-json\/wp\/v2\/product"}],"about":[{"href":"https:\/\/eu.tilta.com\/fr\/wp-json\/wp\/v2\/types\/product"}],"replies":[{"embeddable":true,"href":"https:\/\/eu.tilta.com\/fr\/wp-json\/wp\/v2\/comments?post=1987960"}],"wp:featuredmedia":[{"embeddable":true,"href":"https:\/\/eu.tilta.com\/fr\/wp-json\/wp\/v2\/media\/1987962"}],"wp:attachment":[{"href":"https:\/\/eu.tilta.com\/fr\/wp-json\/wp\/v2\/media?parent=1987960"}],"wp:term":[{"taxonomy":"product_cat","embeddable":true,"href":"https:\/\/eu.tilta.com\/fr\/wp-json\/wp\/v2\/product_cat?post=1987960"},{"taxonomy":"product_tag","embeddable":true,"href":"https:\/\/eu.tilta.com\/fr\/wp-json\/wp\/v2\/product_tag?post=1987960"}],"curies":[{"name":"wp","href":"https:\/\/api.w.org\/{rel}","templated":true}]}}