{"id":1987961,"date":"2023-03-15T09:58:35","date_gmt":"2023-03-15T08:58:35","guid":{"rendered":"https:\/\/de.tilta.com\/shop\/cable-dalimentation-spirale-de-4-broches-males-a-8-broches-femelles\/"},"modified":"2025-12-05T12:43:26","modified_gmt":"2025-12-05T11:43:26","slug":"4-pin-male-to-8-pin-female-coiled-power-cable","status":"publish","type":"product","link":"https:\/\/eu.tilta.com\/fr\/shop\/4-pin-male-to-8-pin-female-coiled-power-cable\/","title":{"rendered":"C\u00e2ble d&#8217;alimentation spiral\u00e9 de 4 broches m\u00e2les \u00e0 8 broches femelles"},"content":{"rendered":"<p>Ce c\u00e2ble d&#8217;alimentation m\u00e2le 4 broches vers femelle 8 broches vous permet d&#8217;alimenter une Arri Alexa 35 via notre module de distribution d&#8217;alimentation 24V pour DJI Ronin 2.<\/p>\n<p>Ce c\u00e2ble remplace celui qui est inclus dans le kit.<\/p>\n","protected":false},"excerpt":{"rendered":"<p>Ce c\u00e2ble d&#8217;alimentation m\u00e2le 4 broches vers femelle 8 broches vous permet d&#8217;alimenter une Arri Alexa 35 via notre module de distribution d&#8217;alimentation 24V pour DJI Ronin 2. Ce c\u00e2ble remplace celui qui est inclus dans le kit.<\/p>\n","protected":false},"featured_media":1987966,"comment_status":"closed","ping_status":"closed","template":"","meta":[],"product_cat":[2200],"product_tag":[],"acf":[],"gallery_images":[1940234],"_links":{"self":[{"href":"https:\/\/eu.tilta.com\/fr\/wp-json\/wp\/v2\/product\/1987961"}],"collection":[{"href":"https:\/\/eu.tilta.com\/fr\/wp-json\/wp\/v2\/product"}],"about":[{"href":"https:\/\/eu.tilta.com\/fr\/wp-json\/wp\/v2\/types\/product"}],"replies":[{"embeddable":true,"href":"https:\/\/eu.tilta.com\/fr\/wp-json\/wp\/v2\/comments?post=1987961"}],"wp:featuredmedia":[{"embeddable":true,"href":"https:\/\/eu.tilta.com\/fr\/wp-json\/wp\/v2\/media\/1987966"}],"wp:attachment":[{"href":"https:\/\/eu.tilta.com\/fr\/wp-json\/wp\/v2\/media?parent=1987961"}],"wp:term":[{"taxonomy":"product_cat","embeddable":true,"href":"https:\/\/eu.tilta.com\/fr\/wp-json\/wp\/v2\/product_cat?post=1987961"},{"taxonomy":"product_tag","embeddable":true,"href":"https:\/\/eu.tilta.com\/fr\/wp-json\/wp\/v2\/product_tag?post=1987961"}],"curies":[{"name":"wp","href":"https:\/\/api.w.org\/{rel}","templated":true}]}}