{"id":1988013,"date":"2023-03-15T09:52:00","date_gmt":"2023-03-15T08:52:00","guid":{"rendered":"https:\/\/de.tilta.com\/shop\/cable-dalimentation-male-a-angle-droit-4-broches-vers-femelle-4-broches-30cm\/"},"modified":"2025-12-05T12:43:57","modified_gmt":"2025-12-05T11:43:57","slug":"4-pin-right-angle-male-to-4-pin-female-power-cable-30cm","status":"publish","type":"product","link":"https:\/\/eu.tilta.com\/fr\/shop\/4-pin-right-angle-male-to-4-pin-female-power-cable-30cm\/","title":{"rendered":"C\u00e2ble d&#8217;alimentation m\u00e2le \u00e0 angle droit 4 broches vers femelle 4 broches (30cm)"},"content":{"rendered":"<p>Ce c\u00e2ble d&#8217;alimentation m\u00e2le \u00e0 angle droit 4 broches vers femelle 4 broches vous permet d&#8217;alimenter notre module de distribution d&#8217;alimentation 24V pour DJI Ronin 2 via le Ronin 2.<\/p>\n<p>Ce c\u00e2ble remplace celui qui est inclus dans le kit.<\/p>\n","protected":false},"excerpt":{"rendered":"<p>Ce c\u00e2ble d&#8217;alimentation m\u00e2le \u00e0 angle droit 4 broches vers femelle 4 broches vous permet d&#8217;alimenter notre module de distribution d&#8217;alimentation 24V pour DJI Ronin 2 via le Ronin 2. Ce c\u00e2ble remplace celui qui est inclus dans le kit.<\/p>\n","protected":false},"featured_media":1988022,"comment_status":"closed","ping_status":"closed","template":"","meta":[],"product_cat":[2200],"product_tag":[],"acf":[],"gallery_images":[1940233],"_links":{"self":[{"href":"https:\/\/eu.tilta.com\/fr\/wp-json\/wp\/v2\/product\/1988013"}],"collection":[{"href":"https:\/\/eu.tilta.com\/fr\/wp-json\/wp\/v2\/product"}],"about":[{"href":"https:\/\/eu.tilta.com\/fr\/wp-json\/wp\/v2\/types\/product"}],"replies":[{"embeddable":true,"href":"https:\/\/eu.tilta.com\/fr\/wp-json\/wp\/v2\/comments?post=1988013"}],"wp:featuredmedia":[{"embeddable":true,"href":"https:\/\/eu.tilta.com\/fr\/wp-json\/wp\/v2\/media\/1988022"}],"wp:attachment":[{"href":"https:\/\/eu.tilta.com\/fr\/wp-json\/wp\/v2\/media?parent=1988013"}],"wp:term":[{"taxonomy":"product_cat","embeddable":true,"href":"https:\/\/eu.tilta.com\/fr\/wp-json\/wp\/v2\/product_cat?post=1988013"},{"taxonomy":"product_tag","embeddable":true,"href":"https:\/\/eu.tilta.com\/fr\/wp-json\/wp\/v2\/product_tag?post=1988013"}],"curies":[{"name":"wp","href":"https:\/\/api.w.org\/{rel}","templated":true}]}}