{"id":1988093,"date":"2023-05-08T10:04:26","date_gmt":"2023-05-08T08:04:26","guid":{"rendered":"https:\/\/de.tilta.com\/shop\/collier-de-serrage-universel-tilta-noir\/"},"modified":"2026-05-07T15:24:49","modified_gmt":"2026-05-07T13:24:49","slug":"tilta-universal-cable-clamp-black","status":"publish","type":"product","link":"https:\/\/eu.tilta.com\/fr\/shop\/tilta-universal-cable-clamp-black\/","title":{"rendered":"Collier de serrage universel Tilta &#8211; Noir"},"content":{"rendered":"<p><em>Le serre-c\u00e2ble universel Tilta est la solution l\u00e9g\u00e8re parfaite pour une gestion propre et organis\u00e9e des c\u00e2bles sur la cage de votre appareil photo.  <\/em><\/p>\n<p>Cette pince compacte peut maintenir plusieurs c\u00e2bles en place gr\u00e2ce \u00e0 une conception \u00e0 d\u00e9gagement rapide qui permet de la d\u00e9verrouiller facilement en cas de besoin.<\/p>\n<p>La pince se connecte \u00e0 la quasi-totalit\u00e9 des cages de cam\u00e9ra via une vis 1\/4&#8243;-20 avec un axe de positionnement r\u00e9tractable pour emp\u00eacher la rotation lorsque des points de positionnement sont disponibles.<\/p>\n<p>Pesant seulement 16 grammes, cet accessoire ajoute un poids minimal \u00e0 votre installation et est tr\u00e8s viable sur les cardans ou les constructions l\u00e9g\u00e8res.<\/p>\n<p><em>Rationalisez la construction de votre appareil photo gr\u00e2ce \u00e0 cet accessoire l\u00e9ger et efficace !<\/em><\/p>\n","protected":false},"excerpt":{"rendered":"<p>Le serre-c\u00e2ble universel Tilta est la solution l\u00e9g\u00e8re parfaite pour une gestion propre et organis\u00e9e des c\u00e2bles sur la cage de votre appareil photo. Cette pince compacte peut maintenir plusieurs c\u00e2bles en place gr\u00e2ce \u00e0 une conception \u00e0 d\u00e9gagement rapide [&hellip;]<\/p>\n","protected":false},"featured_media":1988110,"comment_status":"closed","ping_status":"closed","template":"","meta":[],"product_cat":[1882,1881,2276],"product_tag":[],"acf":[],"gallery_images":[1988112,1988114,1988115,1988116],"_links":{"self":[{"href":"https:\/\/eu.tilta.com\/fr\/wp-json\/wp\/v2\/product\/1988093"}],"collection":[{"href":"https:\/\/eu.tilta.com\/fr\/wp-json\/wp\/v2\/product"}],"about":[{"href":"https:\/\/eu.tilta.com\/fr\/wp-json\/wp\/v2\/types\/product"}],"replies":[{"embeddable":true,"href":"https:\/\/eu.tilta.com\/fr\/wp-json\/wp\/v2\/comments?post=1988093"}],"wp:featuredmedia":[{"embeddable":true,"href":"https:\/\/eu.tilta.com\/fr\/wp-json\/wp\/v2\/media\/1988110"}],"wp:attachment":[{"href":"https:\/\/eu.tilta.com\/fr\/wp-json\/wp\/v2\/media?parent=1988093"}],"wp:term":[{"taxonomy":"product_cat","embeddable":true,"href":"https:\/\/eu.tilta.com\/fr\/wp-json\/wp\/v2\/product_cat?post=1988093"},{"taxonomy":"product_tag","embeddable":true,"href":"https:\/\/eu.tilta.com\/fr\/wp-json\/wp\/v2\/product_tag?post=1988093"}],"curies":[{"name":"wp","href":"https:\/\/api.w.org\/{rel}","templated":true}]}}