{"id":1988138,"date":"2023-03-16T09:48:49","date_gmt":"2023-03-16T08:48:49","guid":{"rendered":"https:\/\/de.tilta.com\/shop\/anneau-adaptateur-pour-tilta-mirage-v2\/"},"modified":"2026-02-16T09:02:49","modified_gmt":"2026-02-16T08:02:49","slug":"adapter-ring-for-tilta-mirage-v2","status":"publish","type":"product","link":"https:\/\/eu.tilta.com\/fr\/shop\/adapter-ring-for-tilta-mirage-v2\/","title":{"rendered":"Anneau adaptateur pour Tilta Mirage V2"},"content":{"rendered":"<p>Ces bagues d&#8217;adaptation actualis\u00e9es pour la Tilta Mirage Matte Box vous permettent de monter le syst\u00e8me directement sur un objectif photographique dont le diam\u00e8tre avant est compris entre 52 mm et 82 mm.<\/p>\n<p>Ces bagues d&#8217;adaptation se vissent dans le filetage du filtre de votre objectif et vous permettent de fixer la Mirage Matte Box directement sur l&#8217;adaptateur.<\/p>\n<p>Les versions V2 n&#8217;ont pas de filetage avant pour les filtres, ce qui permet de limiter le vignettage potentiel sur les objectifs plus larges, mais elles n&#8217;acceptent pas les filtres circulaires \u00e0 visser.<\/p>\n","protected":false},"excerpt":{"rendered":"<p>Ces bagues d&#8217;adaptation actualis\u00e9es pour la Tilta Mirage Matte Box vous permettent de monter le syst\u00e8me directement sur un objectif photographique dont le diam\u00e8tre avant est compris entre 52 mm et 82 mm. Ces bagues d&#8217;adaptation se vissent dans le [&hellip;]<\/p>\n","protected":false},"featured_media":1988139,"comment_status":"closed","ping_status":"closed","template":"","meta":[],"product_cat":[4448,2006],"product_tag":[],"acf":[],"gallery_images":[],"_links":{"self":[{"href":"https:\/\/eu.tilta.com\/fr\/wp-json\/wp\/v2\/product\/1988138"}],"collection":[{"href":"https:\/\/eu.tilta.com\/fr\/wp-json\/wp\/v2\/product"}],"about":[{"href":"https:\/\/eu.tilta.com\/fr\/wp-json\/wp\/v2\/types\/product"}],"replies":[{"embeddable":true,"href":"https:\/\/eu.tilta.com\/fr\/wp-json\/wp\/v2\/comments?post=1988138"}],"wp:featuredmedia":[{"embeddable":true,"href":"https:\/\/eu.tilta.com\/fr\/wp-json\/wp\/v2\/media\/1988139"}],"wp:attachment":[{"href":"https:\/\/eu.tilta.com\/fr\/wp-json\/wp\/v2\/media?parent=1988138"}],"wp:term":[{"taxonomy":"product_cat","embeddable":true,"href":"https:\/\/eu.tilta.com\/fr\/wp-json\/wp\/v2\/product_cat?post=1988138"},{"taxonomy":"product_tag","embeddable":true,"href":"https:\/\/eu.tilta.com\/fr\/wp-json\/wp\/v2\/product_tag?post=1988138"}],"curies":[{"name":"wp","href":"https:\/\/api.w.org\/{rel}","templated":true}]}}