{"id":1988170,"date":"2023-03-15T09:27:17","date_gmt":"2023-03-15T08:27:17","guid":{"rendered":"https:\/\/de.tilta.com\/shop\/tilta-universal-15mm-lws-baseplate\/"},"modified":"2025-12-05T12:44:47","modified_gmt":"2025-12-05T11:44:47","slug":"tilta-universal-15mm-lws-baseplate","status":"publish","type":"product","link":"https:\/\/eu.tilta.com\/fr\/shop\/tilta-universal-15mm-lws-baseplate\/","title":{"rendered":"Tilta Universal 15mm LWS Baseplate"},"content":{"rendered":"<p>Cette plaque de base LWS modulaire de 15 mm est une nouvelle norme universelle qui peut \u00eatre adapt\u00e9e \u00e0 diff\u00e9rentes hauteurs de capteurs par rapport \u00e0 la position de la tige.<\/p>\n<p>Cette plaque de base constitue une base fiable et stable pour votre cam\u00e9ra, vous permettant de monter divers accessoires \u00e0 tige tels que des moteurs de suivi de la mise au point ou des matte boxes.<\/p>\n<p>La conception modulaire vous permet de monter des adaptateurs de plaque de base LWS de type I, II ou III, dot\u00e9s de r\u00e9cepteurs ARCA et directement compatibles avec un grand nombre de nos cages \u00e0 cam\u00e9ra.<\/p>\n<p>Cela permet aux utilisateurs de passer rapidement et sans effort d&#8217;un DJI Ronin Series Gimbal \u00e0 cette plaque de base.<\/p>\n<p>Cet adaptateur ARCA peut \u00eatre facilement retir\u00e9, ce qui vous permet de monter d&#8217;autres cages ou syst\u00e8mes de cam\u00e9ras directement \u00e0 l&#8217;aide de deux vis 1\/4\u2033-20.<\/p>\n<p>La plaque de base est con\u00e7ue pour \u00eatre compatible avec les queues d&#8217;aronde standard de Tilta et peut accueillir une large gamme de plaques de fixation rapide gr\u00e2ce aux filetages 1\/4\u2033-20 et 3\/8\u2033-16 situ\u00e9s sur la partie inf\u00e9rieure.<\/p>\n<p>Gr\u00e2ce \u00e0 sa conception robuste et polyvalente, la plaque de base universelle 15 mm LWS de Tilta est le choix id\u00e9al pour tout cin\u00e9aste ou vid\u00e9aste souhaitant \u00e9tendre son parc de cam\u00e9ras.<\/p>\n","protected":false},"excerpt":{"rendered":"<p>Cette plaque de base LWS modulaire de 15 mm est une nouvelle norme universelle qui peut \u00eatre adapt\u00e9e \u00e0 diff\u00e9rentes hauteurs de capteurs par rapport \u00e0 la position de la tige. Cette plaque de base constitue une base fiable et [&hellip;]<\/p>\n","protected":false},"featured_media":1988172,"comment_status":"closed","ping_status":"closed","template":"","meta":[],"product_cat":[1757,1748,1745,1703,2022,1998],"product_tag":[],"acf":[],"gallery_images":[1988173,1988174,1988175],"_links":{"self":[{"href":"https:\/\/eu.tilta.com\/fr\/wp-json\/wp\/v2\/product\/1988170"}],"collection":[{"href":"https:\/\/eu.tilta.com\/fr\/wp-json\/wp\/v2\/product"}],"about":[{"href":"https:\/\/eu.tilta.com\/fr\/wp-json\/wp\/v2\/types\/product"}],"replies":[{"embeddable":true,"href":"https:\/\/eu.tilta.com\/fr\/wp-json\/wp\/v2\/comments?post=1988170"}],"wp:featuredmedia":[{"embeddable":true,"href":"https:\/\/eu.tilta.com\/fr\/wp-json\/wp\/v2\/media\/1988172"}],"wp:attachment":[{"href":"https:\/\/eu.tilta.com\/fr\/wp-json\/wp\/v2\/media?parent=1988170"}],"wp:term":[{"taxonomy":"product_cat","embeddable":true,"href":"https:\/\/eu.tilta.com\/fr\/wp-json\/wp\/v2\/product_cat?post=1988170"},{"taxonomy":"product_tag","embeddable":true,"href":"https:\/\/eu.tilta.com\/fr\/wp-json\/wp\/v2\/product_tag?post=1988170"}],"curies":[{"name":"wp","href":"https:\/\/api.w.org\/{rel}","templated":true}]}}