{"id":1988176,"date":"2023-03-14T17:22:02","date_gmt":"2023-03-14T16:22:02","guid":{"rendered":"https:\/\/de.tilta.com\/shop\/tilta-adaptateur-de-pince-otan-a-griffe-froide-noir\/"},"modified":"2025-12-05T12:44:34","modified_gmt":"2025-12-05T11:44:34","slug":"tilta-nato-clamp-to-cold-shoe-adapter-black","status":"publish","type":"product","link":"https:\/\/eu.tilta.com\/fr\/shop\/tilta-nato-clamp-to-cold-shoe-adapter-black\/","title":{"rendered":"Tilta Adaptateur de pince OTAN \u00e0 griffe froide &#8211; Noir"},"content":{"rendered":"<p>Cet adaptateur NATO to Cold Shoe permet aux utilisateurs d&#8217;adapter les rails NATO sur la cage de leur appareil photo pour monter des accessoires \u00e0 base de Cold Shoe.<\/p>\n<p>La conception r\u00e9glable de la connexion NATO permet aux utilisateurs d&#8217;ajuster facilement et rapidement la position de cet adaptateur sur leur cage, ce qui en fait un accessoire id\u00e9al pour ceux qui appr\u00e9cient la flexibilit\u00e9 de leur \u00e9quipement.<\/p>\n<p>Il s&#8217;agit de l&#8217;option id\u00e9ale pour fixer en toute s\u00e9curit\u00e9 un moniteur externe au sommet de l&#8217;une de nos cages de cam\u00e9ra bas\u00e9es sur l&#8217;OTAN, gr\u00e2ce \u00e0 un <a href=\"https:\/\/de.tilta.com\/shop\/tiltaing-adjustable-cold-shoe-accessory-mounting-bracket\/\">support de montage d&#8217;accessoires \u00e0 sabot froid r\u00e9glable<\/a>. (non inclus)<\/p>\n<p>La goupille de s\u00e9curit\u00e9 int\u00e9gr\u00e9e offre une s\u00e9curit\u00e9 suppl\u00e9mentaire pour vos accessoires.<\/p>\n","protected":false},"excerpt":{"rendered":"<p>Cet adaptateur NATO to Cold Shoe permet aux utilisateurs d&#8217;adapter les rails NATO sur la cage de leur appareil photo pour monter des accessoires \u00e0 base de Cold Shoe. La conception r\u00e9glable de la connexion NATO permet aux utilisateurs d&#8217;ajuster [&hellip;]<\/p>\n","protected":false},"featured_media":1988182,"comment_status":"closed","ping_status":"closed","template":"","meta":[],"product_cat":[2157,2116],"product_tag":[],"acf":[],"gallery_images":[1988183,1988184,1988185,1988186,1988187,1988188],"_links":{"self":[{"href":"https:\/\/eu.tilta.com\/fr\/wp-json\/wp\/v2\/product\/1988176"}],"collection":[{"href":"https:\/\/eu.tilta.com\/fr\/wp-json\/wp\/v2\/product"}],"about":[{"href":"https:\/\/eu.tilta.com\/fr\/wp-json\/wp\/v2\/types\/product"}],"replies":[{"embeddable":true,"href":"https:\/\/eu.tilta.com\/fr\/wp-json\/wp\/v2\/comments?post=1988176"}],"wp:featuredmedia":[{"embeddable":true,"href":"https:\/\/eu.tilta.com\/fr\/wp-json\/wp\/v2\/media\/1988182"}],"wp:attachment":[{"href":"https:\/\/eu.tilta.com\/fr\/wp-json\/wp\/v2\/media?parent=1988176"}],"wp:term":[{"taxonomy":"product_cat","embeddable":true,"href":"https:\/\/eu.tilta.com\/fr\/wp-json\/wp\/v2\/product_cat?post=1988176"},{"taxonomy":"product_tag","embeddable":true,"href":"https:\/\/eu.tilta.com\/fr\/wp-json\/wp\/v2\/product_tag?post=1988176"}],"curies":[{"name":"wp","href":"https:\/\/api.w.org\/{rel}","templated":true}]}}