{"id":1988215,"date":"2023-03-14T17:35:42","date_gmt":"2023-03-14T16:35:42","guid":{"rendered":"https:\/\/de.tilta.com\/shop\/panasonic-dmw-blf19-batterie-factice-vers-cable-dalimentation-usb-c-pd\/"},"modified":"2026-02-16T09:00:30","modified_gmt":"2026-02-16T08:00:30","slug":"panasonic-dmw-blf19-dummy-battery-to-usb-c-pd-power-cable","status":"publish","type":"product","link":"https:\/\/eu.tilta.com\/fr\/shop\/panasonic-dmw-blf19-dummy-battery-to-usb-c-pd-power-cable\/","title":{"rendered":"Panasonic DMW-BLF19 Batterie factice vers c\u00e2ble d&#8217;alimentation USB-C PD"},"content":{"rendered":"<p>Cette batterie factice Panasonic DMW-BLF19 vers c\u00e2ble d&#8217;alimentation USB-C PD vous permet d&#8217;alimenter les cam\u00e9ras et accessoires bas\u00e9s sur le Panasonic DMW-BLF19 via n&#8217;importe quel port USB-C PD.<\/p>\n<p>C&#8217;est la solution parfaite pour alimenter des accessoires ou des syst\u00e8mes de cam\u00e9ra tels que les bo\u00eetiers Panasonic GH4, GH5 et GH5S via notre Smart V Mount Battery Plate, Smart V Mount Battery Baseplate, ou la poign\u00e9e PD lat\u00e9rale gauche avec Run\/Stop Type VIII.<\/p>\n<p>Ce c\u00e2ble r\u00e9gule la tension pour fournir la m\u00eame tension qu&#8217;une batterie DMW-BLF19 normale.<\/p>\n","protected":false},"excerpt":{"rendered":"<p>Cette batterie factice Panasonic DMW-BLF19 vers c\u00e2ble d&#8217;alimentation USB-C PD vous permet d&#8217;alimenter les cam\u00e9ras et accessoires bas\u00e9s sur le Panasonic DMW-BLF19 via n&#8217;importe quel port USB-C PD. C&#8217;est la solution parfaite pour alimenter des accessoires ou des syst\u00e8mes de [&hellip;]<\/p>\n","protected":false},"featured_media":1988233,"comment_status":"closed","ping_status":"closed","template":"","meta":[],"product_cat":[4448,2279],"product_tag":[],"acf":[],"gallery_images":[],"_links":{"self":[{"href":"https:\/\/eu.tilta.com\/fr\/wp-json\/wp\/v2\/product\/1988215"}],"collection":[{"href":"https:\/\/eu.tilta.com\/fr\/wp-json\/wp\/v2\/product"}],"about":[{"href":"https:\/\/eu.tilta.com\/fr\/wp-json\/wp\/v2\/types\/product"}],"replies":[{"embeddable":true,"href":"https:\/\/eu.tilta.com\/fr\/wp-json\/wp\/v2\/comments?post=1988215"}],"wp:featuredmedia":[{"embeddable":true,"href":"https:\/\/eu.tilta.com\/fr\/wp-json\/wp\/v2\/media\/1988233"}],"wp:attachment":[{"href":"https:\/\/eu.tilta.com\/fr\/wp-json\/wp\/v2\/media?parent=1988215"}],"wp:term":[{"taxonomy":"product_cat","embeddable":true,"href":"https:\/\/eu.tilta.com\/fr\/wp-json\/wp\/v2\/product_cat?post=1988215"},{"taxonomy":"product_tag","embeddable":true,"href":"https:\/\/eu.tilta.com\/fr\/wp-json\/wp\/v2\/product_tag?post=1988215"}],"curies":[{"name":"wp","href":"https:\/\/api.w.org\/{rel}","templated":true}]}}