{"id":1988221,"date":"2023-03-14T17:52:43","date_gmt":"2023-03-14T16:52:43","guid":{"rendered":"https:\/\/de.tilta.com\/shop\/batterie-factice-sony-np-fz100-vers-cable-dalimentation-usb-c-pd\/"},"modified":"2025-12-05T12:44:37","modified_gmt":"2025-12-05T11:44:37","slug":"sony-np-fz100-dummy-battery-to-usb-c-pd-power-cable","status":"publish","type":"product","link":"https:\/\/eu.tilta.com\/fr\/shop\/sony-np-fz100-dummy-battery-to-usb-c-pd-power-cable\/","title":{"rendered":"Batterie factice Sony NP-FZ100 vers c\u00e2ble d&#8217;alimentation USB-C PD"},"content":{"rendered":"<p>Cette batterie factice Sony NP-FZ100 vers le c\u00e2ble d&#8217;alimentation USB-C PD vous permet d&#8217;alimenter les cam\u00e9ras et accessoires bas\u00e9s sur la NP-FZ100 via n&#8217;importe quel port USB-C PD.<\/p>\n<p>C&#8217;est la solution id\u00e9ale pour alimenter des accessoires ou des syst\u00e8mes de cam\u00e9ras tels que les cam\u00e9ras Sony a9 et a7R via notre <a href=\"https:\/\/de.tilta.com\/shop\/tiltaing-smart-v-mount-battery-plate-black\/\">Smart V Mount Battery Plate<\/a>, <a href=\"https:\/\/de.tilta.com\/shop\/tiltaing-smart-v-mount-battery-baseplate-arca-black\/\">Smart V Mount Battery Baseplate<\/a>, ou la <a href=\"https:\/\/de.tilta.com\/shop\/tilta-left-side-pd-handle-with-run-stop-type-viii-black\/\">poign\u00e9e PD lat\u00e9rale gauche avec Run\/Stop Type VIII<\/a>.<\/p>\n<p>Ce c\u00e2ble r\u00e9gule la tension pour fournir la m\u00eame tension qu&#8217;une batterie NP-FZ100 normale.<\/p>\n","protected":false},"excerpt":{"rendered":"<p>Cette batterie factice Sony NP-FZ100 vers le c\u00e2ble d&#8217;alimentation USB-C PD vous permet d&#8217;alimenter les cam\u00e9ras et accessoires bas\u00e9s sur la NP-FZ100 via n&#8217;importe quel port USB-C PD. C&#8217;est la solution id\u00e9ale pour alimenter des accessoires ou des syst\u00e8mes de [&hellip;]<\/p>\n","protected":false},"featured_media":1988225,"comment_status":"closed","ping_status":"closed","template":"","meta":[],"product_cat":[2279],"product_tag":[],"acf":[],"gallery_images":[],"_links":{"self":[{"href":"https:\/\/eu.tilta.com\/fr\/wp-json\/wp\/v2\/product\/1988221"}],"collection":[{"href":"https:\/\/eu.tilta.com\/fr\/wp-json\/wp\/v2\/product"}],"about":[{"href":"https:\/\/eu.tilta.com\/fr\/wp-json\/wp\/v2\/types\/product"}],"replies":[{"embeddable":true,"href":"https:\/\/eu.tilta.com\/fr\/wp-json\/wp\/v2\/comments?post=1988221"}],"wp:featuredmedia":[{"embeddable":true,"href":"https:\/\/eu.tilta.com\/fr\/wp-json\/wp\/v2\/media\/1988225"}],"wp:attachment":[{"href":"https:\/\/eu.tilta.com\/fr\/wp-json\/wp\/v2\/media?parent=1988221"}],"wp:term":[{"taxonomy":"product_cat","embeddable":true,"href":"https:\/\/eu.tilta.com\/fr\/wp-json\/wp\/v2\/product_cat?post=1988221"},{"taxonomy":"product_tag","embeddable":true,"href":"https:\/\/eu.tilta.com\/fr\/wp-json\/wp\/v2\/product_tag?post=1988221"}],"curies":[{"name":"wp","href":"https:\/\/api.w.org\/{rel}","templated":true}]}}