{"id":1988269,"date":"2023-03-15T09:07:15","date_gmt":"2023-03-15T08:07:15","guid":{"rendered":"https:\/\/de.tilta.com\/shop\/canon-lp-e6-dummy-battery-to-usb-c-pd-power-cable-batterie-factice-canon-lp-e6-vers-cable-dalimentation-usb-c-pd\/"},"modified":"2025-12-05T12:44:43","modified_gmt":"2025-12-05T11:44:43","slug":"canon-lp-e6-dummy-battery-to-usb-c-pd-power-cable","status":"publish","type":"product","link":"https:\/\/eu.tilta.com\/fr\/shop\/canon-lp-e6-dummy-battery-to-usb-c-pd-power-cable\/","title":{"rendered":"Canon LP-E6 Dummy Battery to USB-C PD Power Cable (Batterie factice Canon LP-E6 vers c\u00e2ble d&#8217;alimentation USB-C PD)"},"content":{"rendered":"<p>Ce c\u00e2ble d&#8217;alimentation entre la batterie factice LP-E6 de Canon et le port USB-C PD vous permet d&#8217;alimenter les appareils photo et accessoires bas\u00e9s sur la technologie LP-E6 via n&#8217;importe quel port USB-C PD.<\/p>\n<p>C&#8217;est la solution id\u00e9ale pour alimenter des accessoires tels que des moniteurs externes ou des syst\u00e8mes d&#8217;appareils photo tels que certains reflex num\u00e9riques Canon via notre <a href=\"https:\/\/de.tilta.com\/shop\/tiltaing-smart-v-mount-battery-plate-black\/\">Smart V Mount Battery Plate<\/a>, <a href=\"https:\/\/de.tilta.com\/shop\/tiltaing-smart-v-mount-battery-baseplate-arca-black\/\">Smart V Mount Battery Baseplate<\/a>, ou la <a href=\"https:\/\/de.tilta.com\/shop\/tilta-left-side-pd-handle-with-run-stop-type-viii-black\/\">poign\u00e9e PD lat\u00e9rale gauche avec Run\/Stop Type VIII<\/a>.<\/p>\n<p>Ce c\u00e2ble est une option parfaite pour les utilisateurs qui alimentent leur Canon R5C via notre poign\u00e9e PD, car ce c\u00e2ble suppl\u00e9mentaire vous permettra d&#8217;alimenter votre appareil photo via USB-C PD sans avoir besoin d&#8217;une batterie LP-E6 interne pour l&#8217;allumer.<\/p>\n<p>Ce c\u00e2ble r\u00e9gule la tension pour fournir la m\u00eame tension qu&#8217;une batterie LP-E6 normale.<\/p>\n","protected":false},"excerpt":{"rendered":"<p>Ce c\u00e2ble d&#8217;alimentation entre la batterie factice LP-E6 de Canon et le port USB-C PD vous permet d&#8217;alimenter les appareils photo et accessoires bas\u00e9s sur la technologie LP-E6 via n&#8217;importe quel port USB-C PD. C&#8217;est la solution id\u00e9ale pour alimenter [&hellip;]<\/p>\n","protected":false},"featured_media":1988278,"comment_status":"closed","ping_status":"closed","template":"","meta":[],"product_cat":[1732,2279],"product_tag":[],"acf":[],"gallery_images":[],"_links":{"self":[{"href":"https:\/\/eu.tilta.com\/fr\/wp-json\/wp\/v2\/product\/1988269"}],"collection":[{"href":"https:\/\/eu.tilta.com\/fr\/wp-json\/wp\/v2\/product"}],"about":[{"href":"https:\/\/eu.tilta.com\/fr\/wp-json\/wp\/v2\/types\/product"}],"replies":[{"embeddable":true,"href":"https:\/\/eu.tilta.com\/fr\/wp-json\/wp\/v2\/comments?post=1988269"}],"wp:featuredmedia":[{"embeddable":true,"href":"https:\/\/eu.tilta.com\/fr\/wp-json\/wp\/v2\/media\/1988278"}],"wp:attachment":[{"href":"https:\/\/eu.tilta.com\/fr\/wp-json\/wp\/v2\/media?parent=1988269"}],"wp:term":[{"taxonomy":"product_cat","embeddable":true,"href":"https:\/\/eu.tilta.com\/fr\/wp-json\/wp\/v2\/product_cat?post=1988269"},{"taxonomy":"product_tag","embeddable":true,"href":"https:\/\/eu.tilta.com\/fr\/wp-json\/wp\/v2\/product_tag?post=1988269"}],"curies":[{"name":"wp","href":"https:\/\/api.w.org\/{rel}","templated":true}]}}