{"id":1988279,"date":"2023-03-14T17:45:55","date_gmt":"2023-03-14T16:45:55","guid":{"rendered":"https:\/\/de.tilta.com\/shop\/cable-de-controle-usb-c-vers-double-repartiteur-usb-c\/"},"modified":"2026-01-19T07:26:04","modified_gmt":"2026-01-19T06:26:04","slug":"usb-c-to-dual-usb-c-splitter-control-cable","status":"publish","type":"product","link":"https:\/\/eu.tilta.com\/fr\/shop\/usb-c-to-dual-usb-c-splitter-control-cable\/","title":{"rendered":"C\u00e2ble de contr\u00f4le USB-C vers double r\u00e9partiteur USB-C"},"content":{"rendered":"<p>Ce c\u00e2ble de commande s\u00e9parateur USB-C vers double USB-C permet aux utilisateurs d&#8217;alimenter \u00e0 la fois le DJI RavenEye et un moteur DJI Focus via le m\u00eame port USB-C.<\/p>\n<p>La connexion USB-C divis\u00e9e est l&#8217;option parfaite pour ceux qui cherchent \u00e0 alimenter plusieurs accessoires sans avoir besoin de faire passer plusieurs c\u00e2bles.<\/p>\n<p>Cela permet de maintenir la construction de votre cardan propre et rapide \u00e0 construire ou \u00e0 d\u00e9composer.<\/p>\n<p><strong>REMARQUE : ce c\u00e2ble est UNIQUEMENT compatible avec les moteurs RavenEye et DJI Focus et ne peut pas \u00eatre utilis\u00e9 pour alimenter ou charger d&#8217;autres appareils.  <\/strong><\/p>\n","protected":false},"excerpt":{"rendered":"<p>Ce c\u00e2ble de commande s\u00e9parateur USB-C vers double USB-C permet aux utilisateurs d&#8217;alimenter \u00e0 la fois le DJI RavenEye et un moteur DJI Focus via le m\u00eame port USB-C. La connexion USB-C divis\u00e9e est l&#8217;option parfaite pour ceux qui cherchent [&hellip;]<\/p>\n","protected":false},"featured_media":1988286,"comment_status":"closed","ping_status":"closed","template":"","meta":[],"product_cat":[2249,2028],"product_tag":[],"acf":[],"gallery_images":[],"_links":{"self":[{"href":"https:\/\/eu.tilta.com\/fr\/wp-json\/wp\/v2\/product\/1988279"}],"collection":[{"href":"https:\/\/eu.tilta.com\/fr\/wp-json\/wp\/v2\/product"}],"about":[{"href":"https:\/\/eu.tilta.com\/fr\/wp-json\/wp\/v2\/types\/product"}],"replies":[{"embeddable":true,"href":"https:\/\/eu.tilta.com\/fr\/wp-json\/wp\/v2\/comments?post=1988279"}],"wp:featuredmedia":[{"embeddable":true,"href":"https:\/\/eu.tilta.com\/fr\/wp-json\/wp\/v2\/media\/1988286"}],"wp:attachment":[{"href":"https:\/\/eu.tilta.com\/fr\/wp-json\/wp\/v2\/media?parent=1988279"}],"wp:term":[{"taxonomy":"product_cat","embeddable":true,"href":"https:\/\/eu.tilta.com\/fr\/wp-json\/wp\/v2\/product_cat?post=1988279"},{"taxonomy":"product_tag","embeddable":true,"href":"https:\/\/eu.tilta.com\/fr\/wp-json\/wp\/v2\/product_tag?post=1988279"}],"curies":[{"name":"wp","href":"https:\/\/api.w.org\/{rel}","templated":true}]}}