{"id":1988472,"date":"2023-02-28T17:00:14","date_gmt":"2023-02-28T16:00:14","guid":{"rendered":"https:\/\/de.tilta.com\/shop\/tilta-sony-a7r-v-half-cage-lightweight-kit\/"},"modified":"2026-03-09T11:36:08","modified_gmt":"2026-03-09T10:36:08","slug":"tilta-sony-a7r-v-half-cage-lightweight-kit","status":"publish","type":"product","link":"https:\/\/eu.tilta.com\/fr\/shop\/tilta-sony-a7r-v-half-cage-lightweight-kit\/","title":{"rendered":"Tilta Sony a7R V Half Cage Lightweight Kit"},"content":{"rendered":"<p><em>Am\u00e9liorez la fonctionnalit\u00e9 de votre appareil photo dans un environnement de production vid\u00e9o gr\u00e2ce \u00e0 notre kit de demi-cage l\u00e9ger pour le Sony a7R V !<\/em><\/p>\n<p>Cette demi-cage offre une protection partielle du bo\u00eetier de votre appareil photo et propose des options de montage universelles pour des accessoires tels que la griffe froide, des filetages 1\/4&#8243;-20 avec des goupilles de positionnement et un rail de fixation OTAN qui peut \u00eatre mont\u00e9 sur le dessus ou sur le c\u00f4t\u00e9 de la cage.<\/p>\n<p>Le kit prend en charge diff\u00e9rentes <a href=\"https:\/\/de.tilta.com\/product-category\/handles\/top-handles\/\">poign\u00e9es sup\u00e9rieures<\/a> qui se montent par 1\/4\u2033-20 et peut \u00eatre utilis\u00e9 avec la poign\u00e9e sup\u00e9rieure OTAN incluse via l&#8217;attachement au rail Nato qui offre une plus grande souplesse d&#8217;utilisation et de manipulation.<\/p>\n<p>La poign\u00e9e comprend plusieurs points de montage, dont un r\u00e9cepteur de griffe froide qui peut \u00eatre utilis\u00e9 pour monter un moniteur externe \u00e0 l&#8217;aide de notre support de montage d&#8217;accessoires de griffe froide.<\/p>\n<p>Des accessoires optionnels tels que nos <a href=\"https:\/\/de.tilta.com\/product-category\/handles\/side-handles\/\">poign\u00e9es lat\u00e9rales bas\u00e9es sur l&#8217;OTAN<\/a> peuvent \u00e9galement \u00eatre mont\u00e9s via l&#8217;attachement au rail de l&#8217;OTAN.<\/p>\n<p>Comme pour nos autres syst\u00e8mes, vous disposerez \u00e9galement de plusieurs options pour monter des cannes de 15 mm gr\u00e2ce \u00e0 nos nouveaux <a href=\"https:\/\/de.tilta.com\/product-category\/accessories\/rod-rod-holders\/\">supports de cannes simples de 15 mm.<\/a><\/p>\n<p>Cela vous permettra de fixer des accessoires de 15 mm sur la canne \u00e0 p\u00eache via <a href=\"https:\/\/de.tilta.com\/shop\/15mm-rod-holder-to-dual-1-4-20-adapter-black\/\">deux filetages 1\/4\u2033-20<\/a> ou le <a href=\"https:\/\/de.tilta.com\/shop\/15mm-rod-holder-to-1-4-20-adapter-front-mounted-black\/\">filetage du support de canne \u00e0 p\u00eache \u00e0 montage frontal<\/a>.<\/p>\n<p>La plaque inf\u00e9rieure est \u00e9quip\u00e9e d&#8217;une connexion Arca Swiss et peut \u00eatre mont\u00e9e sur le DJI RS3 Pro \/ RS3 \/ RS2.<\/p>\n<p>Cette cage peut \u00e9galement \u00eatre mont\u00e9e sur notre syst\u00e8me de plaques de base modulaires via cette m\u00eame connexion ARCA.<\/p>\n<p>Le serre-c\u00e2ble HDMI et USB-C inclus garantit que tous les c\u00e2bles connect\u00e9s sont mont\u00e9s en toute s\u00e9curit\u00e9.<\/p>\n","protected":false},"excerpt":{"rendered":"<p>Am\u00e9liorez la fonctionnalit\u00e9 de votre appareil photo dans un environnement de production vid\u00e9o gr\u00e2ce \u00e0 notre kit de demi-cage l\u00e9ger pour le Sony a7R V ! Cette demi-cage offre une protection partielle du bo\u00eetier de votre appareil photo et propose [&hellip;]<\/p>\n","protected":false},"featured_media":1988498,"comment_status":"closed","ping_status":"closed","template":"","meta":[],"product_cat":[1752],"product_tag":[],"acf":[],"gallery_images":[1988501,1988504,1988507,1988510,1988512],"_links":{"self":[{"href":"https:\/\/eu.tilta.com\/fr\/wp-json\/wp\/v2\/product\/1988472"}],"collection":[{"href":"https:\/\/eu.tilta.com\/fr\/wp-json\/wp\/v2\/product"}],"about":[{"href":"https:\/\/eu.tilta.com\/fr\/wp-json\/wp\/v2\/types\/product"}],"replies":[{"embeddable":true,"href":"https:\/\/eu.tilta.com\/fr\/wp-json\/wp\/v2\/comments?post=1988472"}],"wp:featuredmedia":[{"embeddable":true,"href":"https:\/\/eu.tilta.com\/fr\/wp-json\/wp\/v2\/media\/1988498"}],"wp:attachment":[{"href":"https:\/\/eu.tilta.com\/fr\/wp-json\/wp\/v2\/media?parent=1988472"}],"wp:term":[{"taxonomy":"product_cat","embeddable":true,"href":"https:\/\/eu.tilta.com\/fr\/wp-json\/wp\/v2\/product_cat?post=1988472"},{"taxonomy":"product_tag","embeddable":true,"href":"https:\/\/eu.tilta.com\/fr\/wp-json\/wp\/v2\/product_tag?post=1988472"}],"curies":[{"name":"wp","href":"https:\/\/api.w.org\/{rel}","templated":true}]}}