{"id":1988696,"date":"2023-02-27T17:44:47","date_gmt":"2023-02-27T16:44:47","guid":{"rendered":"https:\/\/de.tilta.com\/shop\/cage-pour-panasonic-s5-ii-iix-g9-ii-basic-kit\/"},"modified":"2025-12-05T12:45:25","modified_gmt":"2025-12-05T11:45:25","slug":"tilta-panasonic-s5-ii-iix-basic-kit","status":"publish","type":"product","link":"https:\/\/eu.tilta.com\/fr\/shop\/tilta-panasonic-s5-ii-iix-basic-kit\/","title":{"rendered":"Cage pour Panasonic S5 II\/IIX\/G9 II Basic Kit"},"content":{"rendered":"<p>Am\u00e9liorez consid\u00e9rablement la fonctionnalit\u00e9 de votre cam\u00e9ra dans un environnement de production vid\u00e9o avec notre kit de base pour Panasonic S5 II ou IIX.<\/p>\n<p>La cage elle-m\u00eame offre une protection suppl\u00e9mentaire au bo\u00eetier de votre cam\u00e9ra et propose des options de montage universelles pour des accessoires tels que NATO, ARRI Rosette, Cold Shoe et des filetages 1\/4&#8243;-20 avec des goupilles de positionnement.<\/p>\n<p>La cage dispose de deux connexions de rail OTAN qui conviennent parfaitement \u00e0 nos poign\u00e9es lat\u00e9rales optionnelles de type IV\/VI ou \u00e0 toute poign\u00e9e sup\u00e9rieure qui se connecte via l&#8217;OTAN.<\/p>\n<p>Ce placement des rails OTAN vous permet d&#8217;intervertir facilement la position des poign\u00e9es sup\u00e9rieures et lat\u00e9rales bas\u00e9es sur les rails OTAN pour passer rapidement d&#8217;une configuration de tir verticale \u00e0 une configuration de tir horizontale.<\/p>\n<p>Le kit de base comprend la poign\u00e9e sup\u00e9rieure de l&#8217;OTAN qui offre une plus grande souplesse d&#8217;utilisation et de manipulation.<\/p>\n<p>La poign\u00e9e comprend plusieurs points de montage, dont un r\u00e9cepteur de griffe froide qui peut \u00eatre utilis\u00e9 pour monter un moniteur externe \u00e0 l&#8217;aide de notre <a href=\"https:\/\/de.tilta.com\/shop\/tiltaing-adjustable-cold-shoe-accessory-mounting-bracket\/\">support de montage d&#8217;accessoires de griffe froide.<\/a><\/p>\n<p>Le kit comprend notre plaque de base universelle LWS de 15 mm qui ajoute un support de tige de 15 mm et \u00e9largit vos options de montage d&#8217;accessoires \u00e0 tige tels que les moteurs follow focus ou les matte boxes.<\/p>\n<p>Le nouveau design modulaire est dot\u00e9 d&#8217;un r\u00e9cepteur ARCA qui permet d&#8217;\u00e9changer rapidement et simplement une Ronin S Series Gimbal avec cette plaque de base.<\/p>\n<p>Cet adaptateur ARCA peut \u00e9galement \u00eatre retir\u00e9, ce qui vous permet de monter d&#8217;autres cages ou syst\u00e8mes de cam\u00e9ras directement \u00e0 l&#8217;aide de deux vis 1\/4\u2033-20.<\/p>\n<p>Cette plaque de base est compatible avec nos queues d&#8217;aronde standard Tilta et peut accueillir une vari\u00e9t\u00e9 de plaques de fixation rapide via des filetages 1\/4\u2033-20 et 3\/8\u2033-16.<\/p>\n<p>Comme pour nos autres syst\u00e8mes, vous disposerez \u00e9galement de plusieurs options pour monter des cannes de 15 mm gr\u00e2ce \u00e0 nos nouveaux supports de cannes simples de 15 mm.<\/p>\n<p>Cela vous permettra de fixer des accessoires de 15 mm sur la canne \u00e0 p\u00eache par le biais de l&#8217;OTAN, de deux filetages 1\/4\u2033-20 ou par le biais du filet du support de canne \u00e0 p\u00eache \u00e0 montage frontal.<\/p>\n<p>Cette nouvelle conception met l&#8217;accent sur l&#8217;accessibilit\u00e9, en permettant un meilleur acc\u00e8s \u00e0 tous les ports et aux commandes des fonctions de l&#8217;appareil photo.<\/p>\n<p>La plaque inf\u00e9rieure est \u00e9quip\u00e9e d&#8217;une connexion Arca Swiss et peut \u00eatre mont\u00e9e sur le DJI RS3 Pro \/ RS3 \/ RS2.<\/p>\n<p>Cette cage peut \u00e9galement \u00eatre mont\u00e9e sur notre syst\u00e8me de plaques de base modulaires via cette m\u00eame connexion ARCA. (plus d&#8217;informations prochainement)<\/p>\n<p>Le serre-c\u00e2ble HDMI et USB-C inclus garantit que tous les c\u00e2bles connect\u00e9s sont mont\u00e9s en toute s\u00e9curit\u00e9.<\/p>\n","protected":false},"excerpt":{"rendered":"<p>Am\u00e9liorez consid\u00e9rablement la fonctionnalit\u00e9 de votre cam\u00e9ra dans un environnement de production vid\u00e9o avec notre kit de base pour Panasonic S5 II ou IIX. La cage elle-m\u00eame offre une protection suppl\u00e9mentaire au bo\u00eetier de votre cam\u00e9ra et propose des options [&hellip;]<\/p>\n","protected":false},"featured_media":1988714,"comment_status":"closed","ping_status":"closed","template":"","meta":[],"product_cat":[1745],"product_tag":[],"acf":[],"gallery_images":[1946349,1946348],"_links":{"self":[{"href":"https:\/\/eu.tilta.com\/fr\/wp-json\/wp\/v2\/product\/1988696"}],"collection":[{"href":"https:\/\/eu.tilta.com\/fr\/wp-json\/wp\/v2\/product"}],"about":[{"href":"https:\/\/eu.tilta.com\/fr\/wp-json\/wp\/v2\/types\/product"}],"replies":[{"embeddable":true,"href":"https:\/\/eu.tilta.com\/fr\/wp-json\/wp\/v2\/comments?post=1988696"}],"wp:featuredmedia":[{"embeddable":true,"href":"https:\/\/eu.tilta.com\/fr\/wp-json\/wp\/v2\/media\/1988714"}],"wp:attachment":[{"href":"https:\/\/eu.tilta.com\/fr\/wp-json\/wp\/v2\/media?parent=1988696"}],"wp:term":[{"taxonomy":"product_cat","embeddable":true,"href":"https:\/\/eu.tilta.com\/fr\/wp-json\/wp\/v2\/product_cat?post=1988696"},{"taxonomy":"product_tag","embeddable":true,"href":"https:\/\/eu.tilta.com\/fr\/wp-json\/wp\/v2\/product_tag?post=1988696"}],"curies":[{"name":"wp","href":"https:\/\/api.w.org\/{rel}","templated":true}]}}