{"id":1988842,"date":"2023-02-24T17:16:06","date_gmt":"2023-02-24T16:16:06","guid":{"rendered":"https:\/\/de.tilta.com\/shop\/cage-pour-panasonic-s5-ii-iix-lightweight-kit\/"},"modified":"2025-12-05T12:46:13","modified_gmt":"2025-12-05T11:46:13","slug":"tilta-panasonic-s5-ii-iix-lightweight-kit","status":"publish","type":"product","link":"https:\/\/eu.tilta.com\/fr\/shop\/tilta-panasonic-s5-ii-iix-lightweight-kit\/","title":{"rendered":"Cage pour Panasonic S5 II\/IIX Lightweight Kit"},"content":{"rendered":"<p>Am\u00e9liorez les fonctionnalit\u00e9s de votre appareil photo tout en gardant votre appareil compact et mobile gr\u00e2ce \u00e0 notre kit l\u00e9ger pour Panasonic S5 II ou IIX.<\/p>\n<p>La base de ce kit est notre demi-cage qui offre une protection suppl\u00e9mentaire pour le bo\u00eetier de votre appareil photo et offre des options de montage universelles pour les accessoires tels que NATO, Cold Shoe et des filetages 1\/4&#8243;-20 avec des goupilles de positionnement.<\/p>\n<p>La cage dispose de deux connexions de rail OTAN qui conviennent parfaitement \u00e0 nos poign\u00e9es lat\u00e9rales optionnelles de type IV\/VI ou \u00e0 toute poign\u00e9e sup\u00e9rieure qui se connecte via l&#8217;OTAN.<\/p>\n<p>Ce placement des rails OTAN vous permet d&#8217;intervertir facilement la position des poign\u00e9es sup\u00e9rieures et lat\u00e9rales bas\u00e9es sur les rails OTAN pour passer rapidement d&#8217;une configuration de tir verticale \u00e0 une configuration de tir horizontale.<\/p>\n<p>Le kit l\u00e9ger comprend la poign\u00e9e sup\u00e9rieure OTAN et la fixation externe pour rail OTAN, ce qui offre une plus grande souplesse d&#8217;utilisation et de manipulation.<\/p>\n<p>La poign\u00e9e comprend plusieurs points de montage, dont un r\u00e9cepteur de griffe froide qui peut \u00eatre utilis\u00e9 pour monter un moniteur externe \u00e0 l&#8217;aide de notre support de montage d&#8217;accessoires de griffe froide.<\/p>\n<p>Comme pour nos autres syst\u00e8mes, vous disposerez \u00e9galement de plusieurs options pour monter des cannes de 15 mm gr\u00e2ce \u00e0 nos nouveaux supports de cannes simples de 15 mm.<\/p>\n<p>Cela vous permettra de fixer des accessoires de 15 mm sur la canne \u00e0 p\u00eache par le biais de l&#8217;OTAN, de deux filetages 1\/4\u2033-20 ou par le biais du filet du support de canne \u00e0 p\u00eache \u00e0 montage frontal.<\/p>\n<p>La plaque inf\u00e9rieure est \u00e9quip\u00e9e d&#8217;une connexion Arca Swiss et peut \u00eatre mont\u00e9e sur le DJI RS3 Pro \/ RS3 \/ RS2.<\/p>\n<p>Cette cage peut \u00e9galement \u00eatre mont\u00e9e sur notre syst\u00e8me de plaques de base modulaires via cette m\u00eame connexion ARCA.<\/p>\n","protected":false},"excerpt":{"rendered":"<p>Am\u00e9liorez les fonctionnalit\u00e9s de votre appareil photo tout en gardant votre appareil compact et mobile gr\u00e2ce \u00e0 notre kit l\u00e9ger pour Panasonic S5 II ou IIX. La base de ce kit est notre demi-cage qui offre une protection suppl\u00e9mentaire pour [&hellip;]<\/p>\n","protected":false},"featured_media":1988864,"comment_status":"closed","ping_status":"closed","template":"","meta":[],"product_cat":[1745],"product_tag":[],"acf":[],"gallery_images":[1938967,1938968],"_links":{"self":[{"href":"https:\/\/eu.tilta.com\/fr\/wp-json\/wp\/v2\/product\/1988842"}],"collection":[{"href":"https:\/\/eu.tilta.com\/fr\/wp-json\/wp\/v2\/product"}],"about":[{"href":"https:\/\/eu.tilta.com\/fr\/wp-json\/wp\/v2\/types\/product"}],"replies":[{"embeddable":true,"href":"https:\/\/eu.tilta.com\/fr\/wp-json\/wp\/v2\/comments?post=1988842"}],"wp:featuredmedia":[{"embeddable":true,"href":"https:\/\/eu.tilta.com\/fr\/wp-json\/wp\/v2\/media\/1988864"}],"wp:attachment":[{"href":"https:\/\/eu.tilta.com\/fr\/wp-json\/wp\/v2\/media?parent=1988842"}],"wp:term":[{"taxonomy":"product_cat","embeddable":true,"href":"https:\/\/eu.tilta.com\/fr\/wp-json\/wp\/v2\/product_cat?post=1988842"},{"taxonomy":"product_tag","embeddable":true,"href":"https:\/\/eu.tilta.com\/fr\/wp-json\/wp\/v2\/product_tag?post=1988842"}],"curies":[{"name":"wp","href":"https:\/\/api.w.org\/{rel}","templated":true}]}}