{"id":1988944,"date":"2023-02-21T10:27:37","date_gmt":"2023-02-21T09:27:37","guid":{"rendered":"https:\/\/de.tilta.com\/shop\/kit-leger-tilta-canon-r6-mark-ii\/"},"modified":"2025-12-22T03:45:11","modified_gmt":"2025-12-22T02:45:11","slug":"tilta-canon-r6-mark-ii-lightweight-kit","status":"publish","type":"product","link":"https:\/\/eu.tilta.com\/fr\/shop\/tilta-canon-r6-mark-ii-lightweight-kit\/","title":{"rendered":"Kit l\u00e9ger Tilta Canon R6 Mark II"},"content":{"rendered":"<p>Nous vous pr\u00e9sentons notre kit l\u00e9ger pour Canon R6 Mark II, l&#8217;accessoire id\u00e9al pour les photographes et les vid\u00e9astes qui souhaitent am\u00e9liorer les fonctionnalit\u00e9s de leur appareil photo tout en conservant un \u00e9quipement compact et mobile.<\/p>\n<p>Sp\u00e9cialement con\u00e7ue pour \u00eatre compatible avec l&#8217;appareil photo Canon R6 Mark II, cette cage offre une protection suppl\u00e9mentaire au bo\u00eetier de l&#8217;appareil photo tout en proposant de multiples points de fixation pour les accessoires.<\/p>\n<p>La cage comprend un rail NATO, des filetages 1\/4\u2033-20 avec des goupilles de positionnement et plusieurs r\u00e9cepteurs de griffe froide, ce qui vous offre de nombreuses options pour monter vos accessoires en toute simplicit\u00e9.<\/p>\n<p>Le kit prend en charge diff\u00e9rentes <a href=\"https:\/\/de.tilta.com\/product-category\/handles\/top-handles\/\">poign\u00e9es sup\u00e9rieures<\/a> qui se montent par 1\/4\u2033-20 et peut \u00eatre utilis\u00e9 avec la <a href=\"https:\/\/de.tilta.com\/shop\/tiltaing-compact-nato-top-handle-black\/\">poign\u00e9e sup\u00e9rieure OTAN<\/a> incluse via une <a href=\"https:\/\/de.tilta.com\/shop\/tiltaing-36mm-nato-rail-attachment\/\">fixation de rail Nato <\/a>suppl\u00e9mentaire qui offre une plus grande souplesse d&#8217;utilisation et de manipulation.<\/p>\n<p>La poign\u00e9e comprend plusieurs points de montage, dont un r\u00e9cepteur de griffe froide qui peut \u00eatre utilis\u00e9 pour monter un moniteur externe \u00e0 l&#8217;aide de notre support de montage d&#8217;accessoires de griffe froide.<\/p>\n<p>En outre, le kit comprend un serre-c\u00e2ble qui permet de s\u00e9curiser les c\u00e2bles HDMI et USB-C, et est \u00e9galement compatible avec notre syst\u00e8me de plaque de base modulaire.<\/p>\n<p>Bien que les demi-cages offrent des options plus limit\u00e9es en termes de montage d&#8217;accessoires, elles sont plus l\u00e9g\u00e8res et constituent une excellente option pour les cin\u00e9astes ou les photographes qui n&#8217;ont besoin que de quelques accessoires.<\/p>\n<p>Dans l&#8217;ensemble, notre kit l\u00e9ger pour Canon R6 Mark II am\u00e9liore les fonctionnalit\u00e9s de la cam\u00e9ra pour la production vid\u00e9o sans ajouter de poids ou d&#8217;encombrement inutile au syst\u00e8me, ce qui en fait le kit id\u00e9al.<\/p>\n","protected":false},"excerpt":{"rendered":"<p>Nous vous pr\u00e9sentons notre kit l\u00e9ger pour Canon R6 Mark II, l&#8217;accessoire id\u00e9al pour les photographes et les vid\u00e9astes qui souhaitent am\u00e9liorer les fonctionnalit\u00e9s de leur appareil photo tout en conservant un \u00e9quipement compact et mobile. Sp\u00e9cialement con\u00e7ue pour \u00eatre [&hellip;]<\/p>\n","protected":false},"featured_media":1988950,"comment_status":"closed","ping_status":"closed","template":"","meta":[],"product_cat":[1748],"product_tag":[],"acf":[],"gallery_images":[1938706,1938707,1938655,1938777,1938778],"_links":{"self":[{"href":"https:\/\/eu.tilta.com\/fr\/wp-json\/wp\/v2\/product\/1988944"}],"collection":[{"href":"https:\/\/eu.tilta.com\/fr\/wp-json\/wp\/v2\/product"}],"about":[{"href":"https:\/\/eu.tilta.com\/fr\/wp-json\/wp\/v2\/types\/product"}],"replies":[{"embeddable":true,"href":"https:\/\/eu.tilta.com\/fr\/wp-json\/wp\/v2\/comments?post=1988944"}],"wp:featuredmedia":[{"embeddable":true,"href":"https:\/\/eu.tilta.com\/fr\/wp-json\/wp\/v2\/media\/1988950"}],"wp:attachment":[{"href":"https:\/\/eu.tilta.com\/fr\/wp-json\/wp\/v2\/media?parent=1988944"}],"wp:term":[{"taxonomy":"product_cat","embeddable":true,"href":"https:\/\/eu.tilta.com\/fr\/wp-json\/wp\/v2\/product_cat?post=1988944"},{"taxonomy":"product_tag","embeddable":true,"href":"https:\/\/eu.tilta.com\/fr\/wp-json\/wp\/v2\/product_tag?post=1988944"}],"curies":[{"name":"wp","href":"https:\/\/api.w.org\/{rel}","templated":true}]}}