{"id":1988982,"date":"2023-02-20T10:21:33","date_gmt":"2023-02-20T09:21:33","guid":{"rendered":"https:\/\/de.tilta.com\/shop\/cage-de-protection-pour-canon-r6-mark-ii\/"},"modified":"2025-12-05T12:46:17","modified_gmt":"2025-12-05T11:46:17","slug":"full-camera-cage-for-canon-r6-mark-ii","status":"publish","type":"product","link":"https:\/\/eu.tilta.com\/fr\/shop\/full-camera-cage-for-canon-r6-mark-ii\/","title":{"rendered":"Cage de protection pour Canon R6 Mark II"},"content":{"rendered":"<p>Voici la cage compl\u00e8te pour Canon R6 Mark II, la base ultime qui offre de multiples options de montage d&#8217;accessoires et de s\u00e9curisation de votre appareil photo.<\/p>\n<p>Cette cage de qualit\u00e9 sup\u00e9rieure est sp\u00e9cialement con\u00e7ue pour am\u00e9liorer la fonctionnalit\u00e9 de votre appareil photo tout en lui offrant une protection suppl\u00e9mentaire, le prot\u00e9geant des rayures et des chocs.<\/p>\n<p>La cage poss\u00e8de de nombreux points de montage, notamment une rosette ARRI, un rail NATO, une griffe froide, des filetages 1\/4&#8243;-20 avec des goupilles de positionnement, ce qui offre de nombreuses options pour monter vos accessoires.<\/p>\n<p>Il est \u00e9galement compatible avec notre poign\u00e9e sup\u00e9rieure OTAN et avec notre nouveau syst\u00e8me de plaque de base modulaire, ce qui offre encore plus d&#8217;options de montage d&#8217;accessoires.<\/p>\n<p>Le serre-c\u00e2ble USB-C inclus dans la cage permet de s\u00e9curiser vos c\u00e2bles, en veillant \u00e0 ce qu&#8217;ils ne se d\u00e9tachent pas pendant l&#8217;utilisation.<\/p>\n<p>Cette fonction est particuli\u00e8rement utile lors de la r\u00e9alisation de vid\u00e9os, car elle permet de s&#8217;assurer que les c\u00e2bles ne se d\u00e9connectent pas accidentellement et ne g\u00e2chent pas vos images.<\/p>\n<p>Dans l&#8217;ensemble, la cage de cam\u00e9ra compl\u00e8te pour Canon R6 Mark II constitue une base fantastique pour am\u00e9liorer les fonctionnalit\u00e9s de la cam\u00e9ra en mati\u00e8re de production vid\u00e9o et est l&#8217;accessoire id\u00e9al pour tous ceux qui cherchent \u00e0 am\u00e9liorer leur jeu en mati\u00e8re de production vid\u00e9o.<\/p>\n<p>&nbsp;<\/p>\n","protected":false},"excerpt":{"rendered":"<p>Voici la cage compl\u00e8te pour Canon R6 Mark II, la base ultime qui offre de multiples options de montage d&#8217;accessoires et de s\u00e9curisation de votre appareil photo. Cette cage de qualit\u00e9 sup\u00e9rieure est sp\u00e9cialement con\u00e7ue pour am\u00e9liorer la fonctionnalit\u00e9 de [&hellip;]<\/p>\n","protected":false},"featured_media":1988985,"comment_status":"closed","ping_status":"closed","template":"","meta":[],"product_cat":[1748],"product_tag":[],"acf":[],"gallery_images":[1938647,1938648,1938655,1938777,1938778],"_links":{"self":[{"href":"https:\/\/eu.tilta.com\/fr\/wp-json\/wp\/v2\/product\/1988982"}],"collection":[{"href":"https:\/\/eu.tilta.com\/fr\/wp-json\/wp\/v2\/product"}],"about":[{"href":"https:\/\/eu.tilta.com\/fr\/wp-json\/wp\/v2\/types\/product"}],"replies":[{"embeddable":true,"href":"https:\/\/eu.tilta.com\/fr\/wp-json\/wp\/v2\/comments?post=1988982"}],"wp:featuredmedia":[{"embeddable":true,"href":"https:\/\/eu.tilta.com\/fr\/wp-json\/wp\/v2\/media\/1988985"}],"wp:attachment":[{"href":"https:\/\/eu.tilta.com\/fr\/wp-json\/wp\/v2\/media?parent=1988982"}],"wp:term":[{"taxonomy":"product_cat","embeddable":true,"href":"https:\/\/eu.tilta.com\/fr\/wp-json\/wp\/v2\/product_cat?post=1988982"},{"taxonomy":"product_tag","embeddable":true,"href":"https:\/\/eu.tilta.com\/fr\/wp-json\/wp\/v2\/product_tag?post=1988982"}],"curies":[{"name":"wp","href":"https:\/\/api.w.org\/{rel}","templated":true}]}}