{"id":1989025,"date":"2023-02-10T09:30:05","date_gmt":"2023-02-10T08:30:05","guid":{"rendered":"https:\/\/de.tilta.com\/shop\/adaptateur-pour-monture-pl-a-monture-lpl-de-tilta\/"},"modified":"2025-12-05T12:46:10","modified_gmt":"2025-12-05T11:46:10","slug":"tilta-pl-mount-to-lpl-mount-adapter","status":"publish","type":"product","link":"https:\/\/eu.tilta.com\/fr\/shop\/tilta-pl-mount-to-lpl-mount-adapter\/","title":{"rendered":"Adaptateur pour monture PL \u00e0 monture LPL de Tilta"},"content":{"rendered":"<p class=\"lead\">Cet adaptateur de monture PL \u00e0 monture LPL permet aux utilisateurs de monter des objectifs PL sur des bo\u00eetiers d&#8217;appareils photo \u00e9quip\u00e9s de montures d&#8217;objectif LPL.<\/p>\n<p>Il s&#8217;agit d&#8217;une excellente option pour ceux qui cherchent \u00e0 monter des objectifs S35 sur leurs cam\u00e9ras plein cadre telles que l&#8217;<a href=\"https:\/\/de.tilta.com\/product-category\/shop-by-camera\/for-arri-cameras\/arri-alexa-mini-lf-mini\/\">Alexa Mini LF<\/a> ou la <a href=\"https:\/\/de.tilta.com\/search-results?q=sony+venice\">Sony Venice<\/a>.<\/p>\n","protected":false},"excerpt":{"rendered":"<p>Cet adaptateur de monture PL \u00e0 monture LPL permet aux utilisateurs de monter des objectifs PL sur des bo\u00eetiers d&#8217;appareils photo \u00e9quip\u00e9s de montures d&#8217;objectif LPL. Il s&#8217;agit d&#8217;une excellente option pour ceux qui cherchent \u00e0 monter des objectifs S35 [&hellip;]<\/p>\n","protected":false},"featured_media":1989041,"comment_status":"closed","ping_status":"closed","template":"","meta":[],"product_cat":[1620,1742,1679,2284,2418],"product_tag":[],"acf":[],"gallery_images":[1989043,1989045,1989047,1989049,1989051,1989053],"_links":{"self":[{"href":"https:\/\/eu.tilta.com\/fr\/wp-json\/wp\/v2\/product\/1989025"}],"collection":[{"href":"https:\/\/eu.tilta.com\/fr\/wp-json\/wp\/v2\/product"}],"about":[{"href":"https:\/\/eu.tilta.com\/fr\/wp-json\/wp\/v2\/types\/product"}],"replies":[{"embeddable":true,"href":"https:\/\/eu.tilta.com\/fr\/wp-json\/wp\/v2\/comments?post=1989025"}],"wp:featuredmedia":[{"embeddable":true,"href":"https:\/\/eu.tilta.com\/fr\/wp-json\/wp\/v2\/media\/1989041"}],"wp:attachment":[{"href":"https:\/\/eu.tilta.com\/fr\/wp-json\/wp\/v2\/media?parent=1989025"}],"wp:term":[{"taxonomy":"product_cat","embeddable":true,"href":"https:\/\/eu.tilta.com\/fr\/wp-json\/wp\/v2\/product_cat?post=1989025"},{"taxonomy":"product_tag","embeddable":true,"href":"https:\/\/eu.tilta.com\/fr\/wp-json\/wp\/v2\/product_tag?post=1989025"}],"curies":[{"name":"wp","href":"https:\/\/api.w.org\/{rel}","templated":true}]}}