{"id":1989039,"date":"2023-02-21T10:24:37","date_gmt":"2023-02-21T09:24:37","guid":{"rendered":"https:\/\/de.tilta.com\/shop\/kit-de-base-tilta-canon-r6-mark-ii\/"},"modified":"2025-12-05T12:46:58","modified_gmt":"2025-12-05T11:46:58","slug":"tilta-canon-r6-mark-ii-basic-kit","status":"publish","type":"product","link":"https:\/\/eu.tilta.com\/fr\/shop\/tilta-canon-r6-mark-ii-basic-kit\/","title":{"rendered":"Kit de base Tilta Canon R6 Mark II"},"content":{"rendered":"<p>Le kit de base pour Canon R6 Mark II est la solution id\u00e9ale pour \u00e9tendre les fonctionnalit\u00e9s vid\u00e9o de votre R6 Mark II.<\/p>\n<p>Cette cage de qualit\u00e9 sup\u00e9rieure est sp\u00e9cialement con\u00e7ue pour am\u00e9liorer la fonctionnalit\u00e9 de votre appareil photo tout en lui offrant une protection suppl\u00e9mentaire, le prot\u00e9geant des rayures et des chocs.<\/p>\n<p>La cage dispose de plusieurs points de montage, y compris une rosette ARRI, un rail NATO, une griffe froide, des filetages 1\/4\u2033-20 avec des goupilles de positionnement, qui offrent de nombreuses options pour le montage de vos accessoires.<\/p>\n<p>Le kit de base comprend la poign\u00e9e sup\u00e9rieure de l&#8217;OTAN qui offre une plus grande souplesse d&#8217;utilisation et de manipulation.<\/p>\n<p>La poign\u00e9e comprend plusieurs points de montage, dont un r\u00e9cepteur de griffe froide qui peut \u00eatre utilis\u00e9 pour monter un moniteur externe \u00e0 l&#8217;aide de notre <a href=\"https:\/\/de.tilta.com\/shop\/tiltaing-adjustable-cold-shoe-accessory-mounting-bracket\/\">support de montage d&#8217;accessoires de griffe froide.<\/a><\/p>\n<p>Le kit comprend notre nouvelle plaque de base universelle 15 mm LWS qui ajoute un support de tige 15 mm et \u00e9largit vos options pour le montage d&#8217;accessoires \u00e0 tige comme les moteurs follow focus ou les matte boxes.<\/p>\n<p>Le nouveau design modulaire est dot\u00e9 d&#8217;un r\u00e9cepteur ARCA qui permet d&#8217;\u00e9changer rapidement et simplement une Ronin S Series Gimbal avec cette plaque de base.<\/p>\n<p>Cet adaptateur ARCA peut \u00e9galement \u00eatre retir\u00e9, ce qui vous permet de monter d&#8217;autres cages ou syst\u00e8mes de cam\u00e9ras directement \u00e0 l&#8217;aide de deux vis 1\/4&#8243;-20.<\/p>\n<p>Cette plaque de base est compatible avec nos queues d&#8217;aronde standard Tilta et peut accueillir une vari\u00e9t\u00e9 de plaques de fixation rapide via des filetages 1\/4\u2033-20 et 3\/8\u2033-16.<\/p>\n<p>Le serre-c\u00e2ble USB-C inclus dans la cage permet de s\u00e9curiser vos c\u00e2bles, en veillant \u00e0 ce qu&#8217;ils ne se d\u00e9tachent pas pendant l&#8217;utilisation.<\/p>\n<p>Cette fonction est particuli\u00e8rement utile lors de la r\u00e9alisation de vid\u00e9os, car elle permet de s&#8217;assurer que les c\u00e2bles ne se d\u00e9connectent pas accidentellement et ne g\u00e2chent pas vos images.<\/p>\n<p>Dans l&#8217;ensemble, la cage de base pour Canon R6 Mark II am\u00e9liore la fonctionnalit\u00e9 de la cam\u00e9ra dans un environnement de production vid\u00e9o et constitue la collection d&#8217;accessoires id\u00e9ale pour tous ceux qui cherchent \u00e0 faire passer leur travail au niveau sup\u00e9rieur.<\/p>\n","protected":false},"excerpt":{"rendered":"<p>Le kit de base pour Canon R6 Mark II est la solution id\u00e9ale pour \u00e9tendre les fonctionnalit\u00e9s vid\u00e9o de votre R6 Mark II. Cette cage de qualit\u00e9 sup\u00e9rieure est sp\u00e9cialement con\u00e7ue pour am\u00e9liorer la fonctionnalit\u00e9 de votre appareil photo tout [&hellip;]<\/p>\n","protected":false},"featured_media":1989060,"comment_status":"closed","ping_status":"closed","template":"","meta":[],"product_cat":[1748],"product_tag":[],"acf":[],"gallery_images":[1938699,1938700,1938655,1938777,1938778],"_links":{"self":[{"href":"https:\/\/eu.tilta.com\/fr\/wp-json\/wp\/v2\/product\/1989039"}],"collection":[{"href":"https:\/\/eu.tilta.com\/fr\/wp-json\/wp\/v2\/product"}],"about":[{"href":"https:\/\/eu.tilta.com\/fr\/wp-json\/wp\/v2\/types\/product"}],"replies":[{"embeddable":true,"href":"https:\/\/eu.tilta.com\/fr\/wp-json\/wp\/v2\/comments?post=1989039"}],"wp:featuredmedia":[{"embeddable":true,"href":"https:\/\/eu.tilta.com\/fr\/wp-json\/wp\/v2\/media\/1989060"}],"wp:attachment":[{"href":"https:\/\/eu.tilta.com\/fr\/wp-json\/wp\/v2\/media?parent=1989039"}],"wp:term":[{"taxonomy":"product_cat","embeddable":true,"href":"https:\/\/eu.tilta.com\/fr\/wp-json\/wp\/v2\/product_cat?post=1989039"},{"taxonomy":"product_tag","embeddable":true,"href":"https:\/\/eu.tilta.com\/fr\/wp-json\/wp\/v2\/product_tag?post=1989039"}],"curies":[{"name":"wp","href":"https:\/\/api.w.org\/{rel}","templated":true}]}}