{"id":1989102,"date":"2023-02-20T10:18:13","date_gmt":"2023-02-20T09:18:13","guid":{"rendered":"https:\/\/de.tilta.com\/shop\/demi-cage-pour-canon-r6-mark-ii\/"},"modified":"2026-03-25T11:12:52","modified_gmt":"2026-03-25T10:12:52","slug":"half-camera-cage-for-canon-r6-mark-ii","status":"publish","type":"product","link":"https:\/\/eu.tilta.com\/fr\/shop\/half-camera-cage-for-canon-r6-mark-ii\/","title":{"rendered":"Demi-cage pour Canon R6 Mark II"},"content":{"rendered":"<p>Nous vous pr\u00e9sentons notre demi-cage pour Canon R6 Mark II, l&#8217;accessoire id\u00e9al pour les photographes et vid\u00e9astes qui souhaitent am\u00e9liorer la fonctionnalit\u00e9 et la protection de leur appareil photo.<\/p>\n<p>Sp\u00e9cialement con\u00e7ue pour \u00eatre compatible avec l&#8217;appareil photo Canon R6 Mark II, cette cage offre une protection suppl\u00e9mentaire au bo\u00eetier de l&#8217;appareil photo tout en proposant de multiples points de fixation pour les accessoires.<\/p>\n<p>La cage comprend un rail NATO, des filetages 1\/4&#8243;-20 avec des goupilles de positionnement et plusieurs r\u00e9cepteurs de griffe froide, ce qui vous offre de nombreuses options pour monter vos accessoires en toute simplicit\u00e9.<\/p>\n<p>La cage supporte plusieurs <a href=\"https:\/\/de.tilta.com\/product-category\/handles\/top-handles\/\">poign\u00e9es sup\u00e9rieures<\/a> qui se montent par 1\/4&#8243;-20 et peut \u00eatre utilis\u00e9e avec notre <a href=\"https:\/\/de.tilta.com\/shop\/tiltaing-compact-nato-top-handle-black\/\">poign\u00e9e sup\u00e9rieure OTAN<\/a> gr\u00e2ce \u00e0 un <a href=\"https:\/\/de.tilta.com\/shop\/tiltaing-36mm-nato-rail-attachment\/\">rail de fixation Nato<\/a> suppl\u00e9mentaire. (non inclus)<\/p>\n<p>De plus, la cage comprend un serre-c\u00e2ble qui permet de s\u00e9curiser les c\u00e2bles HDMI et USB-C, et est \u00e9galement compatible avec notre syst\u00e8me de plaque de base modulaire.<\/p>\n<p>Bien que les demi-cages offrent des options plus limit\u00e9es en termes de montage d&#8217;accessoires, elles sont plus l\u00e9g\u00e8res et constituent une excellente option pour les cin\u00e9astes ou les photographes qui n&#8217;ont besoin que de quelques accessoires.<\/p>\n<p>Dans l&#8217;ensemble, notre demi-cage de cam\u00e9ra pour Canon R6 Mark II am\u00e9liore consid\u00e9rablement la fonctionnalit\u00e9 de la cam\u00e9ra pour la production vid\u00e9o tout en fournissant une protection essentielle pour le corps de votre cam\u00e9ra.<\/p>\n","protected":false},"excerpt":{"rendered":"<p>Nous vous pr\u00e9sentons notre demi-cage pour Canon R6 Mark II, l&#8217;accessoire id\u00e9al pour les photographes et vid\u00e9astes qui souhaitent am\u00e9liorer la fonctionnalit\u00e9 et la protection de leur appareil photo. Sp\u00e9cialement con\u00e7ue pour \u00eatre compatible avec l&#8217;appareil photo Canon R6 Mark [&hellip;]<\/p>\n","protected":false},"featured_media":1989104,"comment_status":"closed","ping_status":"closed","template":"","meta":[],"product_cat":[1748],"product_tag":[],"acf":[],"gallery_images":[1989107,1989109,1988956,1988960,1988962],"_links":{"self":[{"href":"https:\/\/eu.tilta.com\/fr\/wp-json\/wp\/v2\/product\/1989102"}],"collection":[{"href":"https:\/\/eu.tilta.com\/fr\/wp-json\/wp\/v2\/product"}],"about":[{"href":"https:\/\/eu.tilta.com\/fr\/wp-json\/wp\/v2\/types\/product"}],"replies":[{"embeddable":true,"href":"https:\/\/eu.tilta.com\/fr\/wp-json\/wp\/v2\/comments?post=1989102"}],"wp:featuredmedia":[{"embeddable":true,"href":"https:\/\/eu.tilta.com\/fr\/wp-json\/wp\/v2\/media\/1989104"}],"wp:attachment":[{"href":"https:\/\/eu.tilta.com\/fr\/wp-json\/wp\/v2\/media?parent=1989102"}],"wp:term":[{"taxonomy":"product_cat","embeddable":true,"href":"https:\/\/eu.tilta.com\/fr\/wp-json\/wp\/v2\/product_cat?post=1989102"},{"taxonomy":"product_tag","embeddable":true,"href":"https:\/\/eu.tilta.com\/fr\/wp-json\/wp\/v2\/product_tag?post=1989102"}],"curies":[{"name":"wp","href":"https:\/\/api.w.org\/{rel}","templated":true}]}}