{"id":1989147,"date":"2023-01-31T09:23:13","date_gmt":"2023-01-31T08:23:13","guid":{"rendered":"https:\/\/de.tilta.com\/shop\/demi-cage-pour-panasonic-s5-ii-iix\/"},"modified":"2026-04-12T12:08:21","modified_gmt":"2026-04-12T10:08:21","slug":"half-camera-cage-for-panasonic-s5-ii-iix","status":"publish","type":"product","link":"https:\/\/eu.tilta.com\/fr\/shop\/half-camera-cage-for-panasonic-s5-ii-iix\/","title":{"rendered":"Demi-cage pour Panasonic S5 II\/IIX"},"content":{"rendered":"<p><em>Am\u00e9liorez la fonctionnalit\u00e9 de votre appareil photo avec notre demi-cage pour Panasonic S5 II ou II X tout en gardant votre syst\u00e8me l\u00e9ger !  <\/em><\/p>\n<p>Cette demi-cage offre une protection partielle au bo\u00eetier de votre appareil photo et propose des options de montage universelles pour les accessoires tels que la griffe froide et les filetages 1\/4&#8243;-20 avec goupilles de positionnement.<\/p>\n<p>Comme pour nos autres syst\u00e8mes, vous disposerez \u00e9galement de plusieurs options pour monter des cannes de 15 mm gr\u00e2ce \u00e0 nos nouveaux <a href=\"https:\/\/de.tilta.com\/product-category\/accessories\/rod-rod-holders\/\">supports de cannes simples de 15 mm.<\/a><\/p>\n<p>Cela vous permettra de fixer des accessoires de 15 mm sur la canne \u00e0 p\u00eache via <a href=\"https:\/\/de.tilta.com\/shop\/15mm-rod-holder-to-dual-1-4-20-adapter-black\/\">deux filetages 1\/4\u2033-20<\/a> ou le <a href=\"https:\/\/de.tilta.com\/shop\/15mm-rod-holder-to-1-4-20-adapter-front-mounted-black\/\">filetage du support de canne \u00e0 p\u00eache \u00e0 montage frontal<\/a>.<\/p>\n<p>Cette nouvelle conception met l&#8217;accent sur l&#8217;accessibilit\u00e9, en permettant un meilleur acc\u00e8s \u00e0 tous les ports et aux commandes des fonctions de l&#8217;appareil photo.<\/p>\n<p>La plaque inf\u00e9rieure est \u00e9quip\u00e9e d&#8217;une connexion Arca Swiss et peut \u00eatre mont\u00e9e sur le DJI RS3 Pro \/ RS3 \/ RS2.<\/p>\n<p>Cette cage peut \u00e9galement \u00eatre mont\u00e9e sur notre syst\u00e8me de plaques de base modulaires via cette m\u00eame connexion ARCA. (plus d&#8217;informations prochainement)<\/p>\n<p>Le serre-c\u00e2ble HDMI et USB-C inclus garantit que tous les c\u00e2bles connect\u00e9s sont mont\u00e9s en toute s\u00e9curit\u00e9.<\/p>\n","protected":false},"excerpt":{"rendered":"<p>Am\u00e9liorez la fonctionnalit\u00e9 de votre appareil photo avec notre demi-cage pour Panasonic S5 II ou II X tout en gardant votre syst\u00e8me l\u00e9ger ! Cette demi-cage offre une protection partielle au bo\u00eetier de votre appareil photo et propose des options [&hellip;]<\/p>\n","protected":false},"featured_media":1989154,"comment_status":"closed","ping_status":"closed","template":"","meta":[],"product_cat":[1745],"product_tag":[],"acf":[],"gallery_images":[1989157,1989159],"_links":{"self":[{"href":"https:\/\/eu.tilta.com\/fr\/wp-json\/wp\/v2\/product\/1989147"}],"collection":[{"href":"https:\/\/eu.tilta.com\/fr\/wp-json\/wp\/v2\/product"}],"about":[{"href":"https:\/\/eu.tilta.com\/fr\/wp-json\/wp\/v2\/types\/product"}],"replies":[{"embeddable":true,"href":"https:\/\/eu.tilta.com\/fr\/wp-json\/wp\/v2\/comments?post=1989147"}],"wp:featuredmedia":[{"embeddable":true,"href":"https:\/\/eu.tilta.com\/fr\/wp-json\/wp\/v2\/media\/1989154"}],"wp:attachment":[{"href":"https:\/\/eu.tilta.com\/fr\/wp-json\/wp\/v2\/media?parent=1989147"}],"wp:term":[{"taxonomy":"product_cat","embeddable":true,"href":"https:\/\/eu.tilta.com\/fr\/wp-json\/wp\/v2\/product_cat?post=1989147"},{"taxonomy":"product_tag","embeddable":true,"href":"https:\/\/eu.tilta.com\/fr\/wp-json\/wp\/v2\/product_tag?post=1989147"}],"curies":[{"name":"wp","href":"https:\/\/api.w.org\/{rel}","templated":true}]}}