{"id":1989197,"date":"2023-01-18T14:31:35","date_gmt":"2023-01-18T13:31:35","guid":{"rendered":"https:\/\/de.tilta.com\/shop\/tilta-poignee-pd-laterale-gauche-avec-run-stop-type-viii-noir\/"},"modified":"2026-02-05T17:28:16","modified_gmt":"2026-02-05T16:28:16","slug":"tilta-left-side-pd-handle-with-run-stop-type-viii-black","status":"publish","type":"product","link":"https:\/\/eu.tilta.com\/fr\/shop\/tilta-left-side-pd-handle-with-run-stop-type-viii-black\/","title":{"rendered":"Tilta Poign\u00e9e PD lat\u00e9rale gauche avec Run\/Stop Type VIII &#8211; Noir"},"content":{"rendered":"<p class=\"lead\"><em>Cette poign\u00e9e lat\u00e9rale de nouvelle g\u00e9n\u00e9ration est l&#8217;option ultime pour alimenter divers appareils photo et accessoires via une batterie interne avec des sorties d&#8217;alimentation avanc\u00e9es.<\/em><\/p>\n<p>Dot\u00e9e d&#8217;une batterie interne de grande capacit\u00e9, cette poign\u00e9e d\u00e9livre une puissance de 60 W pour une dur\u00e9e d&#8217;utilisation plus longue, jusqu&#8217;\u00e0 170 % de plus que la batterie interne d&#8217;un appareil photo moyen.<\/p>\n<p>La poign\u00e9e est dot\u00e9e de deux ports USB-C, dont un avec le protocole de charge rapide PD qui permet \u00e0 la poign\u00e9e de charger ou d&#8217;alimenter un appareil avec la quantit\u00e9 maximale de puissance que l&#8217;appareil sp\u00e9cifique peut supporter.<\/p>\n<p>Le levier de d\u00e9verrouillage permet de r\u00e9gler rapidement et pr\u00e9cis\u00e9ment l&#8217;angle de la poign\u00e9e, ce qui simplifie l&#8217;utilisation et cr\u00e9e un flux de travail plus efficace.<\/p>\n<p>La poign\u00e9e est \u00e9quip\u00e9e de plusieurs options de montage, y compris un r\u00e9cepteur de sabot froid et un filetage 1\/4&#8243;-20 pour le montage d&#8217;accessoires tels que de <a href=\"https:\/\/de.tilta.com\/shop\/tiltaing-mini-articulating-arm\/\">petits bras articul\u00e9s<\/a> ou des moniteurs externes.<\/p>\n<p>La poign\u00e9e est \u00e9galement dot\u00e9e d&#8217;une dragonne pour plus de stabilit\u00e9 et d&#8217;un port USB-C standard pour la commande RUN\/STOP.<\/p>\n<p>La construction en m\u00e9tal de haute qualit\u00e9 et la couverture antid\u00e9rapante offrent une s\u00e9curit\u00e9 accrue et une manipulation confortable.<\/p>\n<p><em>Faites passer votre appareil photo au niveau sup\u00e9rieur avec la poign\u00e9e PD lat\u00e9rale gauche de Tilta, un accessoire de cam\u00e9ra puissant et ergonomique con\u00e7u pour offrir une exp\u00e9rience de prise de vue sans faille.<\/em><\/p>\n<p><strong><span style=\"text-decoration: underline;\">REMARQUE<\/span>: le chargement rapide PD <span style=\"text-decoration: underline;\">n&#8217;<\/span> est <span style=\"text-decoration: underline;\">pas<\/span> compatible avec tous les appareils photo <span style=\"text-decoration: underline;\">.<\/span>  Veuillez v\u00e9rifier la compatibilit\u00e9 de votre appareil photo avant d&#8217;utiliser cette poign\u00e9e.  <\/strong><\/p>\n<p><strong>UNE BATTERIE INTERNE DE L&#8217;APPAREIL PHOTO EST <span style=\"text-decoration: underline;\">N\u00c9CESSAIRE<\/span> POUR UTILISER L&#8217;ALIMENTATION PD.<\/strong><\/p>\n<p>&nbsp;<\/p>\n","protected":false},"excerpt":{"rendered":"<p>Cette poign\u00e9e lat\u00e9rale de nouvelle g\u00e9n\u00e9ration est l&#8217;option ultime pour alimenter divers appareils photo et accessoires via une batterie interne avec des sorties d&#8217;alimentation avanc\u00e9es. Dot\u00e9e d&#8217;une batterie interne de grande capacit\u00e9, cette poign\u00e9e d\u00e9livre une puissance de 60 W [&hellip;]<\/p>\n","protected":false},"featured_media":1989205,"comment_status":"closed","ping_status":"closed","template":"","meta":[],"product_cat":[1748,1732,2043,2044],"product_tag":[],"acf":[],"gallery_images":[1989207,1989208,1989210,1989211,1989213],"_links":{"self":[{"href":"https:\/\/eu.tilta.com\/fr\/wp-json\/wp\/v2\/product\/1989197"}],"collection":[{"href":"https:\/\/eu.tilta.com\/fr\/wp-json\/wp\/v2\/product"}],"about":[{"href":"https:\/\/eu.tilta.com\/fr\/wp-json\/wp\/v2\/types\/product"}],"replies":[{"embeddable":true,"href":"https:\/\/eu.tilta.com\/fr\/wp-json\/wp\/v2\/comments?post=1989197"}],"wp:featuredmedia":[{"embeddable":true,"href":"https:\/\/eu.tilta.com\/fr\/wp-json\/wp\/v2\/media\/1989205"}],"wp:attachment":[{"href":"https:\/\/eu.tilta.com\/fr\/wp-json\/wp\/v2\/media?parent=1989197"}],"wp:term":[{"taxonomy":"product_cat","embeddable":true,"href":"https:\/\/eu.tilta.com\/fr\/wp-json\/wp\/v2\/product_cat?post=1989197"},{"taxonomy":"product_tag","embeddable":true,"href":"https:\/\/eu.tilta.com\/fr\/wp-json\/wp\/v2\/product_tag?post=1989197"}],"curies":[{"name":"wp","href":"https:\/\/api.w.org\/{rel}","templated":true}]}}