{"id":1989419,"date":"2023-01-03T20:44:25","date_gmt":"2023-01-03T19:44:25","guid":{"rendered":"https:\/\/de.tilta.com\/shop\/hydra-arm-mini\/"},"modified":"2025-12-05T12:47:38","modified_gmt":"2025-12-05T11:47:38","slug":"hydra-arm-mini","status":"publish","type":"product","link":"https:\/\/eu.tilta.com\/fr\/shop\/hydra-arm-mini\/","title":{"rendered":"Hydra Arm Mini"},"content":{"rendered":"<p class=\"lead\"><em>Hydra-Arm Mini est le nec plus ultra des grues pour cam\u00e9ra de cin\u00e9ma. La cin\u00e9matographie complexe mont\u00e9e sur v\u00e9hicule est aujourd&#8217;hui plus que jamais \u00e0 la port\u00e9e des cin\u00e9astes.<\/em><\/p>\n<p>Le syst\u00e8me est portable, l\u00e9ger et relativement facile \u00e0 utiliser pour filmer les v\u00e9hicules sous plusieurs angles lorsqu&#8217;ils sont en mouvement.<\/p>\n<p>Con\u00e7u sp\u00e9cifiquement pour le RS 3 PRO et le RS 2, mais compatible avec une gamme de cardans et de syst\u00e8mes de cam\u00e9ra tels que le Ronin 4D, Ronin MX, Freefly Movi Pro.<\/p>\n<p>La conception l\u00e9g\u00e8re, sans contrepoids, rend le syst\u00e8me plus rapide \u00e0 mettre en place et plus s\u00fbr \u00e0 utiliser, car les utilisateurs ne doivent se concentrer que sur une extr\u00e9mit\u00e9 du bras \u00e0 tout moment.<\/p>\n<p>Le kit Pro comprend des ventouses, un acc\u00e9l\u00e9rateur et des sangles \u00e0 cliquet qui vous permettent de monter facilement le syst\u00e8me sur la plupart des v\u00e9hicules qui peuvent supporter le poids de 176 livres du bras, sans inclure un gimbal ou une cam\u00e9ra.<\/p>\n<p>Le kit de base sera bient\u00f4t disponible sans mat\u00e9riel de montage pour les utilisateurs qui poss\u00e8dent d\u00e9j\u00e0 un <a href=\"https:\/\/de.tilta.com\/shop\/speed-rail-car-mounting-kit\/\">Speed Rail de 50 mm<\/a> ou qui cherchent \u00e0 construire leur propre support permanent.<\/p>\n<p>Il existe des kits de ventouses en option pour les v\u00e9hicules \u00e9quip\u00e9s de toits ouvrants de diff\u00e9rentes tailles, y compris les toits ouvrants panoramiques, ainsi qu&#8217;un kit \u00e9lectronique en option qui permet aux utilisateurs de contr\u00f4ler la pression de la ventouse \u00e0 distance pour plus de s\u00e9curit\u00e9.<\/p>\n<p>Le bras absorbeur de chocs aide \u00e0 stabiliser le cardan lorsque vous travaillez sur des surfaces irr\u00e9guli\u00e8res et peut \u00eatre ajust\u00e9 pour diff\u00e9rentes charges utiles.<\/p>\n<p>La t\u00eate d&#8217;absorption des chocs du bras peut \u00eatre r\u00e9gl\u00e9e individuellement pour l&#8217;axe horizontal et l&#8217;axe vertical.<\/p>\n<p>Le contr\u00f4leur fourni se connecte via une connexion c\u00e2bl\u00e9e, ce qui garantit une communication fiable avec le bras.<\/p>\n<p>Le contr\u00f4leur permet \u00e0 l&#8217;op\u00e9rateur d&#8217;acc\u00e9der \u00e0 diverses options pour les axes d&#8217;inclinaison et de panoramique, y compris les limitations de vitesse, d&#8217;amortissement et d&#8217;amplitude de mouvement pour chaque axe individuellement.<\/p>\n<p>Les param\u00e8tres utilisateur personnalis\u00e9s permettent \u00e0 l&#8217;op\u00e9rateur de choisir parmi une gamme de configurations afin d&#8217;op\u00e9rer de la mani\u00e8re qui lui convient le mieux.<\/p>\n<p>Le mode Pro est une option de contr\u00f4le \u00e9tendue qui permet aux utilisateurs de contr\u00f4ler simultan\u00e9ment le Hydra Arm Mini et un RS2\/RS3 Pro Gimbal \u00e0 l&#8217;aide du contr\u00f4leur.<\/p>\n<p>Veuillez noter que cette m\u00e9thode n&#8217;est pas recommand\u00e9e pour la plupart des situations de tir et qu&#8217;elle n&#8217;est conseill\u00e9e qu&#8217;avec des pr\u00e9cautions appropri\u00e9es.<\/p>\n<p>Le syst\u00e8me peut supporter des vitesses allant jusqu&#8217;\u00e0 120 km\/h dans des conditions id\u00e9ales, mais nous vous recommandons de ne pas d\u00e9passer 60 km\/h, surtout si vous utilisez des cam\u00e9ras plus lourdes ou des cardans plus l\u00e9gers.<\/p>\n<p>Les principaux facteurs qui influent sur les vitesses de fonctionnement sont le poids de l&#8217;appareil photo, la r\u00e9sistance du cardan et les conditions m\u00e9t\u00e9orologiques.<\/p>\n<p>D&#8217;autres cardans peuvent \u00e9galement \u00eatre utilis\u00e9s \u00e0 condition qu&#8217;ils puissent \u00eatre mont\u00e9s via des filetages 1\/4&#8243;-20, qu&#8217;ils soient aliment\u00e9s par des batteries V-Mount et qu&#8217;ils ne d\u00e9passent pas la limite de poids de 22 livres.<\/p>\n<p>Le syst\u00e8me comprend une plaque de batterie V-Mount mont\u00e9e \u00e0 l&#8217;extr\u00e9mit\u00e9 du bras qui permet aux utilisateurs d&#8217;alimenter leur gimbal via le c\u00e2ble d&#8217;alimentation P-Tap \u00e0 2 broches inclus ou avec un autre c\u00e2ble si n\u00e9cessaire.<\/p>\n<p>*Une plaque de batterie \u00e0 montage en or sera disponible en option dans un futur proche.<\/p>\n<p>Le bras lui-m\u00eame ne dispose d&#8217;aucune fonction d&#8217;alimentation ou de transmission vid\u00e9o, ce qui signifie que vous devrez utiliser un transmetteur vid\u00e9o sans fil (non fourni) et alimenter votre cam\u00e9ra via les piles int\u00e9gr\u00e9es ou la plaque de piles Gold\/V-Mount situ\u00e9e sur le bras.<\/p>\n<p><strong>Pour alimenter le syst\u00e8me, vous aurez besoin d&#8217;une source d&#8217;alimentation 220V 1800wH+ qui n&#8217;est PAS INCLUSE.  <\/strong><\/p>\n<p><strong>Nous recommandons l&#8217;<a href=\"https:\/\/us.ecoflow.com\/products\/delta-portable-power-station?currency=USD&amp;variant=39438995456073\">EcoFlow Delta<\/a> et un <a href=\"https:\/\/www.amazon.com\/Transformer-Converter-VQBAA-Electrical-Equipment\/dp\/B09M3YSVFF\/ref=sr_1_6?crid=3R9U7JTJK39SQ&amp;keywords=110v%2Bto%2B220v%2B3000W&amp;qid=1680727705&amp;s=electronics&amp;sprefix=110v%2Bto%2B220v%2B3000w%2Celectronics%2C168&amp;sr=1-6&amp;ufe=app_do%3Aamzn1.fos.f5122f16-c3e8-4386-bf32-63e904010ad0&amp;th=1\">convertisseur de 110 \u00e0 220V<\/a> (3000W+) si n\u00e9cessaire.  <\/strong><\/p>\n<p><strong><span style=\"text-decoration: underline;\">POLITIQUE DE RETOUR<\/span>: Ce syst\u00e8me peut \u00eatre retourn\u00e9 dans les 30 jours, mais sera soumis \u00e0 des frais de restockage de 30 %, sauf si le syst\u00e8me est d\u00e9fectueux.  <\/strong><\/p>\n<p><strong>Les envois en retour d&#8217;unit\u00e9s non d\u00e9fectueuses ne recevront pas d&#8217;\u00e9tiquettes de retour.  <\/strong><\/p>\n<p>&nbsp;<\/p>\n","protected":false},"excerpt":{"rendered":"<p>Hydra-Arm Mini est le nec plus ultra des grues pour cam\u00e9ra de cin\u00e9ma. La cin\u00e9matographie complexe mont\u00e9e sur v\u00e9hicule est aujourd&#8217;hui plus que jamais \u00e0 la port\u00e9e des cin\u00e9astes. Le syst\u00e8me est portable, l\u00e9ger et relativement facile \u00e0 utiliser pour [&hellip;]<\/p>\n","protected":false},"featured_media":1989423,"comment_status":"closed","ping_status":"closed","template":"","meta":[],"product_cat":[1888],"product_tag":[],"acf":[],"gallery_images":[1989425,1989427,1989429,1989431,1989432,1989433,1989436,1989437,1989439,1989440,1989442,1989445,1989447],"_links":{"self":[{"href":"https:\/\/eu.tilta.com\/fr\/wp-json\/wp\/v2\/product\/1989419"}],"collection":[{"href":"https:\/\/eu.tilta.com\/fr\/wp-json\/wp\/v2\/product"}],"about":[{"href":"https:\/\/eu.tilta.com\/fr\/wp-json\/wp\/v2\/types\/product"}],"replies":[{"embeddable":true,"href":"https:\/\/eu.tilta.com\/fr\/wp-json\/wp\/v2\/comments?post=1989419"}],"wp:featuredmedia":[{"embeddable":true,"href":"https:\/\/eu.tilta.com\/fr\/wp-json\/wp\/v2\/media\/1989423"}],"wp:attachment":[{"href":"https:\/\/eu.tilta.com\/fr\/wp-json\/wp\/v2\/media?parent=1989419"}],"wp:term":[{"taxonomy":"product_cat","embeddable":true,"href":"https:\/\/eu.tilta.com\/fr\/wp-json\/wp\/v2\/product_cat?post=1989419"},{"taxonomy":"product_tag","embeddable":true,"href":"https:\/\/eu.tilta.com\/fr\/wp-json\/wp\/v2\/product_tag?post=1989419"}],"curies":[{"name":"wp","href":"https:\/\/api.w.org\/{rel}","templated":true}]}}