{"id":1989725,"date":"2022-11-23T16:30:53","date_gmt":"2022-11-23T15:30:53","guid":{"rendered":"https:\/\/de.tilta.com\/shop\/articulation-a-rotule-tilta-pour-mini-bras-articule\/"},"modified":"2026-05-07T15:15:17","modified_gmt":"2026-05-07T13:15:17","slug":"ball-joint-for-mini-articulating-arm","status":"publish","type":"product","link":"https:\/\/eu.tilta.com\/fr\/shop\/ball-joint-for-mini-articulating-arm\/","title":{"rendered":"Articulation \u00e0 rotule Tilta pour mini-bras articul\u00e9"},"content":{"rendered":"<p>Personnalisez votre <a href=\"https:\/\/de.tilta.com\/shop\/tiltaing-mini-articulating-arm\/\">mini-bras<\/a> articul\u00e9 avec de nouvelles fixations \u00e0 rotule. Cette articulation sph\u00e9rique peut \u00eatre \u00e9chang\u00e9e avec celles fournies avec le mini-bras articul\u00e9 et pr\u00e9sente diverses options qui permettent de multiples types d&#8217;attache.<\/p>\n<p>Ces types de fixation comprennent la rosette ARRI, la griffe froide, l&#8217;OTAN, les tiges de 15\/19 mm, la monture GoPro et m\u00eame le type de connexion de moniteur SmallHD.<\/p>\n<p>Un bras \u00e0 rotule \u00e9tendu peut \u00eatre ajout\u00e9 pour \u00e9largir les points d&#8217;articulation et augmenter la taille du bras pour des applications uniques.<\/p>\n","protected":false},"excerpt":{"rendered":"<p>Personnalisez votre mini-bras articul\u00e9 avec de nouvelles fixations \u00e0 rotule. Cette articulation sph\u00e9rique peut \u00eatre \u00e9chang\u00e9e avec celles fournies avec le mini-bras articul\u00e9 et pr\u00e9sente diverses options qui permettent de multiples types d&#8217;attache. Ces types de fixation comprennent la rosette [&hellip;]<\/p>\n","protected":false},"featured_media":1989826,"comment_status":"closed","ping_status":"closed","template":"","meta":[],"product_cat":[3252,3089,1620,1811,1713,1621,1622,1802,1805,1762,1799,1757,1748,1732,1706,1623,1624,1626,1629,2294,2266,2293,1782,1739,1631,1791,1715,1735,1775,1728,1635,1809,1745,1726,1636,1642,1644,1647,1652,1768,1723,3147,1655,1658,1661,1773,1784,1765,1754,1752,1742,1718,1710,1700,1703,1697,1663,1668,1671,1675,1679,1681,1684,1694,1687,1691,2087,2187,2163,2076,1880],"product_tag":[],"acf":[],"gallery_images":[1989828,1989830,1989832,1989834,1989835,1989837,1989841,1989845,1989848],"_links":{"self":[{"href":"https:\/\/eu.tilta.com\/fr\/wp-json\/wp\/v2\/product\/1989725"}],"collection":[{"href":"https:\/\/eu.tilta.com\/fr\/wp-json\/wp\/v2\/product"}],"about":[{"href":"https:\/\/eu.tilta.com\/fr\/wp-json\/wp\/v2\/types\/product"}],"replies":[{"embeddable":true,"href":"https:\/\/eu.tilta.com\/fr\/wp-json\/wp\/v2\/comments?post=1989725"}],"wp:featuredmedia":[{"embeddable":true,"href":"https:\/\/eu.tilta.com\/fr\/wp-json\/wp\/v2\/media\/1989826"}],"wp:attachment":[{"href":"https:\/\/eu.tilta.com\/fr\/wp-json\/wp\/v2\/media?parent=1989725"}],"wp:term":[{"taxonomy":"product_cat","embeddable":true,"href":"https:\/\/eu.tilta.com\/fr\/wp-json\/wp\/v2\/product_cat?post=1989725"},{"taxonomy":"product_tag","embeddable":true,"href":"https:\/\/eu.tilta.com\/fr\/wp-json\/wp\/v2\/product_tag?post=1989725"}],"curies":[{"name":"wp","href":"https:\/\/api.w.org\/{rel}","templated":true}]}}