{"id":1989813,"date":"2022-12-29T20:33:14","date_gmt":"2022-12-29T19:33:14","guid":{"rendered":"https:\/\/de.tilta.com\/shop\/cage-de-protection-pour-insta360-x3\/"},"modified":"2026-04-30T10:01:14","modified_gmt":"2026-04-30T08:01:14","slug":"full-camera-cage-for-insta360-x3","status":"publish","type":"product","link":"https:\/\/eu.tilta.com\/fr\/shop\/full-camera-cage-for-insta360-x3\/","title":{"rendered":"Cage de protection pour Insta360 X3"},"content":{"rendered":"<p>Cette cage de cam\u00e9ra fournit une armure de protection pour l&#8217;Insta360 X3 et am\u00e9liore consid\u00e9rablement la fonctionnalit\u00e9 lors du montage et de l&#8217;utilisation du syst\u00e8me de cam\u00e9ra d&#8217;action.<\/p>\n<p>Cette cage offre de multiples options de montage pour divers accessoires tels que \u00bc&#8221;-20 avec des goupilles de positionnement et un r\u00e9cepteur \u00e0 sabot froid.<\/p>\n<p>La conception \u00e0 d\u00e9gagement rapide permet d&#8217;installer et d&#8217;enlever la cage rapidement, ce qui facilite l&#8217;acc\u00e8s au bo\u00eetier de l&#8217;appareil photo.<\/p>\n<p>Un support rotatif vous permet de poser l&#8217;appareil photo sur une surface plane sans rayer l&#8217;\u00e9l\u00e9ment avant de l&#8217;objectif sph\u00e9rique.<\/p>\n<p>La cage est dot\u00e9e d&#8217;un rembourrage absorbant les chocs qui aide \u00e0 stabiliser le syst\u00e8me et fournit une protection suppl\u00e9mentaire.<\/p>\n<p>La cage offre \u00e9galement un acc\u00e8s facile \u00e0 tous les boutons de l&#8217;utilisateur et au compartiment de la batterie, ce qui facilite le remplacement de celle-ci.<\/p>\n","protected":false},"excerpt":{"rendered":"<p>Cette cage de cam\u00e9ra fournit une armure de protection pour l&#8217;Insta360 X3 et am\u00e9liore consid\u00e9rablement la fonctionnalit\u00e9 lors du montage et de l&#8217;utilisation du syst\u00e8me de cam\u00e9ra d&#8217;action. Cette cage offre de multiples options de montage pour divers accessoires tels [&hellip;]<\/p>\n","protected":false},"featured_media":1989840,"comment_status":"closed","ping_status":"closed","template":"","meta":[],"product_cat":[2065],"product_tag":[],"acf":[],"gallery_images":[1989843,1989847,1989850,1989853],"_links":{"self":[{"href":"https:\/\/eu.tilta.com\/fr\/wp-json\/wp\/v2\/product\/1989813"}],"collection":[{"href":"https:\/\/eu.tilta.com\/fr\/wp-json\/wp\/v2\/product"}],"about":[{"href":"https:\/\/eu.tilta.com\/fr\/wp-json\/wp\/v2\/types\/product"}],"replies":[{"embeddable":true,"href":"https:\/\/eu.tilta.com\/fr\/wp-json\/wp\/v2\/comments?post=1989813"}],"wp:featuredmedia":[{"embeddable":true,"href":"https:\/\/eu.tilta.com\/fr\/wp-json\/wp\/v2\/media\/1989840"}],"wp:attachment":[{"href":"https:\/\/eu.tilta.com\/fr\/wp-json\/wp\/v2\/media?parent=1989813"}],"wp:term":[{"taxonomy":"product_cat","embeddable":true,"href":"https:\/\/eu.tilta.com\/fr\/wp-json\/wp\/v2\/product_cat?post=1989813"},{"taxonomy":"product_tag","embeddable":true,"href":"https:\/\/eu.tilta.com\/fr\/wp-json\/wp\/v2\/product_tag?post=1989813"}],"curies":[{"name":"wp","href":"https:\/\/api.w.org\/{rel}","templated":true}]}}