{"id":1989874,"date":"2022-12-13T16:19:10","date_gmt":"2022-12-13T15:19:10","guid":{"rendered":"https:\/\/de.tilta.com\/shop\/anneau-de-prehension-basic-grip-plus-pour-dji-ronin\/"},"modified":"2025-12-05T12:47:53","modified_gmt":"2025-12-05T11:47:53","slug":"basic-ring-grip-plus-for-dji-ronin","status":"publish","type":"product","link":"https:\/\/eu.tilta.com\/fr\/shop\/basic-ring-grip-plus-for-dji-ronin\/","title":{"rendered":"Anneau de pr\u00e9hension Basic Grip Plus pour DJI Ronin"},"content":{"rendered":"<p class=\"lead\">Le Basic Ring Grip Plus est le syst\u00e8me de support le plus \u00e9conomique pour les cardans DJI RS2, RS3\/3 Pro et RS4\/4 Pro.<\/p>\n<p>Cette version am\u00e9lior\u00e9e de la poign\u00e9e annulaire de base prend en charge tous les accessoires des versions pr\u00e9c\u00e9dentes, y compris la <a href=\"https:\/\/de.tilta.com\/shop\/rs-2-remote-control-handle-for-advanced-ring-grip\/#\">t\u00e9l\u00e9commande<\/a> et les poign\u00e9es \u00e0 <a href=\"https:\/\/de.tilta.com\/shop\/dual-channel-wireless-lens-control-handle-for-advanced-ring-grip\/\">double canal<\/a>.<\/p>\n<p>Utilisant un nouvel alliage d&#8217;aluminium et de magn\u00e9sium, le Basic Ring Grip Plus am\u00e9liore le mod\u00e8le pr\u00e9c\u00e9dent avec un poids l\u00e9g\u00e8rement plus l\u00e9ger et une durabilit\u00e9 accrue.<\/p>\n<p>La poign\u00e9e Basic Ring Grip Plus pr\u00e9sente les m\u00eames points de contact que nos autres mod\u00e8les, ce qui signifie que vous pouvez utiliser les plaques de batterie Gold ou V-Mount pour alimenter votre gimbal et vos accessoires plus longtemps.<\/p>\n<p>Vous pouvez \u00e9galement utiliser notre module d&#8217;alimentation qui offre des options de montage et d&#8217;alimentation pratiques pour des accessoires tels que des moniteurs externes ou des transmetteurs vid\u00e9o sans fil.<\/p>\n<p>Nos syst\u00e8mes Ring Grip offrent une stabilit\u00e9 accrue par rapport \u00e0 une utilisation manuelle normale en utilisant plusieurs points de contact gr\u00e2ce aux deux poign\u00e9es m\u00e9caniques incluses.<\/p>\n<p>Comme pour les versions pr\u00e9c\u00e9dentes, cela vous permet \u00e9galement de transformer la poign\u00e9e de batterie du cardan en poign\u00e9e sup\u00e9rieure afin de passer rapidement \u00e0 des prises de vue en contre-plong\u00e9e tout en fournissant une puissance suppl\u00e9mentaire \u00e0 votre cardan.<\/p>\n<p>Une b\u00e9quille int\u00e9gr\u00e9e vous permet de poser facilement la rotule entre deux prises de vue.<\/p>\n","protected":false},"excerpt":{"rendered":"<p>Le Basic Ring Grip Plus est le syst\u00e8me de support le plus \u00e9conomique pour les cardans DJI RS2, RS3\/3 Pro et RS4\/4 Pro. Cette version am\u00e9lior\u00e9e de la poign\u00e9e annulaire de base prend en charge tous les accessoires des versions [&hellip;]<\/p>\n","protected":false},"featured_media":1989910,"comment_status":"closed","ping_status":"closed","template":"","meta":[],"product_cat":[2290],"product_tag":[],"acf":[],"gallery_images":[1989914,1989916,1989920,1989924,1989601,1989624,1989627],"_links":{"self":[{"href":"https:\/\/eu.tilta.com\/fr\/wp-json\/wp\/v2\/product\/1989874"}],"collection":[{"href":"https:\/\/eu.tilta.com\/fr\/wp-json\/wp\/v2\/product"}],"about":[{"href":"https:\/\/eu.tilta.com\/fr\/wp-json\/wp\/v2\/types\/product"}],"replies":[{"embeddable":true,"href":"https:\/\/eu.tilta.com\/fr\/wp-json\/wp\/v2\/comments?post=1989874"}],"wp:featuredmedia":[{"embeddable":true,"href":"https:\/\/eu.tilta.com\/fr\/wp-json\/wp\/v2\/media\/1989910"}],"wp:attachment":[{"href":"https:\/\/eu.tilta.com\/fr\/wp-json\/wp\/v2\/media?parent=1989874"}],"wp:term":[{"taxonomy":"product_cat","embeddable":true,"href":"https:\/\/eu.tilta.com\/fr\/wp-json\/wp\/v2\/product_cat?post=1989874"},{"taxonomy":"product_tag","embeddable":true,"href":"https:\/\/eu.tilta.com\/fr\/wp-json\/wp\/v2\/product_tag?post=1989874"}],"curies":[{"name":"wp","href":"https:\/\/api.w.org\/{rel}","templated":true}]}}