{"id":1989940,"date":"2022-12-28T10:23:53","date_gmt":"2022-12-28T09:23:53","guid":{"rendered":"https:\/\/de.tilta.com\/shop\/adaptateur-15-mm-entre-le-support-de-canne-et-lotan-noir\/"},"modified":"2026-03-09T04:54:56","modified_gmt":"2026-03-09T03:54:56","slug":"15mm-rod-holder-to-nato-adapter-black","status":"publish","type":"product","link":"https:\/\/eu.tilta.com\/fr\/shop\/15mm-rod-holder-to-nato-adapter-black\/","title":{"rendered":"Adaptateur 15 mm entre le support de canne et l&#8217;OTAN &#8211; Noir"},"content":{"rendered":"<div class=\"overview-text\">\n<p>Ce support de canne \u00e0 p\u00eache de 15 mm est l&#8217;option id\u00e9ale pour fixer en toute s\u00e9curit\u00e9 des accessoires \u00e0 canne \u00e0 p\u00eache plus lourds \u00e0 votre syst\u00e8me de cam\u00e9ra via l&#8217;une de nos demi-cages ou cages de cam\u00e9ra compl\u00e8tes dot\u00e9es d&#8217;un rail OTAN.<\/p>\n<p>Cette variante sp\u00e9cifique se monte via un rail NATO qui emp\u00eache la tige de tourner et supporte des accessoires plus lourds tels que des moteurs de suivi de mise au point sans fil de plus grande taille.<\/p>\n<p>Cette conception permet principalement de monter ce porte-canne sur le c\u00f4t\u00e9 de la plupart des cages, mais il peut \u00e9galement \u00eatre mont\u00e9 sur le dessus des cages de cam\u00e9ra gr\u00e2ce \u00e0 des rails NATO suppl\u00e9mentaires.<\/p>\n<p>Il s&#8217;agit donc d&#8217;une solution l\u00e9g\u00e8re parfaite pour le montage d&#8217;accessoires sur tige qui ne peuvent traditionnellement pas \u00eatre mont\u00e9s sur une seule tige.<\/p>\n<\/div>\n","protected":false},"excerpt":{"rendered":"<p>Ce support de canne \u00e0 p\u00eache de 15 mm est l&#8217;option id\u00e9ale pour fixer en toute s\u00e9curit\u00e9 des accessoires \u00e0 canne \u00e0 p\u00eache plus lourds \u00e0 votre syst\u00e8me de cam\u00e9ra via l&#8217;une de nos demi-cages ou cages de cam\u00e9ra compl\u00e8tes [&hellip;]<\/p>\n","protected":false},"featured_media":1989960,"comment_status":"closed","ping_status":"closed","template":"","meta":[],"product_cat":[3252,1811,1757,1748,1782,1791,1775,1745,1768,1784,1765,1754,1752,1780,2094,2092],"product_tag":[],"acf":[],"gallery_images":[1989961,1989963],"_links":{"self":[{"href":"https:\/\/eu.tilta.com\/fr\/wp-json\/wp\/v2\/product\/1989940"}],"collection":[{"href":"https:\/\/eu.tilta.com\/fr\/wp-json\/wp\/v2\/product"}],"about":[{"href":"https:\/\/eu.tilta.com\/fr\/wp-json\/wp\/v2\/types\/product"}],"replies":[{"embeddable":true,"href":"https:\/\/eu.tilta.com\/fr\/wp-json\/wp\/v2\/comments?post=1989940"}],"wp:featuredmedia":[{"embeddable":true,"href":"https:\/\/eu.tilta.com\/fr\/wp-json\/wp\/v2\/media\/1989960"}],"wp:attachment":[{"href":"https:\/\/eu.tilta.com\/fr\/wp-json\/wp\/v2\/media?parent=1989940"}],"wp:term":[{"taxonomy":"product_cat","embeddable":true,"href":"https:\/\/eu.tilta.com\/fr\/wp-json\/wp\/v2\/product_cat?post=1989940"},{"taxonomy":"product_tag","embeddable":true,"href":"https:\/\/eu.tilta.com\/fr\/wp-json\/wp\/v2\/product_tag?post=1989940"}],"curies":[{"name":"wp","href":"https:\/\/api.w.org\/{rel}","templated":true}]}}