{"id":1990009,"date":"2022-12-28T10:07:42","date_gmt":"2022-12-28T09:07:42","guid":{"rendered":"https:\/\/de.tilta.com\/shop\/adaptateur-15mm-pour-support-de-canne-a-peche-vers-1-4-20-montage-frontal-noir\/"},"modified":"2025-12-05T12:48:10","modified_gmt":"2025-12-05T11:48:10","slug":"15mm-rod-holder-to-1-4-20-adapter-front-mounted-black","status":"publish","type":"product","link":"https:\/\/eu.tilta.com\/fr\/shop\/15mm-rod-holder-to-1-4-20-adapter-front-mounted-black\/","title":{"rendered":"Adaptateur 15mm pour support de canne \u00e0 p\u00eache vers 1\/4&#8243;-20 (montage frontal) &#8211; Noir"},"content":{"rendered":"<div class=\"overview-text\">\n<div class=\"overview-text\">\n<p>Ce support de canne \u00e0 p\u00eache de 15 mm est l&#8217;option parfaite pour monter des accessoires \u00e0 canne \u00e0 p\u00eache sur votre syst\u00e8me de cam\u00e9ra via l&#8217;une de nos demi-cages ou cages de cam\u00e9ra compl\u00e8tes.<\/p>\n<p>Cette variante sp\u00e9cifique se monte \u00e0 l&#8217;aide d&#8217;une vis 1\/4\u2033-20 et utilise une goupille de positionnement qui emp\u00eache la tige de tourner lors de l&#8217;utilisation d&#8217;accessoires tels que les moteurs de suivi de la mise au point sans fil.<\/p>\n<p>Cette conception permet de monter ce support de canne \u00e0 p\u00eache \u00e0 l&#8217;avant d&#8217;une cage, ce qui permet \u00e0 la canne \u00e0 p\u00eache d&#8217;\u00eatre plus proche de l&#8217;objectif qu&#8217;elle ne pourrait l&#8217;\u00eatre avec des plaques de base traditionnelles.<\/p>\n<p>Il s&#8217;agit donc de la solution id\u00e9ale pour monter des syst\u00e8mes de suivi de la mise au point bas\u00e9s sur une tige unique sur des objectifs compacts.<\/p>\n<\/div>\n<\/div>\n","protected":false},"excerpt":{"rendered":"<p>Ce support de canne \u00e0 p\u00eache de 15 mm est l&#8217;option parfaite pour monter des accessoires \u00e0 canne \u00e0 p\u00eache sur votre syst\u00e8me de cam\u00e9ra via l&#8217;une de nos demi-cages ou cages de cam\u00e9ra compl\u00e8tes. Cette variante sp\u00e9cifique se monte [&hellip;]<\/p>\n","protected":false},"featured_media":1990010,"comment_status":"closed","ping_status":"closed","template":"","meta":[],"product_cat":[3252,1757,1748,1782,1791,1775,1745,1768,1784,1765,1754,1752,1780,2094,2092],"product_tag":[],"acf":[],"gallery_images":[1936841,1936791],"_links":{"self":[{"href":"https:\/\/eu.tilta.com\/fr\/wp-json\/wp\/v2\/product\/1990009"}],"collection":[{"href":"https:\/\/eu.tilta.com\/fr\/wp-json\/wp\/v2\/product"}],"about":[{"href":"https:\/\/eu.tilta.com\/fr\/wp-json\/wp\/v2\/types\/product"}],"replies":[{"embeddable":true,"href":"https:\/\/eu.tilta.com\/fr\/wp-json\/wp\/v2\/comments?post=1990009"}],"wp:featuredmedia":[{"embeddable":true,"href":"https:\/\/eu.tilta.com\/fr\/wp-json\/wp\/v2\/media\/1990010"}],"wp:attachment":[{"href":"https:\/\/eu.tilta.com\/fr\/wp-json\/wp\/v2\/media?parent=1990009"}],"wp:term":[{"taxonomy":"product_cat","embeddable":true,"href":"https:\/\/eu.tilta.com\/fr\/wp-json\/wp\/v2\/product_cat?post=1990009"},{"taxonomy":"product_tag","embeddable":true,"href":"https:\/\/eu.tilta.com\/fr\/wp-json\/wp\/v2\/product_tag?post=1990009"}],"curies":[{"name":"wp","href":"https:\/\/api.w.org\/{rel}","templated":true}]}}